{"id":705,"date":"2024-03-14T21:18:49","date_gmt":"2024-03-14T21:18:49","guid":{"rendered":"https:\/\/beditom.pl\/?page_id=705"},"modified":"2026-03-23T08:14:26","modified_gmt":"2026-03-23T07:14:26","slug":"bramy-garazowe-oneline","status":"publish","type":"page","link":"https:\/\/beditom.pl\/de\/dla-domu\/bramy-garazowe\/bramy-garazowe-oneline\/","title":{"rendered":"Oneline"},"content":{"rendered":"<section class=\"l-section wpb_row height_medium width_custom color_primary\" style=\"--site-content-width:1320px;\"><div class=\"l-section-h i-cf\"><div class=\"g-cols vc_row via_grid cols_1-4-1 laptops-cols_inherit tablets-cols_inherit mobiles-cols_1 valign_top type_default stacking_default\"><div class=\"wpb_column vc_column_container\"><div class=\"vc_column-inner\"><\/div><\/div><div class=\"wpb_column vc_column_container\"><div class=\"vc_column-inner\"><div class=\"w-html us_custom_b011e678 has_text_color\"><p>ONELINE<\/p><\/div><\/div><\/div><div class=\"wpb_column vc_column_container\"><div class=\"vc_column-inner\"><\/div><\/div><\/div><\/div><\/section><section class=\"l-section wpb_row us_custom_e29345e3 height_medium width_custom\" style=\"--site-content-width:1320px;\"><div class=\"l-section-h i-cf\"><div class=\"g-cols vc_row via_grid cols_1 laptops-cols_inherit tablets-cols_inherit mobiles-cols_1 valign_top type_default stacking_default\"><div class=\"wpb_column vc_column_container\"><div class=\"vc_column-inner\"><nav class=\"g-breadcrumbs us_custom_fdcab3db separator_icon align_none hide_current\" itemscope itemtype=\"http:\/\/schema.org\/BreadcrumbList\"><div class=\"g-breadcrumbs-item\" itemscope itemprop=\"itemListElement\" itemtype=\"http:\/\/schema.org\/ListItem\"><a itemprop=\"item\" href=\"https:\/\/beditom.pl\/de\/\"><span itemprop=\"name\">Startseite<\/span><\/a><meta itemprop=\"position\" content=\"1\"\/><\/div><div class=\"g-breadcrumbs-separator\"><i class=\"far fa-angle-right\"><\/i><\/div><div class=\"g-breadcrumbs-item\">Seiten<\/div><\/nav><\/div><\/div><\/div><\/div><\/section>\n<section class=\"l-section wpb_row height_medium width_custom\" style=\"--site-content-width:1320px;\"><div class=\"l-section-h i-cf\"><div class=\"g-cols vc_row via_grid cols_2 laptops-cols_inherit tablets-cols_inherit mobiles-cols_1 valign_top type_default stacking_default\"><div class=\"wpb_column vc_column_container\"><div class=\"vc_column-inner\"><div class=\"w-html us_custom_ecd4848b has_text_color\"><p>PRODUKTBEZEICHNUNG<\/p><\/div><div class=\"w-html us_custom_9ebf969f\"><p>Oneline\n<\/p><\/div><div class=\"wpb_text_column\"><div class=\"wpb_wrapper\"><p>Oneline-Tore mit breiter Pr\u00e4gung sind eine gute Wahl f\u00fcr H\u00e4user, die sowohl modern als auch traditionell aussehen. Bei der Gestaltung eines Oneline-Tores erreichen Sie immer die perfekte Komposition.<\/p>\n<ul>\n<li>T\u00fcrblatt aus Stahlpaneelen mit einem Isolierkern aus FCKW-freiem Polyurethanschaum<\/li>\n<li>horizontale Pr\u00e4gung, ca. 25 cm oder 30 cm breit<\/li>\n<li>T\u00fcrst\u00e4rke 40 mm<\/li>\n<li>Paneele mit Fingerklemmschutz<\/li>\n<li>T\u00fcrkonstruktionselemente aus 1,5 mm starken feuerverzinkten Stahlblechen<\/li>\n<li>T\u00fcrwaage ausgelegt f\u00fcr min. 25.000 Zyklen mit der M\u00f6glichkeit der Erh\u00f6hung<\/li>\n<li>Schutz gegen unkontrolliertes Herunterfallen der T\u00fcr bei Federbruch<\/li>\n<li>Online-Gates sind in manueller und automatischer Ausf\u00fchrung erh\u00e4ltlich<\/li>\n<\/ul>\n<p><img loading=\"lazy\" decoding=\"async\" class=\"aligncenter size-medium wp-image-3779\" src=\"https:\/\/beditom.pl\/app\/uploads\/2024\/07\/panel_z_szerokim_przetloczeniem-300x289.png\" alt=\"Beditom bramy gara\u017cowe\" width=\"300\" height=\"289\" srcset=\"https:\/\/beditom.pl\/app\/uploads\/2024\/07\/panel_z_szerokim_przetloczeniem-300x289.png 300w, https:\/\/beditom.pl\/app\/uploads\/2024\/07\/panel_z_szerokim_przetloczeniem-200x193.png 200w, https:\/\/beditom.pl\/app\/uploads\/2024\/07\/panel_z_szerokim_przetloczeniem.png 307w\" sizes=\"auto, (max-width: 300px) 100vw, 300px\" title=\"Beditom Garagen-Sektionaltore\"><\/p>\n<p style=\"text-align: center;\">Segmentplatte mit einer Pr\u00e4gung.<\/p>\n<\/div><\/div><\/div><\/div><div class=\"wpb_column vc_column_container\"><div class=\"vc_column-inner\"><div class=\"w-image align_center\"><div class=\"w-image-h\"><img decoding=\"async\" width=\"800\" height=\"782\" src=\"https:\/\/beditom.pl\/app\/uploads\/2024\/03\/render_garazowy_oneline.webp\" class=\"attachment-full size-full\" alt=\"Beditom bramy gara\u017cowe\" loading=\"lazy\" srcset=\"https:\/\/beditom.pl\/app\/uploads\/2024\/03\/render_garazowy_oneline.webp 800w, https:\/\/beditom.pl\/app\/uploads\/2024\/03\/render_garazowy_oneline-300x293.webp 300w, https:\/\/beditom.pl\/app\/uploads\/2024\/03\/render_garazowy_oneline-600x587.webp 600w\" sizes=\"auto, (max-width: 800px) 100vw, 800px\" title=\"Beditom Garagen-Sektionaltore\"><\/div><\/div><\/div><\/div><\/div><\/div><\/section><section class=\"l-section wpb_row height_auto width_custom\" style=\"--site-content-width:1320px;\"><div class=\"l-section-h i-cf\"><div class=\"g-cols vc_row via_grid cols_1 laptops-cols_inherit tablets-cols_inherit mobiles-cols_1 valign_top type_default stacking_default\"><div class=\"wpb_column vc_column_container\"><div class=\"vc_column-inner\"><div class=\"w-html us_custom_ecd4848b has_text_color\"><p>STRUKTUR UND F\u00c4RBUNG<\/p><\/div><\/div><\/div><\/div><\/div><\/section><section class=\"l-section wpb_row height_small width_custom\" style=\"--site-content-width:1320px;\"><div class=\"l-section-h i-cf\"><div class=\"g-cols vc_row via_grid cols_1-4 laptops-cols_inherit tablets-cols_inherit mobiles-cols_1 valign_top type_default stacking_default\"><div class=\"wpb_column vc_column_container\"><div class=\"vc_column-inner\"><div class=\"wpb_text_column\"><div class=\"wpb_wrapper\"><p style=\"text-align: center;\">Glatte Struktur<\/p>\n<\/div><\/div><div class=\"w-image style_circle align_center\"><div class=\"w-image-h\"><img decoding=\"async\" width=\"175\" height=\"175\" src=\"https:\/\/beditom.pl\/app\/uploads\/2024\/03\/struktura_galadka.jpg\" class=\"attachment-us_200_200 size-us_200_200\" alt=\"Beditom bramy gara\u017cowe\" loading=\"eager\" srcset=\"https:\/\/beditom.pl\/app\/uploads\/2024\/03\/struktura_galadka.jpg 175w, https:\/\/beditom.pl\/app\/uploads\/2024\/03\/struktura_galadka-150x150.jpg 150w, https:\/\/beditom.pl\/app\/uploads\/2024\/03\/struktura_galadka-50x50.jpg 50w\" sizes=\"(max-width: 175px) 100vw, 175px\" title=\"Beditom Garagen-Sektionaltore\"><\/div><\/div><\/div><\/div><div class=\"wpb_column vc_column_container\"><div class=\"vc_column-inner\"><div class=\"w-gallery fit_cover type_grid ratio_1x1 count_5\" style=\"--columns:6;--items-gap:10px;\"><div class=\"w-gallery-list\"><div class=\"w-gallery-item\"><div class=\"w-gallery-item-img\"><img loading=\"lazy\" decoding=\"async\" width=\"294\" height=\"300\" src=\"https:\/\/beditom.pl\/app\/uploads\/2024\/07\/9010-294x300.webp\" class=\"attachment-medium size-medium\" alt=\"Beditom bramy gara\u017cowe\" srcset=\"https:\/\/beditom.pl\/app\/uploads\/2024\/07\/9010-294x300.webp 294w, https:\/\/beditom.pl\/app\/uploads\/2024\/07\/9010-196x200.webp 196w, https:\/\/beditom.pl\/app\/uploads\/2024\/07\/9010.webp 897w\" sizes=\"auto, (max-width: 294px) 100vw, 294px\" title=\"Beditom Garagen-Sektionaltore\"><\/div><\/div><div class=\"w-gallery-item\"><div class=\"w-gallery-item-img\"><img loading=\"lazy\" decoding=\"async\" width=\"294\" height=\"300\" src=\"https:\/\/beditom.pl\/app\/uploads\/2024\/07\/ZLOTY-DAB-294x300.webp\" class=\"attachment-medium size-medium\" alt=\"Beditom bramy gara\u017cowe\" srcset=\"https:\/\/beditom.pl\/app\/uploads\/2024\/07\/ZLOTY-DAB-294x300.webp 294w, https:\/\/beditom.pl\/app\/uploads\/2024\/07\/ZLOTY-DAB-196x200.webp 196w, https:\/\/beditom.pl\/app\/uploads\/2024\/07\/ZLOTY-DAB.webp 897w\" sizes=\"auto, (max-width: 294px) 100vw, 294px\" title=\"Beditom Garagen-Sektionaltore\"><\/div><\/div><div class=\"w-gallery-item\"><div class=\"w-gallery-item-img\"><img loading=\"lazy\" decoding=\"async\" width=\"294\" height=\"300\" src=\"https:\/\/beditom.pl\/app\/uploads\/2024\/07\/ORZECH--294x300.webp\" class=\"attachment-medium size-medium\" alt=\"Beditom bramy gara\u017cowe\" srcset=\"https:\/\/beditom.pl\/app\/uploads\/2024\/07\/ORZECH--294x300.webp 294w, https:\/\/beditom.pl\/app\/uploads\/2024\/07\/ORZECH--196x200.webp 196w, https:\/\/beditom.pl\/app\/uploads\/2024\/07\/ORZECH-.webp 897w\" sizes=\"auto, (max-width: 294px) 100vw, 294px\" title=\"Beditom Garagen-Sektionaltore\"><\/div><\/div><div class=\"w-gallery-item\"><div class=\"w-gallery-item-img\"><img loading=\"lazy\" decoding=\"async\" width=\"300\" height=\"300\" src=\"https:\/\/beditom.pl\/app\/uploads\/2024\/07\/7016-300x300.webp\" class=\"attachment-medium size-medium\" alt=\"Beditom bramy gara\u017cowe\" srcset=\"https:\/\/beditom.pl\/app\/uploads\/2024\/07\/7016-300x300.webp 300w, https:\/\/beditom.pl\/app\/uploads\/2024\/07\/7016-150x150.webp 150w, https:\/\/beditom.pl\/app\/uploads\/2024\/07\/7016-200x200.webp 200w, https:\/\/beditom.pl\/app\/uploads\/2024\/07\/7016.webp 1000w\" sizes=\"auto, (max-width: 300px) 100vw, 300px\" title=\"Beditom Garagen-Sektionaltore\"><\/div><\/div><div class=\"w-gallery-item\"><div class=\"w-gallery-item-img\"><img loading=\"lazy\" decoding=\"async\" width=\"300\" height=\"297\" src=\"https:\/\/beditom.pl\/app\/uploads\/2024\/07\/RAL_wachlarz_-300x297.jpg\" class=\"attachment-medium size-medium\" alt=\"Wachlarz kolor\u00f3w palety RAL\" srcset=\"https:\/\/beditom.pl\/app\/uploads\/2024\/07\/RAL_wachlarz_-300x297.jpg 300w, https:\/\/beditom.pl\/app\/uploads\/2024\/07\/RAL_wachlarz_-150x150.jpg 150w, https:\/\/beditom.pl\/app\/uploads\/2024\/07\/RAL_wachlarz_-200x198.jpg 200w, https:\/\/beditom.pl\/app\/uploads\/2024\/07\/RAL_wachlarz_.jpg 950w\" sizes=\"auto, (max-width: 300px) 100vw, 300px\" title=\"Beditom Garagen-Sektionaltore\"><\/div><\/div><\/div><\/div><\/div><\/div><\/div><\/div><\/section><section class=\"l-section wpb_row height_small width_custom\" style=\"--site-content-width:1320px;\"><div class=\"l-section-h i-cf\"><div class=\"g-cols vc_row via_grid cols_1-4 laptops-cols_inherit tablets-cols_inherit mobiles-cols_1 valign_top type_default stacking_default\"><div class=\"wpb_column vc_column_container\"><div class=\"vc_column-inner\"><div class=\"wpb_text_column\"><div class=\"wpb_wrapper\"><p style=\"text-align: center;\">Holzmaserungsstruktur<\/p>\n<\/div><\/div><div class=\"w-image style_circle align_center\"><div class=\"w-image-h\"><img decoding=\"async\" width=\"200\" height=\"193\" src=\"https:\/\/beditom.pl\/app\/uploads\/2024\/07\/struktura_woodgrain-200x193.png\" class=\"attachment-us_200_200 size-us_200_200\" alt=\"Beditom bramy gara\u017cowe\" loading=\"eager\" srcset=\"https:\/\/beditom.pl\/app\/uploads\/2024\/07\/struktura_woodgrain-200x193.png 200w, https:\/\/beditom.pl\/app\/uploads\/2024\/07\/struktura_woodgrain-300x289.png 300w, https:\/\/beditom.pl\/app\/uploads\/2024\/07\/struktura_woodgrain.png 307w\" sizes=\"(max-width: 200px) 100vw, 200px\" title=\"Beditom Garagen-Sektionaltore\"><\/div><\/div><\/div><\/div><div class=\"wpb_column vc_column_container\"><div class=\"vc_column-inner\"><div class=\"w-gallery fit_cover type_grid ratio_1x1 count_2\" style=\"--columns:6;--items-gap:10px;\"><div class=\"w-gallery-list\"><div class=\"w-gallery-item\"><div class=\"w-gallery-item-img\"><img loading=\"lazy\" decoding=\"async\" width=\"300\" height=\"300\" src=\"https:\/\/beditom.pl\/app\/uploads\/2024\/07\/7016-300x300.webp\" class=\"attachment-medium size-medium\" alt=\"Beditom bramy gara\u017cowe\" srcset=\"https:\/\/beditom.pl\/app\/uploads\/2024\/07\/7016-300x300.webp 300w, https:\/\/beditom.pl\/app\/uploads\/2024\/07\/7016-150x150.webp 150w, https:\/\/beditom.pl\/app\/uploads\/2024\/07\/7016-200x200.webp 200w, https:\/\/beditom.pl\/app\/uploads\/2024\/07\/7016.webp 1000w\" sizes=\"auto, (max-width: 300px) 100vw, 300px\" title=\"Beditom Garagen-Sektionaltore\"><\/div><\/div><div class=\"w-gallery-item\"><div class=\"w-gallery-item-img\"><img loading=\"lazy\" decoding=\"async\" width=\"300\" height=\"297\" src=\"https:\/\/beditom.pl\/app\/uploads\/2024\/07\/RAL_wachlarz_-300x297.jpg\" class=\"attachment-medium size-medium\" alt=\"Wachlarz kolor\u00f3w palety RAL\" srcset=\"https:\/\/beditom.pl\/app\/uploads\/2024\/07\/RAL_wachlarz_-300x297.jpg 300w, https:\/\/beditom.pl\/app\/uploads\/2024\/07\/RAL_wachlarz_-150x150.jpg 150w, https:\/\/beditom.pl\/app\/uploads\/2024\/07\/RAL_wachlarz_-200x198.jpg 200w, https:\/\/beditom.pl\/app\/uploads\/2024\/07\/RAL_wachlarz_.jpg 950w\" sizes=\"auto, (max-width: 300px) 100vw, 300px\" title=\"Beditom Garagen-Sektionaltore\"><\/div><\/div><\/div><\/div><\/div><\/div><\/div><\/div><\/section><section class=\"l-section wpb_row height_auto width_custom\" style=\"--site-content-width:1320px;\"><div class=\"l-section-h i-cf\"><div class=\"g-cols vc_row via_grid cols_1 laptops-cols_inherit tablets-cols_inherit mobiles-cols_1 valign_top type_default stacking_default\"><div class=\"wpb_column vc_column_container\"><div class=\"vc_column-inner\"><div class=\"w-html us_custom_ecd4848b has_text_color\"><p>LEISTUNGSOPTIONEN<\/p><\/div><div class=\"w-hwrapper valign_top align_center\"><div class=\"w-image align_center meta_simple\"><div class=\"w-image-h\"><img decoding=\"async\" width=\"300\" height=\"264\" src=\"https:\/\/beditom.pl\/app\/uploads\/2024\/05\/Zrzut-ekranu-2024-05-21-o-11.48.11-300x264.png\" class=\"attachment-medium size-medium\" alt=\"Beditom bramy gara\u017cowe\" loading=\"lazy\" srcset=\"https:\/\/beditom.pl\/app\/uploads\/2024\/05\/Zrzut-ekranu-2024-05-21-o-11.48.11-300x264.png 300w, https:\/\/beditom.pl\/app\/uploads\/2024\/05\/Zrzut-ekranu-2024-05-21-o-11.48.11-1024x900.png 1024w, https:\/\/beditom.pl\/app\/uploads\/2024\/05\/Zrzut-ekranu-2024-05-21-o-11.48.11-200x176.png 200w, https:\/\/beditom.pl\/app\/uploads\/2024\/05\/Zrzut-ekranu-2024-05-21-o-11.48.11.png 1556w\" sizes=\"auto, (max-width: 300px) 100vw, 300px\" title=\"Beditom Garagen-Sektionaltore\"><\/div><div class=\"w-image-meta\"><div class=\"w-image-title\">ALUDOOR Aluminium-Paneel<\/div><\/div><\/div><div class=\"w-image align_center meta_simple\"><div class=\"w-image-h\"><img decoding=\"async\" width=\"300\" height=\"264\" src=\"https:\/\/beditom.pl\/app\/uploads\/2024\/05\/Zrzut-ekranu-2024-05-21-o-11.48.22-300x264.png\" class=\"attachment-medium size-medium\" alt=\"Beditom bramy gara\u017cowe\" loading=\"lazy\" srcset=\"https:\/\/beditom.pl\/app\/uploads\/2024\/05\/Zrzut-ekranu-2024-05-21-o-11.48.22-300x264.png 300w, https:\/\/beditom.pl\/app\/uploads\/2024\/05\/Zrzut-ekranu-2024-05-21-o-11.48.22-1024x901.png 1024w, https:\/\/beditom.pl\/app\/uploads\/2024\/05\/Zrzut-ekranu-2024-05-21-o-11.48.22-200x176.png 200w, https:\/\/beditom.pl\/app\/uploads\/2024\/05\/Zrzut-ekranu-2024-05-21-o-11.48.22.png 1548w\" sizes=\"auto, (max-width: 300px) 100vw, 300px\" title=\"Beditom Garagen-Sektionaltore\"><\/div><div class=\"w-image-meta\"><div class=\"w-image-title\">P3 430x770mm Fenster<\/div><\/div><\/div><div class=\"w-image align_center meta_simple\"><div class=\"w-image-h\"><img decoding=\"async\" width=\"300\" height=\"263\" src=\"https:\/\/beditom.pl\/app\/uploads\/2024\/05\/Zrzut-ekranu-2024-05-21-o-11.48.32-300x263.png\" class=\"attachment-medium size-medium\" alt=\"Beditom bramy gara\u017cowe\" loading=\"lazy\" srcset=\"https:\/\/beditom.pl\/app\/uploads\/2024\/05\/Zrzut-ekranu-2024-05-21-o-11.48.32-300x263.png 300w, https:\/\/beditom.pl\/app\/uploads\/2024\/05\/Zrzut-ekranu-2024-05-21-o-11.48.32-1024x896.png 1024w, https:\/\/beditom.pl\/app\/uploads\/2024\/05\/Zrzut-ekranu-2024-05-21-o-11.48.32-200x175.png 200w, https:\/\/beditom.pl\/app\/uploads\/2024\/05\/Zrzut-ekranu-2024-05-21-o-11.48.32.png 1558w\" sizes=\"auto, (max-width: 300px) 100vw, 300px\" title=\"Beditom Garagen-Sektionaltore\"><\/div><div class=\"w-image-meta\"><div class=\"w-image-title\">P2 Fenster 336x640mm mit Servicet\u00fcr<\/div><\/div><\/div><div class=\"w-image align_center meta_simple\"><div class=\"w-image-h\"><img decoding=\"async\" width=\"300\" height=\"264\" src=\"https:\/\/beditom.pl\/app\/uploads\/2024\/05\/Zrzut-ekranu-2024-05-21-o-11.48.41-300x264.png\" class=\"attachment-medium size-medium\" alt=\"Beditom bramy gara\u017cowe\" loading=\"lazy\" srcset=\"https:\/\/beditom.pl\/app\/uploads\/2024\/05\/Zrzut-ekranu-2024-05-21-o-11.48.41-300x264.png 300w, https:\/\/beditom.pl\/app\/uploads\/2024\/05\/Zrzut-ekranu-2024-05-21-o-11.48.41-1024x901.png 1024w, https:\/\/beditom.pl\/app\/uploads\/2024\/05\/Zrzut-ekranu-2024-05-21-o-11.48.41-200x176.png 200w, https:\/\/beditom.pl\/app\/uploads\/2024\/05\/Zrzut-ekranu-2024-05-21-o-11.48.41.png 1552w\" sizes=\"auto, (max-width: 300px) 100vw, 300px\" title=\"Beditom Garagen-Sektionaltore\"><\/div><div class=\"w-image-meta\"><div class=\"w-image-title\">P1 Fenster 203x610mm<\/div><\/div><\/div><\/div><\/div><\/div><\/div><\/div><\/section>","protected":false},"excerpt":{"rendered":"","protected":false},"author":1,"featured_media":706,"parent":598,"menu_order":0,"comment_status":"closed","ping_status":"closed","template":"","meta":{"_acf_changed":false,"footnotes":""},"class_list":["post-705","page","type-page","status-publish","has-post-thumbnail","hentry"],"acf":[],"_links":{"self":[{"href":"https:\/\/beditom.pl\/de\/wp-json\/wp\/v2\/pages\/705","targetHints":{"allow":["GET"]}}],"collection":[{"href":"https:\/\/beditom.pl\/de\/wp-json\/wp\/v2\/pages"}],"about":[{"href":"https:\/\/beditom.pl\/de\/wp-json\/wp\/v2\/types\/page"}],"author":[{"embeddable":true,"href":"https:\/\/beditom.pl\/de\/wp-json\/wp\/v2\/users\/1"}],"replies":[{"embeddable":true,"href":"https:\/\/beditom.pl\/de\/wp-json\/wp\/v2\/comments?post=705"}],"version-history":[{"count":45,"href":"https:\/\/beditom.pl\/de\/wp-json\/wp\/v2\/pages\/705\/revisions"}],"predecessor-version":[{"id":5086,"href":"https:\/\/beditom.pl\/de\/wp-json\/wp\/v2\/pages\/705\/revisions\/5086"}],"up":[{"embeddable":true,"href":"https:\/\/beditom.pl\/de\/wp-json\/wp\/v2\/pages\/598"}],"wp:featuredmedia":[{"embeddable":true,"href":"https:\/\/beditom.pl\/de\/wp-json\/wp\/v2\/media\/706"}],"wp:attachment":[{"href":"https:\/\/beditom.pl\/de\/wp-json\/wp\/v2\/media?parent=705"}],"curies":[{"name":"wp","href":"https:\/\/api.w.org\/{rel}","templated":true}]}}