{"id":3106,"date":"2024-05-27T06:55:44","date_gmt":"2024-05-27T06:55:44","guid":{"rendered":"https:\/\/beditom.pl\/?page_id=3106"},"modified":"2024-06-12T18:18:44","modified_gmt":"2024-06-12T18:18:44","slug":"akcesoria","status":"publish","type":"page","link":"https:\/\/beditom.pl\/de\/dla-przemyslu\/bramy-przemyslowe-automatyka\/akcesoria\/","title":{"rendered":"ZUBEH\u00d6R"},"content":{"rendered":"<section class=\"l-section wpb_row height_medium width_custom color_primary\" style=\"--site-content-width:1320px;\"><div class=\"l-section-h i-cf\"><div class=\"g-cols vc_row via_grid cols_1-4-1 laptops-cols_inherit tablets-cols_inherit mobiles-cols_1 valign_top type_default stacking_default\"><div class=\"wpb_column vc_column_container\"><div class=\"vc_column-inner\"><\/div><\/div><div class=\"wpb_column vc_column_container\"><div class=\"vc_column-inner\"><div class=\"w-html us_custom_b011e678 has_text_color\"><p>ZUBEH\u00d6R\n<\/p><\/div><\/div><\/div><div class=\"wpb_column vc_column_container\"><div class=\"vc_column-inner\"><\/div><\/div><\/div><\/div><\/section><section class=\"l-section wpb_row us_custom_e29345e3 height_medium width_custom\" style=\"--site-content-width:1320px;\"><div class=\"l-section-h i-cf\"><div class=\"g-cols vc_row via_grid cols_1 laptops-cols_inherit tablets-cols_inherit mobiles-cols_1 valign_top type_default stacking_default\"><div class=\"wpb_column vc_column_container\"><div class=\"vc_column-inner\"><nav class=\"g-breadcrumbs us_custom_fdcab3db separator_icon align_none hide_current\" itemscope itemtype=\"http:\/\/schema.org\/BreadcrumbList\"><div class=\"g-breadcrumbs-item\" itemscope itemprop=\"itemListElement\" itemtype=\"http:\/\/schema.org\/ListItem\"><a itemprop=\"item\" href=\"https:\/\/beditom.pl\/de\/\"><span itemprop=\"name\">Startseite<\/span><\/a><meta itemprop=\"position\" content=\"1\"\/><\/div><div class=\"g-breadcrumbs-separator\"><i class=\"far fa-angle-right\"><\/i><\/div><div class=\"g-breadcrumbs-item\">Seiten<\/div><\/nav><\/div><\/div><\/div><\/div><\/section>\n<section class=\"l-section wpb_row height_medium width_custom\" style=\"--site-content-width:1320px;\"><div class=\"l-section-h i-cf\"><div class=\"g-cols vc_row via_grid cols_1 laptops-cols_inherit tablets-cols_inherit mobiles-cols_1 valign_top type_default stacking_default\"><div class=\"wpb_column vc_column_container\"><div class=\"vc_column-inner\"><div class=\"wpb_text_column us_custom_ecd4848b has_text_color\"><div class=\"wpb_wrapper\"><p>PRODUKTBEZEICHNUNG<\/p>\n<\/div><\/div><div class=\"wpb_text_column us_custom_9ebf969f\"><div class=\"wpb_wrapper\"><p>Akcesoria do automatyki bram przemys\u0142owych<\/p>\n<\/div><\/div><\/div><\/div><\/div><\/div><\/section><section class=\"l-section wpb_row us_custom_887a049b height_medium width_custom\" style=\"--site-content-width:1320px;\"><div class=\"l-section-h i-cf\"><div class=\"g-cols vc_row via_grid cols_4 laptops-cols_inherit tablets-cols_inherit mobiles-cols_1 valign_top type_default stacking_default\"><div class=\"wpb_column vc_column_container\"><div class=\"vc_column-inner\"><div class=\"w-image align_center\"><div class=\"w-image-h\"><img decoding=\"async\" width=\"150\" height=\"150\" src=\"https:\/\/beditom.pl\/app\/uploads\/2024\/03\/GFA_zestaw_czujnikow_5-150x150.webp\" class=\"attachment-thumbnail size-thumbnail\" alt=\"Beditom bramy gara\u017cowe\" loading=\"lazy\" srcset=\"https:\/\/beditom.pl\/app\/uploads\/2024\/03\/GFA_zestaw_czujnikow_5-150x150.webp 150w, https:\/\/beditom.pl\/app\/uploads\/2024\/03\/GFA_zestaw_czujnikow_5-50x50.webp 50w\" sizes=\"auto, (max-width: 150px) 100vw, 150px\" title=\"Beditom Garagen-Sektionaltore\"><\/div><\/div><div class=\"wpb_text_column us_custom_32207688\"><div class=\"wpb_wrapper\"><p style=\"text-align: center;\">Sensor-Bausatz<\/p>\n<\/div><\/div><div class=\"w-separator size_small\"><\/div><div class=\"wpb_text_column\"><div class=\"wpb_wrapper\"><p style=\"text-align: center;\">Unterer Kantenschutz in der Bodendichtung der T\u00fcr, komplett mit Spiralkabel und Anschlussdose<\/p>\n<\/div><\/div><\/div><\/div><div class=\"wpb_column vc_column_container\"><div class=\"vc_column-inner\"><div class=\"w-image align_center\"><div class=\"w-image-h\"><img decoding=\"async\" width=\"150\" height=\"150\" src=\"https:\/\/beditom.pl\/app\/uploads\/2024\/03\/gfa_kurtyna5_5-150x150.webp\" class=\"attachment-thumbnail size-thumbnail\" alt=\"Beditom bramy gara\u017cowe\" loading=\"lazy\" srcset=\"https:\/\/beditom.pl\/app\/uploads\/2024\/03\/gfa_kurtyna5_5-150x150.webp 150w, https:\/\/beditom.pl\/app\/uploads\/2024\/03\/gfa_kurtyna5_5-50x50.webp 50w, https:\/\/beditom.pl\/app\/uploads\/2024\/03\/gfa_kurtyna5_5-300x300.webp 300w\" sizes=\"auto, (max-width: 150px) 100vw, 150px\" title=\"Beditom Garagen-Sektionaltore\"><\/div><\/div><div class=\"wpb_text_column us_custom_32207688\"><div class=\"wpb_wrapper\"><p style=\"text-align: center;\">Lichtvorhang<\/p>\n<\/div><\/div><div class=\"w-separator size_small\"><\/div><div class=\"wpb_text_column\"><div class=\"wpb_wrapper\"><p style=\"text-align: center;\">Sch\u00fctzt den Eingangsbereich, kann bei T\u00fcren, die mit einer Servicet\u00fcr mit abgesenkter Schwelle ausgestattet sind, nicht ersetzt werden.<\/p>\n<\/div><\/div><\/div><\/div><div class=\"wpb_column vc_column_container\"><div class=\"vc_column-inner\"><div class=\"w-image align_center\"><div class=\"w-image-h\"><img decoding=\"async\" width=\"150\" height=\"150\" src=\"https:\/\/beditom.pl\/app\/uploads\/2024\/03\/gfa_fotokomorki-150x150.webp\" class=\"attachment-thumbnail size-thumbnail\" alt=\"Beditom bramy gara\u017cowe\" loading=\"lazy\" srcset=\"https:\/\/beditom.pl\/app\/uploads\/2024\/03\/gfa_fotokomorki-150x150.webp 150w, https:\/\/beditom.pl\/app\/uploads\/2024\/03\/gfa_fotokomorki-50x50.webp 50w\" sizes=\"auto, (max-width: 150px) 100vw, 150px\" title=\"Beditom Garagen-Sektionaltore\"><\/div><\/div><div class=\"wpb_text_column us_custom_32207688\"><div class=\"wpb_wrapper\"><p style=\"text-align: center;\">Fotozellen<\/p>\n<\/div><\/div><div class=\"w-separator size_small\"><\/div><div class=\"wpb_text_column\"><div class=\"wpb_wrapper\"><p style=\"text-align: center;\">Sichern Sie das Eingangslicht<\/p>\n<\/div><\/div><\/div><\/div><div class=\"wpb_column vc_column_container\"><div class=\"vc_column-inner\"><div class=\"w-image align_center\"><div class=\"w-image-h\"><img decoding=\"async\" width=\"150\" height=\"150\" src=\"https:\/\/beditom.pl\/app\/uploads\/2024\/03\/ENTRApin-1-150x150.webp\" class=\"attachment-thumbnail size-thumbnail\" alt=\"Beditom bramy gara\u017cowe\" loading=\"lazy\" srcset=\"https:\/\/beditom.pl\/app\/uploads\/2024\/03\/ENTRApin-1-150x150.webp 150w, https:\/\/beditom.pl\/app\/uploads\/2024\/03\/ENTRApin-1-50x50.webp 50w, https:\/\/beditom.pl\/app\/uploads\/2024\/03\/ENTRApin-1-300x300.webp 300w\" sizes=\"auto, (max-width: 150px) 100vw, 150px\" title=\"Beditom Garagen-Sektionaltore\"><\/div><\/div><div class=\"wpb_text_column us_custom_32207688\"><div class=\"wpb_wrapper\"><p style=\"text-align: center;\">Funkcodetastatur<\/p>\n<\/div><\/div><div class=\"w-separator size_small\"><\/div><div class=\"wpb_text_column\"><div class=\"wpb_wrapper\"><p style=\"text-align: center;\">Kombiniert mit einem Funkempf\u00e4nger, um die T\u00fcr mit einem individuellen Code zu bedienen.<\/p>\n<\/div><\/div><\/div><\/div><\/div><\/div><\/section><section class=\"l-section wpb_row us_custom_887a049b height_medium width_custom\" style=\"--site-content-width:1320px;\"><div class=\"l-section-h i-cf\"><div class=\"g-cols vc_row via_grid cols_4 laptops-cols_inherit tablets-cols_inherit mobiles-cols_1 valign_top type_default stacking_default\"><div class=\"wpb_column vc_column_container\"><div class=\"vc_column-inner\"><div class=\"w-image align_center\"><div class=\"w-image-h\"><img decoding=\"async\" width=\"150\" height=\"150\" src=\"https:\/\/beditom.pl\/app\/uploads\/2024\/03\/gfa_klucz-150x150.webp\" class=\"attachment-thumbnail size-thumbnail\" alt=\"Beditom bramy gara\u017cowe\" loading=\"lazy\" srcset=\"https:\/\/beditom.pl\/app\/uploads\/2024\/03\/gfa_klucz-150x150.webp 150w, https:\/\/beditom.pl\/app\/uploads\/2024\/03\/gfa_klucz-50x50.webp 50w, https:\/\/beditom.pl\/app\/uploads\/2024\/03\/gfa_klucz-300x300.webp 300w\" sizes=\"auto, (max-width: 150px) 100vw, 150px\" title=\"Beditom Garagen-Sektionaltore\"><\/div><\/div><div class=\"wpb_text_column us_custom_32207688\"><div class=\"wpb_wrapper\"><p style=\"text-align: center;\">Schl\u00fcsselschalter<\/p>\n<\/div><\/div><div class=\"w-separator size_small\"><\/div><div class=\"wpb_text_column\"><div class=\"wpb_wrapper\"><p style=\"text-align: center;\">Aufputz-Einzel-\/Zweipositionsschalter erm\u00f6glicht T\u00fcrbedienung mit einem Schl\u00fcssel<\/p>\n<\/div><\/div><\/div><\/div><div class=\"wpb_column vc_column_container\"><div class=\"vc_column-inner\"><div class=\"w-image align_center\"><div class=\"w-image-h\"><img decoding=\"async\" width=\"150\" height=\"150\" src=\"https:\/\/beditom.pl\/app\/uploads\/2024\/03\/gfa_kaseta-150x150.webp\" class=\"attachment-thumbnail size-thumbnail\" alt=\"Beditom bramy gara\u017cowe\" loading=\"lazy\" srcset=\"https:\/\/beditom.pl\/app\/uploads\/2024\/03\/gfa_kaseta-150x150.webp 150w, https:\/\/beditom.pl\/app\/uploads\/2024\/03\/gfa_kaseta-50x50.webp 50w, https:\/\/beditom.pl\/app\/uploads\/2024\/03\/gfa_kaseta-300x300.webp 300w\" sizes=\"auto, (max-width: 150px) 100vw, 150px\" title=\"Beditom Garagen-Sektionaltore\"><\/div><\/div><div class=\"wpb_text_column us_custom_32207688\"><div class=\"wpb_wrapper\"><p style=\"text-align: center;\">Steuerkassette<\/p>\n<\/div><\/div><div class=\"w-separator size_small\"><\/div><div class=\"wpb_text_column\"><div class=\"wpb_wrapper\"><p style=\"text-align: center;\">3-Tasten-Auf-Stop-Ab IP 65<\/p>\n<\/div><\/div><\/div><\/div><div class=\"wpb_column vc_column_container\"><div class=\"vc_column-inner\"><div class=\"w-image align_center\"><div class=\"w-image-h\"><img decoding=\"async\" width=\"150\" height=\"150\" src=\"https:\/\/beditom.pl\/app\/uploads\/2024\/03\/gfa_kaseta_klucz-150x150.webp\" class=\"attachment-thumbnail size-thumbnail\" alt=\"Beditom bramy gara\u017cowe\" loading=\"lazy\" srcset=\"https:\/\/beditom.pl\/app\/uploads\/2024\/03\/gfa_kaseta_klucz-150x150.webp 150w, https:\/\/beditom.pl\/app\/uploads\/2024\/03\/gfa_kaseta_klucz-50x50.webp 50w, https:\/\/beditom.pl\/app\/uploads\/2024\/03\/gfa_kaseta_klucz-300x300.webp 300w\" sizes=\"auto, (max-width: 150px) 100vw, 150px\" title=\"Beditom Garagen-Sektionaltore\"><\/div><\/div><div class=\"wpb_text_column us_custom_32207688\"><div class=\"wpb_wrapper\"><p style=\"text-align: center;\">Steuerschalter mit Schl\u00fcssel<\/p>\n<\/div><\/div><div class=\"w-separator size_small\"><\/div><div class=\"wpb_text_column\"><div class=\"wpb_wrapper\"><p style=\"text-align: center;\">3-Tasten-Aufw\u00e4rts-Stopp-Abw\u00e4rts IP 65, Taste zum Sperren der Bedientasten<\/p>\n<\/div><\/div><\/div><\/div><div class=\"wpb_column vc_column_container\"><div class=\"vc_column-inner\"><div class=\"w-image align_center\"><div class=\"w-image-h\"><img decoding=\"async\" width=\"150\" height=\"150\" src=\"https:\/\/beditom.pl\/app\/uploads\/2024\/03\/wylacznik_sznurkowy-150x150.webp\" class=\"attachment-thumbnail size-thumbnail\" alt=\"Beditom bramy gara\u017cowe\" loading=\"lazy\" srcset=\"https:\/\/beditom.pl\/app\/uploads\/2024\/03\/wylacznik_sznurkowy-150x150.webp 150w, https:\/\/beditom.pl\/app\/uploads\/2024\/03\/wylacznik_sznurkowy-50x50.webp 50w, https:\/\/beditom.pl\/app\/uploads\/2024\/03\/wylacznik_sznurkowy-300x300.webp 300w\" sizes=\"auto, (max-width: 150px) 100vw, 150px\" title=\"Beditom Garagen-Sektionaltore\"><\/div><\/div><div class=\"wpb_text_column us_custom_32207688\"><div class=\"wpb_wrapper\"><p style=\"text-align: center;\">Zugschalter<\/p>\n<\/div><\/div><div class=\"w-separator size_small\"><\/div><div class=\"wpb_text_column\"><div class=\"wpb_wrapper\"><p style=\"text-align: center;\">Erm\u00f6glicht die Bet\u00e4tigung der T\u00fcr mit einer Schnur<\/p>\n<\/div><\/div><\/div><\/div><\/div><\/div><\/section><section class=\"l-section wpb_row us_custom_887a049b height_medium width_custom\" style=\"--site-content-width:1320px;\"><div class=\"l-section-h i-cf\"><div class=\"g-cols vc_row via_grid cols_4 laptops-cols_inherit tablets-cols_inherit mobiles-cols_1 valign_top type_default stacking_default\"><div class=\"wpb_column vc_column_container\"><div class=\"vc_column-inner\"><div class=\"w-image align_center\"><div class=\"w-image-h\"><img decoding=\"async\" width=\"150\" height=\"150\" src=\"https:\/\/beditom.pl\/app\/uploads\/2024\/03\/gfa_radio-150x150.webp\" class=\"attachment-thumbnail size-thumbnail\" alt=\"Beditom bramy gara\u017cowe\" loading=\"lazy\" srcset=\"https:\/\/beditom.pl\/app\/uploads\/2024\/03\/gfa_radio-150x150.webp 150w, https:\/\/beditom.pl\/app\/uploads\/2024\/03\/gfa_radio-50x50.webp 50w, https:\/\/beditom.pl\/app\/uploads\/2024\/03\/gfa_radio.webp 206w\" sizes=\"auto, (max-width: 150px) 100vw, 150px\" title=\"Beditom Garagen-Sektionaltore\"><\/div><\/div><div class=\"wpb_text_column us_custom_32207688\"><div class=\"wpb_wrapper\"><p style=\"text-align: center;\">Funkempf\u00e4nger<\/p>\n<\/div><\/div><div class=\"w-separator size_small\"><\/div><div class=\"wpb_text_column\"><div class=\"wpb_wrapper\"><p style=\"text-align: center;\">Erm\u00f6glicht die Bedienung der T\u00fcr mit Funkzubeh\u00f6r<\/p>\n<\/div><\/div><\/div><\/div><div class=\"wpb_column vc_column_container\"><div class=\"vc_column-inner\"><div class=\"w-image align_center\"><div class=\"w-image-h\"><img decoding=\"async\" width=\"150\" height=\"150\" src=\"https:\/\/beditom.pl\/app\/uploads\/2024\/03\/gfa_pilot-150x150.webp\" class=\"attachment-thumbnail size-thumbnail\" alt=\"Beditom bramy gara\u017cowe\" loading=\"lazy\" srcset=\"https:\/\/beditom.pl\/app\/uploads\/2024\/03\/gfa_pilot-150x150.webp 150w, https:\/\/beditom.pl\/app\/uploads\/2024\/03\/gfa_pilot-50x50.webp 50w, https:\/\/beditom.pl\/app\/uploads\/2024\/03\/gfa_pilot.webp 300w\" sizes=\"auto, (max-width: 150px) 100vw, 150px\" title=\"Beditom Garagen-Sektionaltore\"><\/div><\/div><div class=\"wpb_text_column us_custom_32207688\"><div class=\"wpb_wrapper\"><p style=\"text-align: center;\">Funksender (Fernsteuerung)<\/p>\n<\/div><\/div><div class=\"w-separator size_small\"><\/div><div class=\"wpb_text_column\"><div class=\"wpb_wrapper\"><p style=\"text-align: center;\">Kombiniert mit einem Funkempf\u00e4nger, um das Tor aus der Ferne zu bedienen<\/p>\n<\/div><\/div><\/div><\/div><div class=\"wpb_column vc_column_container\"><div class=\"vc_column-inner\"><div class=\"w-image align_center\"><div class=\"w-image-h\"><img decoding=\"async\" width=\"150\" height=\"150\" src=\"https:\/\/beditom.pl\/app\/uploads\/2024\/03\/gfa_led-150x150.webp\" class=\"attachment-thumbnail size-thumbnail\" alt=\"Beditom bramy gara\u017cowe\" loading=\"lazy\" srcset=\"https:\/\/beditom.pl\/app\/uploads\/2024\/03\/gfa_led-150x150.webp 150w, https:\/\/beditom.pl\/app\/uploads\/2024\/03\/gfa_led-50x50.webp 50w\" sizes=\"auto, (max-width: 150px) 100vw, 150px\" title=\"Beditom Garagen-Sektionaltore\"><\/div><\/div><div class=\"wpb_text_column us_custom_32207688\"><div class=\"wpb_wrapper\"><p style=\"text-align: center;\">Warnleuchte<\/p>\n<\/div><\/div><div class=\"w-separator size_small\"><\/div><div class=\"wpb_text_column\"><div class=\"wpb_wrapper\"><p style=\"text-align: center;\">Leuchtet auf, wenn sich die T\u00fcr bewegt<\/p>\n<\/div><\/div><\/div><\/div><div class=\"wpb_column vc_column_container\"><div class=\"vc_column-inner\"><div class=\"w-image align_center\"><div class=\"w-image-h\"><img decoding=\"async\" width=\"150\" height=\"150\" src=\"https:\/\/beditom.pl\/app\/uploads\/2024\/03\/gfa_sygnalizator-150x150.webp\" class=\"attachment-thumbnail size-thumbnail\" alt=\"Beditom bramy gara\u017cowe\" loading=\"lazy\" srcset=\"https:\/\/beditom.pl\/app\/uploads\/2024\/03\/gfa_sygnalizator-150x150.webp 150w, https:\/\/beditom.pl\/app\/uploads\/2024\/03\/gfa_sygnalizator-50x50.webp 50w\" sizes=\"auto, (max-width: 150px) 100vw, 150px\" title=\"Beditom Garagen-Sektionaltore\"><\/div><\/div><div class=\"wpb_text_column us_custom_32207688\"><div class=\"wpb_wrapper\"><p style=\"text-align: center;\">Ampeln<\/p>\n<\/div><\/div><div class=\"w-separator size_small\"><\/div><div class=\"wpb_text_column\"><div class=\"wpb_wrapper\"><p style=\"text-align: center;\">Zeigt an, wenn die T\u00fcr offen oder geschlossen ist<\/p>\n<\/div><\/div><\/div><\/div><\/div><\/div><\/section><section class=\"l-section wpb_row us_custom_887a049b height_medium width_custom\" style=\"--site-content-width:1320px;\"><div class=\"l-section-h i-cf\"><div class=\"g-cols vc_row via_grid cols_4 laptops-cols_inherit tablets-cols_inherit mobiles-cols_1 valign_top type_default stacking_default\"><div class=\"wpb_column vc_column_container\"><div class=\"vc_column-inner\"><div class=\"w-image align_center\"><div class=\"w-image-h\"><img decoding=\"async\" width=\"150\" height=\"150\" src=\"https:\/\/beditom.pl\/app\/uploads\/2024\/03\/gfa_indukcja-150x150.webp\" class=\"attachment-thumbnail size-thumbnail\" alt=\"Beditom bramy gara\u017cowe\" loading=\"lazy\" srcset=\"https:\/\/beditom.pl\/app\/uploads\/2024\/03\/gfa_indukcja-150x150.webp 150w, https:\/\/beditom.pl\/app\/uploads\/2024\/03\/gfa_indukcja-50x50.webp 50w, https:\/\/beditom.pl\/app\/uploads\/2024\/03\/gfa_indukcja-300x300.webp 300w\" sizes=\"auto, (max-width: 150px) 100vw, 150px\" title=\"Beditom Garagen-Sektionaltore\"><\/div><\/div><div class=\"wpb_text_column us_custom_32207688\"><div class=\"wpb_wrapper\"><p style=\"text-align: center;\">Schleifendetektor<\/p>\n<\/div><\/div><div class=\"w-separator size_small\"><\/div><div class=\"wpb_text_column\"><div class=\"wpb_wrapper\"><p style=\"text-align: center;\">Erfasst die Anwesenheit eines Fahrzeugs im kontrollierten Bereich und sendet ein Signal an die Leitstelle<\/p>\n<\/div><\/div><\/div><\/div><div class=\"wpb_column vc_column_container\"><div class=\"vc_column-inner\"><div class=\"w-image align_center\"><div class=\"w-image-h\"><img decoding=\"async\" width=\"150\" height=\"150\" src=\"https:\/\/beditom.pl\/app\/uploads\/2024\/03\/gfa_radar-150x150.webp\" class=\"attachment-thumbnail size-thumbnail\" alt=\"Beditom bramy gara\u017cowe\" loading=\"lazy\" srcset=\"https:\/\/beditom.pl\/app\/uploads\/2024\/03\/gfa_radar-150x150.webp 150w, https:\/\/beditom.pl\/app\/uploads\/2024\/03\/gfa_radar-50x50.webp 50w, https:\/\/beditom.pl\/app\/uploads\/2024\/03\/gfa_radar-300x300.webp 300w\" sizes=\"auto, (max-width: 150px) 100vw, 150px\" title=\"Beditom Garagen-Sektionaltore\"><\/div><\/div><div class=\"wpb_text_column us_custom_32207688\"><div class=\"wpb_wrapper\"><p style=\"text-align: center;\">Bewegungsmelder<\/p>\n<\/div><\/div><div class=\"w-separator size_small\"><\/div><div class=\"wpb_text_column\"><div class=\"wpb_wrapper\"><p style=\"text-align: center;\">Erkennt herannahende\/abfahrende Objekte und sendet ein Signal an die Zentrale<\/p>\n<\/div><\/div><\/div><\/div><div class=\"wpb_column vc_column_container\"><div class=\"vc_column-inner\"><div class=\"w-image align_center\"><div class=\"w-image-h\"><img decoding=\"async\" width=\"150\" height=\"150\" src=\"https:\/\/beditom.pl\/app\/uploads\/2024\/03\/gfa_akcesoria_obrotowy-150x150.webp\" class=\"attachment-thumbnail size-thumbnail\" alt=\"Beditom bramy gara\u017cowe\" loading=\"lazy\" srcset=\"https:\/\/beditom.pl\/app\/uploads\/2024\/03\/gfa_akcesoria_obrotowy-150x150.webp 150w, https:\/\/beditom.pl\/app\/uploads\/2024\/03\/gfa_akcesoria_obrotowy-298x300.webp 298w, https:\/\/beditom.pl\/app\/uploads\/2024\/03\/gfa_akcesoria_obrotowy-50x50.webp 50w, https:\/\/beditom.pl\/app\/uploads\/2024\/03\/gfa_akcesoria_obrotowy-300x300.webp 300w, https:\/\/beditom.pl\/app\/uploads\/2024\/03\/gfa_akcesoria_obrotowy.webp 308w\" sizes=\"auto, (max-width: 150px) 100vw, 150px\" title=\"Beditom Garagen-Sektionaltore\"><\/div><\/div><div class=\"wpb_text_column us_custom_32207688\"><div class=\"wpb_wrapper\"><p style=\"text-align: center;\">Prze\u0142\u0105cznik obrotowy<\/p>\n<\/div><\/div><\/div><\/div><div class=\"wpb_column vc_column_container\"><div class=\"vc_column-inner\"><div class=\"w-image align_center\"><div class=\"w-image-h\"><img decoding=\"async\" width=\"150\" height=\"150\" src=\"https:\/\/beditom.pl\/app\/uploads\/2024\/03\/gfa_akcesoria_awaryjny-150x150.webp\" class=\"attachment-thumbnail size-thumbnail\" alt=\"Beditom bramy gara\u017cowe\" loading=\"lazy\" srcset=\"https:\/\/beditom.pl\/app\/uploads\/2024\/03\/gfa_akcesoria_awaryjny-150x150.webp 150w, https:\/\/beditom.pl\/app\/uploads\/2024\/03\/gfa_akcesoria_awaryjny-50x50.webp 50w\" sizes=\"auto, (max-width: 150px) 100vw, 150px\" title=\"Beditom Garagen-Sektionaltore\"><\/div><\/div><div class=\"wpb_text_column us_custom_32207688\"><div class=\"wpb_wrapper\"><p style=\"text-align: center;\">Wy\u0142\u0105cznik awaryjny<\/p>\n<\/div><\/div><\/div><\/div><\/div><\/div><\/section><section class=\"l-section wpb_row us_custom_5cd26a65 height_medium width_custom\" style=\"--site-content-width:1320px;\"><div class=\"l-section-h i-cf\"><div class=\"g-cols vc_row via_grid cols_3 laptops-cols_inherit tablets-cols_inherit mobiles-cols_1 valign_top type_default stacking_default\"><div class=\"wpb_column vc_column_container\"><div class=\"vc_column-inner\"><div class=\"w-image align_center\"><div class=\"w-image-h\"><img decoding=\"async\" width=\"150\" height=\"150\" src=\"https:\/\/beditom.pl\/app\/uploads\/2024\/03\/gfa_akcesoria_glowny-150x150.webp\" class=\"attachment-thumbnail size-thumbnail\" alt=\"Beditom bramy gara\u017cowe\" loading=\"lazy\" srcset=\"https:\/\/beditom.pl\/app\/uploads\/2024\/03\/gfa_akcesoria_glowny-150x150.webp 150w, https:\/\/beditom.pl\/app\/uploads\/2024\/03\/gfa_akcesoria_glowny-50x50.webp 50w\" sizes=\"auto, (max-width: 150px) 100vw, 150px\" title=\"Beditom Garagen-Sektionaltore\"><\/div><\/div><div class=\"wpb_text_column us_custom_32207688\"><div class=\"wpb_wrapper\"><p style=\"text-align: center;\">Wy\u0142\u0105cznik g\u0142\u00f3wny<\/p>\n<\/div><\/div><\/div><\/div><div class=\"wpb_column vc_column_container\"><div class=\"vc_column-inner\"><div class=\"w-image align_center\"><div class=\"w-image-h\"><img decoding=\"async\" width=\"150\" height=\"150\" src=\"https:\/\/beditom.pl\/app\/uploads\/2024\/03\/gfa_akcesoria_oslona-150x150.webp\" class=\"attachment-thumbnail size-thumbnail\" alt=\"Beditom bramy gara\u017cowe\" loading=\"lazy\" srcset=\"https:\/\/beditom.pl\/app\/uploads\/2024\/03\/gfa_akcesoria_oslona-150x150.webp 150w, https:\/\/beditom.pl\/app\/uploads\/2024\/03\/gfa_akcesoria_oslona-50x50.webp 50w, https:\/\/beditom.pl\/app\/uploads\/2024\/03\/gfa_akcesoria_oslona-300x300.webp 300w\" sizes=\"auto, (max-width: 150px) 100vw, 150px\" title=\"Beditom Garagen-Sektionaltore\"><\/div><\/div><div class=\"wpb_text_column us_custom_32207688\"><div class=\"wpb_wrapper\"><p style=\"text-align: center;\">Os\u0142ona klawiatury<\/p>\n<\/div><\/div><\/div><\/div><div class=\"wpb_column vc_column_container\"><div class=\"vc_column-inner\"><div class=\"w-image align_center\"><div class=\"w-image-h\"><img decoding=\"async\" width=\"150\" height=\"150\" src=\"https:\/\/beditom.pl\/app\/uploads\/2024\/03\/gfa_akcesoria_kluczykowy-150x150.webp\" class=\"attachment-thumbnail size-thumbnail\" alt=\"Beditom bramy gara\u017cowe\" loading=\"lazy\" srcset=\"https:\/\/beditom.pl\/app\/uploads\/2024\/03\/gfa_akcesoria_kluczykowy-150x150.webp 150w, https:\/\/beditom.pl\/app\/uploads\/2024\/03\/gfa_akcesoria_kluczykowy-50x50.webp 50w\" sizes=\"auto, (max-width: 150px) 100vw, 150px\" title=\"Beditom Garagen-Sektionaltore\"><\/div><\/div><div class=\"wpb_text_column us_custom_32207688\"><div class=\"wpb_wrapper\"><p style=\"text-align: center;\">Schl\u00fcsselschalter<\/p>\n<\/div><\/div><\/div><\/div><\/div><\/div><\/section>","protected":false},"excerpt":{"rendered":"AKCESORIA Strona g\u0142\u00f3wnaSeiten OPIS PRODUKTU Akcesoria do automatyki bram przemys\u0142owych Zestaw czujnik\u00f3w Zabezpieczenia dolnej kraw\u0119dzi bramy montowe w dolnej uszczelce bramy w komplecie z przewodem spiralnym i puszk\u0105 \u0142\u0105czeniow\u0105 Kurtyna \u015bwietlna Zabezpiecza \u015bwiat\u0142o wjazdu, nie zast\u0105piona w bramach wyposa\u017conych w drzwi serwisowe z obni\u017conym progiem Fotokom\u00f3rki Zabezpieczaj\u0105 \u015bwiat\u0142o wjazdu Klawiatura kodowa radiowa Wsp\u00f3\u0142pracuje z odbiornikiem...","protected":false},"author":1,"featured_media":1379,"parent":1361,"menu_order":0,"comment_status":"closed","ping_status":"closed","template":"","meta":{"_acf_changed":false,"footnotes":""},"class_list":["post-3106","page","type-page","status-publish","has-post-thumbnail","hentry"],"acf":[],"_links":{"self":[{"href":"https:\/\/beditom.pl\/de\/wp-json\/wp\/v2\/pages\/3106","targetHints":{"allow":["GET"]}}],"collection":[{"href":"https:\/\/beditom.pl\/de\/wp-json\/wp\/v2\/pages"}],"about":[{"href":"https:\/\/beditom.pl\/de\/wp-json\/wp\/v2\/types\/page"}],"author":[{"embeddable":true,"href":"https:\/\/beditom.pl\/de\/wp-json\/wp\/v2\/users\/1"}],"replies":[{"embeddable":true,"href":"https:\/\/beditom.pl\/de\/wp-json\/wp\/v2\/comments?post=3106"}],"version-history":[{"count":8,"href":"https:\/\/beditom.pl\/de\/wp-json\/wp\/v2\/pages\/3106\/revisions"}],"predecessor-version":[{"id":3406,"href":"https:\/\/beditom.pl\/de\/wp-json\/wp\/v2\/pages\/3106\/revisions\/3406"}],"up":[{"embeddable":true,"href":"https:\/\/beditom.pl\/de\/wp-json\/wp\/v2\/pages\/1361"}],"wp:featuredmedia":[{"embeddable":true,"href":"https:\/\/beditom.pl\/de\/wp-json\/wp\/v2\/media\/1379"}],"wp:attachment":[{"href":"https:\/\/beditom.pl\/de\/wp-json\/wp\/v2\/media?parent=3106"}],"curies":[{"name":"wp","href":"https:\/\/api.w.org\/{rel}","templated":true}]}}