{"id":1530,"date":"2024-04-01T10:04:23","date_gmt":"2024-04-01T10:04:23","guid":{"rendered":"https:\/\/beditom.pl\/?page_id=1530"},"modified":"2024-07-05T10:25:06","modified_gmt":"2024-07-05T10:25:06","slug":"compact","status":"publish","type":"page","link":"https:\/\/beditom.pl\/de\/dla-przemyslu\/bramy-harmonijkowe\/compact\/","title":{"rendered":"COMPACT"},"content":{"rendered":"<section class=\"l-section wpb_row height_medium width_custom color_primary\" style=\"--site-content-width:1320px;\"><div class=\"l-section-h i-cf\"><div class=\"g-cols vc_row via_grid cols_1-4-1 laptops-cols_inherit tablets-cols_inherit mobiles-cols_1 valign_top type_default stacking_default\"><div class=\"wpb_column vc_column_container\"><div class=\"vc_column-inner\"><\/div><\/div><div class=\"wpb_column vc_column_container\"><div class=\"vc_column-inner\"><div class=\"w-html us_custom_b011e678 has_text_color\"><p>COMPACT\n\n<\/p><\/div><\/div><\/div><div class=\"wpb_column vc_column_container\"><div class=\"vc_column-inner\"><\/div><\/div><\/div><\/div><\/section><section class=\"l-section wpb_row us_custom_e29345e3 height_medium width_custom\" style=\"--site-content-width:1320px;\"><div class=\"l-section-h i-cf\"><div class=\"g-cols vc_row via_grid cols_1 laptops-cols_inherit tablets-cols_inherit mobiles-cols_1 valign_top type_default stacking_default\"><div class=\"wpb_column vc_column_container\"><div class=\"vc_column-inner\"><nav class=\"g-breadcrumbs us_custom_fdcab3db separator_icon align_none hide_current\" itemscope itemtype=\"http:\/\/schema.org\/BreadcrumbList\"><div class=\"g-breadcrumbs-item\" itemscope itemprop=\"itemListElement\" itemtype=\"http:\/\/schema.org\/ListItem\"><a itemprop=\"item\" href=\"https:\/\/beditom.pl\/de\/\"><span itemprop=\"name\">Strona g\u0142\u00f3wna<\/span><\/a><meta itemprop=\"position\" content=\"1\"\/><\/div><div class=\"g-breadcrumbs-separator\"><i class=\"far fa-angle-right\"><\/i><\/div><div class=\"g-breadcrumbs-item\">Seiten<\/div><\/nav><\/div><\/div><\/div><\/div><\/section>\n<section class=\"l-section wpb_row height_medium width_custom\" style=\"--site-content-width:1320px;\"><div class=\"l-section-h i-cf\"><div class=\"g-cols vc_row via_grid cols_2 laptops-cols_inherit tablets-cols_inherit mobiles-cols_1 valign_top type_default stacking_default\"><div class=\"wpb_column vc_column_container\"><div class=\"vc_column-inner\"><div class=\"w-html us_custom_ecd4848b has_text_color\"><p>OPIS PRODUKTU<\/p><\/div><div class=\"wpb_text_column us_custom_9ebf969f\"><div class=\"wpb_wrapper\"><p>Bramy COMPACT<\/p>\n<\/div><\/div><div class=\"wpb_text_column\"><div class=\"wpb_wrapper\"><p><strong>Kompaktowa budowa<\/strong>\u00a0tych bram polegaj\u0105ca na tym, \u017ce p\u0142aszcz bramy sk\u0142ada si\u0119 w nadpro\u017cu w trakcie otwierania, spe\u0142nia szczeg\u00f3lne wymagania techniczne, gdzie tradycyjne rozwi\u0105zania nie znajduj\u0105 zastosowania.<\/p>\n<p>Dzi\u0119ki czemu brama nie tylko zajmuje mniej miejsca, lecz jest tak\u017ce \u0142atwa do otwarcia i utrzymania. S\u0105 to bramy niewywa\u017cone standardowo wyposa\u017cone w silnik elektryczny wywa\u017caj\u0105cy p\u0142aszcz bramy jak r\u00f3wnie\u017c umo\u017cliwiaj\u0105cy ich <strong>\u0142atw\u0105 obs\u0142ug\u0119<\/strong>.<\/p>\n<\/div><\/div><\/div><\/div><div class=\"wpb_column vc_column_container\"><div class=\"vc_column-inner\"><div class=\"w-grid us_carousel us_custom_8b3d6790 has_text_color type_carousel layout_gallery_cropped preload_style_spinner ratio_1x1\" id=\"us_grid_1\" style=\"--item-ratio:1;\"><style>.layout_gallery_cropped .w-grid-item-h{}.layout_gallery_cropped .usg_post_image_1{position:absolute!important;left:0!important;top:0!important;bottom:0!important;right:0!important}<\/style><div class=\"w-grid-list owl-carousel valign_middle dotstyle_circle navstyle_circle arrows-ver-pos_middle arrows-hor-pos_on_sides_outside arrows-disabled_hide owl-responsive-2000\" style=\"--transition-duration:350ms;\">\t<article class=\"w-grid-item post-2807 attachment type-attachment status-inherit hentry\" data-id=\"2807\">\r\n\t\t<div class=\"w-grid-item-h\">\r\n\t\t\t\t\t\t<div class=\"w-post-elm post_image usg_post_image_1 stretched\"><img loading=\"lazy\" decoding=\"async\" width=\"900\" height=\"675\" src=\"https:\/\/beditom.pl\/app\/uploads\/2024\/05\/Compact-door-with-storage-shelf-directly-behind-the-door.jpg\" class=\"attachment-large size-large\" alt=\"Beditom bramy gara\u017cowe\" srcset=\"https:\/\/beditom.pl\/app\/uploads\/2024\/05\/Compact-door-with-storage-shelf-directly-behind-the-door.jpg 900w, https:\/\/beditom.pl\/app\/uploads\/2024\/05\/Compact-door-with-storage-shelf-directly-behind-the-door-300x225.jpg 300w, https:\/\/beditom.pl\/app\/uploads\/2024\/05\/Compact-door-with-storage-shelf-directly-behind-the-door-200x150.jpg 200w\" sizes=\"auto, (max-width: 900px) 100vw, 900px\" title=\"Beditom bramy gara\u017cowe segmentowe\"><\/div>\t\t<\/div>\r\n\t\t\t<\/article>\r\n\t<article class=\"w-grid-item post-2808 attachment type-attachment status-inherit hentry\" data-id=\"2808\">\r\n\t\t<div class=\"w-grid-item-h\">\r\n\t\t\t\t\t\t<div class=\"w-post-elm post_image usg_post_image_1 stretched\"><img loading=\"lazy\" decoding=\"async\" width=\"1000\" height=\"667\" src=\"https:\/\/beditom.pl\/app\/uploads\/2024\/05\/Agricultural-contractor-with-Compact-doors.jpg\" class=\"attachment-large size-large\" alt=\"Beditom bramy gara\u017cowe\" srcset=\"https:\/\/beditom.pl\/app\/uploads\/2024\/05\/Agricultural-contractor-with-Compact-doors.jpg 1000w, https:\/\/beditom.pl\/app\/uploads\/2024\/05\/Agricultural-contractor-with-Compact-doors-300x200.jpg 300w, https:\/\/beditom.pl\/app\/uploads\/2024\/05\/Agricultural-contractor-with-Compact-doors-200x133.jpg 200w\" sizes=\"auto, (max-width: 1000px) 100vw, 1000px\" title=\"Beditom bramy gara\u017cowe segmentowe\"><\/div>\t\t<\/div>\r\n\t\t\t<\/article>\r\n\t<article class=\"w-grid-item post-2806 attachment type-attachment status-inherit hentry\" data-id=\"2806\">\r\n\t\t<div class=\"w-grid-item-h\">\r\n\t\t\t\t\t\t<div class=\"w-post-elm post_image usg_post_image_1 stretched\"><img loading=\"lazy\" decoding=\"async\" width=\"1024\" height=\"683\" src=\"https:\/\/beditom.pl\/app\/uploads\/2024\/05\/Compact-doors-with-a-crane-track-that-runs-directly-behind-the-door-1024x683.jpg\" class=\"attachment-large size-large\" alt=\"Beditom bramy gara\u017cowe\" srcset=\"https:\/\/beditom.pl\/app\/uploads\/2024\/05\/Compact-doors-with-a-crane-track-that-runs-directly-behind-the-door-1024x683.jpg 1024w, https:\/\/beditom.pl\/app\/uploads\/2024\/05\/Compact-doors-with-a-crane-track-that-runs-directly-behind-the-door-300x200.jpg 300w, https:\/\/beditom.pl\/app\/uploads\/2024\/05\/Compact-doors-with-a-crane-track-that-runs-directly-behind-the-door-200x133.jpg 200w\" sizes=\"auto, (max-width: 1024px) 100vw, 1024px\" title=\"Beditom bramy gara\u017cowe segmentowe\"><\/div>\t\t<\/div>\r\n\t\t\t<\/article>\r\n\t<article class=\"w-grid-item post-2805 attachment type-attachment status-inherit hentry\" data-id=\"2805\">\r\n\t\t<div class=\"w-grid-item-h\">\r\n\t\t\t\t\t\t<div class=\"w-post-elm post_image usg_post_image_1 stretched\"><img loading=\"lazy\" decoding=\"async\" width=\"1024\" height=\"683\" src=\"https:\/\/beditom.pl\/app\/uploads\/2024\/05\/Compact-folding-doors-with-a-crane-track-that-runs-directly-behind-the-door-1024x683.jpg\" class=\"attachment-large size-large\" alt=\"Beditom bramy gara\u017cowe\" srcset=\"https:\/\/beditom.pl\/app\/uploads\/2024\/05\/Compact-folding-doors-with-a-crane-track-that-runs-directly-behind-the-door-1024x683.jpg 1024w, https:\/\/beditom.pl\/app\/uploads\/2024\/05\/Compact-folding-doors-with-a-crane-track-that-runs-directly-behind-the-door-300x200.jpg 300w, https:\/\/beditom.pl\/app\/uploads\/2024\/05\/Compact-folding-doors-with-a-crane-track-that-runs-directly-behind-the-door-200x133.jpg 200w\" sizes=\"auto, (max-width: 1024px) 100vw, 1024px\" title=\"Beditom bramy gara\u017cowe segmentowe\"><\/div>\t\t<\/div>\r\n\t\t\t<\/article>\r\n<\/div><div class=\"w-grid-carousel-json hidden\" onclick='return {&quot;carousel_settings&quot;:{&quot;aria_labels&quot;:{&quot;prev&quot;:&quot;Zur\\u00fcck&quot;,&quot;next&quot;:&quot;Weiter&quot;},&quot;autoplayContinual&quot;:false,&quot;autoplayHoverPause&quot;:false,&quot;autoplayTimeout&quot;:3000,&quot;autoWidth&quot;:false,&quot;smartSpeed&quot;:350,&quot;margin&quot;:0,&quot;mouseDrag&quot;:true,&quot;rtl&quot;:false,&quot;slideBy&quot;:&quot;1&quot;,&quot;touchDrag&quot;:true,&quot;slideTransition&quot;:&quot;&quot;,&quot;responsive&quot;:{&quot;0&quot;:{&quot;autoHeight&quot;:false,&quot;autoplay&quot;:false,&quot;autoWidth&quot;:false,&quot;center&quot;:false,&quot;dots&quot;:false,&quot;items&quot;:1,&quot;loop&quot;:false,&quot;nav&quot;:false,&quot;stagePadding&quot;:0,&quot;slideBy&quot;:&quot;1&quot;},&quot;481&quot;:{&quot;items&quot;:1,&quot;autoplay&quot;:true,&quot;center&quot;:false,&quot;dots&quot;:false,&quot;nav&quot;:false,&quot;autoHeight&quot;:false,&quot;autoWidth&quot;:false,&quot;loop&quot;:true,&quot;stagePadding&quot;:0}}}}'><\/div><\/div><\/div><\/div><\/div><\/div><\/section><section class=\"l-section wpb_row height_auto width_custom\" style=\"--site-content-width:1320px;\"><div class=\"l-section-h i-cf\"><div class=\"g-cols vc_row via_grid cols_1 laptops-cols_inherit tablets-cols_inherit mobiles-cols_1 valign_top type_default stacking_default\"><div class=\"wpb_column vc_column_container\"><div class=\"vc_column-inner\"><div class=\"w-html us_custom_ecd4848b has_text_color\"><p>KOLORYSTYKA<\/p><\/div><div class=\"w-gallery fit_cover type_grid ratio_1x1 count_10\" style=\"--columns:6;--items-gap:10px;\"><div class=\"w-gallery-list\"><div class=\"w-gallery-item\"><div class=\"w-gallery-item-img\"><img loading=\"lazy\" decoding=\"async\" width=\"118\" height=\"112\" src=\"https:\/\/beditom.pl\/app\/uploads\/2024\/05\/Zrzut-ekranu-2024-05-27-o-10.27.57.png\" class=\"attachment-large size-large\" alt=\"Beditom bramy gara\u017cowe\" title=\"Beditom bramy gara\u017cowe segmentowe\"><\/div><div class=\"w-gallery-item-meta\"><div class=\"w-gallery-item-title\">RAL 3002<\/div><\/div><\/div><div class=\"w-gallery-item\"><div class=\"w-gallery-item-img\"><img loading=\"lazy\" decoding=\"async\" width=\"78\" height=\"78\" src=\"https:\/\/beditom.pl\/app\/uploads\/2024\/05\/Zrzut-ekranu-2024-05-27-o-10.34.23.png\" class=\"attachment-large size-large\" alt=\"Beditom bramy gara\u017cowe\" title=\"Beditom bramy gara\u017cowe segmentowe\"><\/div><div class=\"w-gallery-item-meta\"><div class=\"w-gallery-item-title\">RAL 5010<\/div><\/div><\/div><div class=\"w-gallery-item\"><div class=\"w-gallery-item-img\"><img loading=\"lazy\" decoding=\"async\" width=\"82\" height=\"86\" src=\"https:\/\/beditom.pl\/app\/uploads\/2024\/05\/Zrzut-ekranu-2024-05-27-o-10.34.27.png\" class=\"attachment-large size-large\" alt=\"Beditom bramy gara\u017cowe\" title=\"Beditom bramy gara\u017cowe segmentowe\"><\/div><div class=\"w-gallery-item-meta\"><div class=\"w-gallery-item-title\">RAL 5017<\/div><\/div><\/div><div class=\"w-gallery-item\"><div class=\"w-gallery-item-img\"><img loading=\"lazy\" decoding=\"async\" width=\"84\" height=\"86\" src=\"https:\/\/beditom.pl\/app\/uploads\/2024\/05\/Zrzut-ekranu-2024-05-27-o-10.34.34.png\" class=\"attachment-large size-large\" alt=\"Beditom bramy gara\u017cowe\" title=\"Beditom bramy gara\u017cowe segmentowe\"><\/div><div class=\"w-gallery-item-meta\"><div class=\"w-gallery-item-title\">RAL 6005<\/div><\/div><\/div><div class=\"w-gallery-item\"><div class=\"w-gallery-item-img\"><img loading=\"lazy\" decoding=\"async\" width=\"90\" height=\"90\" src=\"https:\/\/beditom.pl\/app\/uploads\/2024\/05\/Zrzut-ekranu-2024-05-27-o-10.34.38.png\" class=\"attachment-large size-large\" alt=\"Beditom bramy gara\u017cowe\" title=\"Beditom bramy gara\u017cowe segmentowe\"><\/div><div class=\"w-gallery-item-meta\"><div class=\"w-gallery-item-title\">RAL 7016<\/div><\/div><\/div><div class=\"w-gallery-item\"><div class=\"w-gallery-item-img\"><img loading=\"lazy\" decoding=\"async\" width=\"80\" height=\"82\" src=\"https:\/\/beditom.pl\/app\/uploads\/2024\/05\/Zrzut-ekranu-2024-05-27-o-10.34.42.png\" class=\"attachment-large size-large\" alt=\"Beditom bramy gara\u017cowe\" title=\"Beditom bramy gara\u017cowe segmentowe\"><\/div><div class=\"w-gallery-item-meta\"><div class=\"w-gallery-item-title\">RAL 7032<\/div><\/div><\/div><div class=\"w-gallery-item\"><div class=\"w-gallery-item-img\"><img loading=\"lazy\" decoding=\"async\" width=\"84\" height=\"86\" src=\"https:\/\/beditom.pl\/app\/uploads\/2024\/05\/Zrzut-ekranu-2024-05-27-o-10.34.47.png\" class=\"attachment-large size-large\" alt=\"Beditom bramy gara\u017cowe\" title=\"Beditom bramy gara\u017cowe segmentowe\"><\/div><div class=\"w-gallery-item-meta\"><div class=\"w-gallery-item-title\">RAL 9002<\/div><\/div><\/div><div class=\"w-gallery-item\"><div class=\"w-gallery-item-img\"><img loading=\"lazy\" decoding=\"async\" width=\"80\" height=\"82\" src=\"https:\/\/beditom.pl\/app\/uploads\/2024\/05\/Zrzut-ekranu-2024-05-27-o-10.34.51.png\" class=\"attachment-large size-large\" alt=\"Beditom bramy gara\u017cowe\" title=\"Beditom bramy gara\u017cowe segmentowe\"><\/div><div class=\"w-gallery-item-meta\"><div class=\"w-gallery-item-title\">RAL 9007<\/div><\/div><\/div><div class=\"w-gallery-item\"><div class=\"w-gallery-item-img\"><img loading=\"lazy\" decoding=\"async\" width=\"78\" height=\"80\" src=\"https:\/\/beditom.pl\/app\/uploads\/2024\/05\/Zrzut-ekranu-2024-05-27-o-10.34.56.png\" class=\"attachment-large size-large\" alt=\"Beditom bramy gara\u017cowe\" title=\"Beditom bramy gara\u017cowe segmentowe\"><\/div><div class=\"w-gallery-item-meta\"><div class=\"w-gallery-item-title\">RAL 9006<\/div><\/div><\/div><div class=\"w-gallery-item\"><div class=\"w-gallery-item-img\"><img loading=\"lazy\" decoding=\"async\" width=\"82\" height=\"86\" src=\"https:\/\/beditom.pl\/app\/uploads\/2024\/05\/Zrzut-ekranu-2024-05-27-o-10.35.01.png\" class=\"attachment-large size-large\" alt=\"Beditom bramy gara\u017cowe\" title=\"Beditom bramy gara\u017cowe segmentowe\"><\/div><div class=\"w-gallery-item-meta\"><div class=\"w-gallery-item-title\">RAL 9016<\/div><\/div><\/div><\/div><\/div><\/div><\/div><\/div><\/div><\/section><section class=\"l-section wpb_row height_auto width_custom\" style=\"--site-content-width:1320px;\"><div class=\"l-section-h i-cf\"><div class=\"g-cols vc_row via_grid cols_1 laptops-cols_inherit tablets-cols_inherit mobiles-cols_1 valign_top type_default stacking_default\"><div class=\"wpb_column vc_column_container\"><div class=\"vc_column-inner\"><div class=\"w-separator size_medium\"><\/div><div class=\"w-html us_custom_ecd4848b has_text_color\"><p>Opcje wykonania<\/p><\/div><\/div><\/div><\/div><\/div><\/section><section class=\"l-section wpb_row us_custom_5cd26a65 height_medium width_custom\" style=\"--site-content-width:1320px;\"><div class=\"l-section-h i-cf\"><div class=\"g-cols vc_row via_grid cols_3 laptops-cols_inherit tablets-cols_inherit mobiles-cols_1 valign_middle type_default stacking_default\"><div class=\"wpb_column vc_column_container\"><div class=\"vc_column-inner\"><div class=\"w-image align_center\"><div class=\"w-image-h\"><img decoding=\"async\" width=\"205\" height=\"286\" src=\"https:\/\/beditom.pl\/app\/uploads\/2024\/05\/Compact-Doors-Productfolder-ENG-alles-LR-1-63.png\" class=\"attachment-medium size-medium\" alt=\"Beditom bramy gara\u017cowe\" loading=\"lazy\" srcset=\"https:\/\/beditom.pl\/app\/uploads\/2024\/05\/Compact-Doors-Productfolder-ENG-alles-LR-1-63.png 205w, https:\/\/beditom.pl\/app\/uploads\/2024\/05\/Compact-Doors-Productfolder-ENG-alles-LR-1-63-143x200.png 143w\" sizes=\"auto, (max-width: 205px) 100vw, 205px\" title=\"Beditom bramy gara\u017cowe segmentowe\"><\/div><\/div><div class=\"wpb_text_column\"><div class=\"wpb_wrapper\"><p style=\"text-align: center;\">Podstawowa wersja zbudowana z pe\u0142nych izolowanych paneli warstwowych, z aluminiowym poszyciem zewn\u0119trznym.<\/p>\n<\/div><\/div><\/div><\/div><div class=\"wpb_column vc_column_container\"><div class=\"vc_column-inner\"><div class=\"w-image align_center\"><div class=\"w-image-h\"><img decoding=\"async\" width=\"166\" height=\"230\" src=\"https:\/\/beditom.pl\/app\/uploads\/2024\/05\/Compact-Doors-Productfolder-ENG-alles-LR-1-39.png\" class=\"attachment-medium size-medium\" alt=\"Beditom bramy gara\u017cowe\" loading=\"lazy\" srcset=\"https:\/\/beditom.pl\/app\/uploads\/2024\/05\/Compact-Doors-Productfolder-ENG-alles-LR-1-39.png 166w, https:\/\/beditom.pl\/app\/uploads\/2024\/05\/Compact-Doors-Productfolder-ENG-alles-LR-1-39-144x200.png 144w\" sizes=\"auto, (max-width: 166px) 100vw, 166px\" title=\"Beditom bramy gara\u017cowe segmentowe\"><\/div><\/div><div class=\"w-separator size_medium\"><\/div><div class=\"wpb_text_column\"><div class=\"wpb_wrapper\"><p style=\"text-align: center;\">Brama wyposa\u017cona w okna wycinane w celu zwi\u0119kszenia ilo\u015b\u0107 \u015bwiat\u0142a naturalnego i zapewniaj\u0105 widoczno\u015b\u0107 od wewn\u0105trz i od zewn\u0105trz.<\/p>\n<\/div><\/div><\/div><\/div><div class=\"wpb_column vc_column_container\"><div class=\"vc_column-inner\"><div class=\"w-image align_center\"><div class=\"w-image-h\"><img decoding=\"async\" width=\"179\" height=\"250\" src=\"https:\/\/beditom.pl\/app\/uploads\/2024\/05\/Compact-Doors-Productfolder-ENG-alles-LR-1-72.png\" class=\"attachment-medium size-medium\" alt=\"Beditom bramy gara\u017cowe\" loading=\"lazy\" srcset=\"https:\/\/beditom.pl\/app\/uploads\/2024\/05\/Compact-Doors-Productfolder-ENG-alles-LR-1-72.png 179w, https:\/\/beditom.pl\/app\/uploads\/2024\/05\/Compact-Doors-Productfolder-ENG-alles-LR-1-72-143x200.png 143w\" sizes=\"auto, (max-width: 179px) 100vw, 179px\" title=\"Beditom bramy gara\u017cowe segmentowe\"><\/div><\/div><div class=\"wpb_text_column\"><div class=\"wpb_wrapper\"><p style=\"text-align: center;\">Panele w pe\u0142ni prze\u017aroczyste przepuszczaj\u0105 do wewn\u0105trz du\u017c\u0105 ilo\u015b\u0107 naturalnego \u015bwiat\u0142a, maksymalna widoczno\u015b\u0107 zar\u00f3wno od \u015brodka, jak i od zewn\u0105trz.<\/p>\n<\/div><\/div><\/div><\/div><\/div><\/div><\/section><section class=\"l-section wpb_row us_custom_5cd26a65 height_medium width_custom\" style=\"--site-content-width:1320px;\"><div class=\"l-section-h i-cf\"><div class=\"g-cols vc_row via_grid cols_3 laptops-cols_inherit tablets-cols_inherit mobiles-cols_1 valign_middle type_default stacking_default\"><div class=\"wpb_column vc_column_container\"><div class=\"vc_column-inner\"><div class=\"w-image align_center\"><div class=\"w-image-h\"><img decoding=\"async\" width=\"300\" height=\"300\" src=\"https:\/\/beditom.pl\/app\/uploads\/2024\/04\/compact_panele-300x300.webp\" class=\"attachment-medium size-medium\" alt=\"Beditom bramy gara\u017cowe\" loading=\"lazy\" srcset=\"https:\/\/beditom.pl\/app\/uploads\/2024\/04\/compact_panele-300x300.webp 300w, https:\/\/beditom.pl\/app\/uploads\/2024\/04\/compact_panele-150x150.webp 150w, https:\/\/beditom.pl\/app\/uploads\/2024\/04\/compact_panele-50x50.webp 50w, https:\/\/beditom.pl\/app\/uploads\/2024\/04\/compact_panele.webp 400w\" sizes=\"auto, (max-width: 300px) 100vw, 300px\" title=\"Beditom bramy gara\u017cowe segmentowe\"><\/div><\/div><div class=\"wpb_text_column\"><div class=\"wpb_wrapper\"><p style=\"text-align: center;\">Najbardziej optymalne rozwi\u0105zanie do\u015bwietlaj\u0105ce a zarazem ka\u017cdy budynek nabiera indywidualnego eleganckiego wygl\u0105du.<\/p>\n<\/div><\/div><\/div><\/div><div class=\"wpb_column vc_column_container\"><div class=\"vc_column-inner\"><div class=\"w-image align_center\"><div class=\"w-image-h\"><img decoding=\"async\" width=\"188\" height=\"260\" src=\"https:\/\/beditom.pl\/app\/uploads\/2024\/05\/Compact-Doors-Productfolder-ENG-alles-LR-1-70.png\" class=\"attachment-medium size-medium\" alt=\"Beditom bramy gara\u017cowe\" loading=\"lazy\" srcset=\"https:\/\/beditom.pl\/app\/uploads\/2024\/05\/Compact-Doors-Productfolder-ENG-alles-LR-1-70.png 188w, https:\/\/beditom.pl\/app\/uploads\/2024\/05\/Compact-Doors-Productfolder-ENG-alles-LR-1-70-145x200.png 145w\" sizes=\"auto, (max-width: 188px) 100vw, 188px\" title=\"Beditom bramy gara\u017cowe segmentowe\"><\/div><\/div><div class=\"wpb_text_column\"><div class=\"wpb_wrapper\"><p style=\"text-align: center;\">Furtka serwisowa w bramie umo\u017cliwi wej\u015bcie do budynku bez otwierania ca\u0142ej bramy, jak r\u00f3wnie\u017c zatrzyma ciep\u0142o wewn\u0105trz oraz ochroni pracownik\u00f3w przed wiatrem i deszczem.<\/p>\n<\/div><\/div><\/div><\/div><div class=\"wpb_column vc_column_container\"><div class=\"vc_column-inner\"><\/div><\/div><\/div><\/div><\/section><section class=\"l-section wpb_row height_auto width_custom\" style=\"--site-content-width:1320px;\"><div class=\"l-section-h i-cf\"><div class=\"g-cols vc_row via_grid cols_1 laptops-cols_inherit tablets-cols_inherit mobiles-cols_1 valign_top type_default stacking_default\"><div class=\"wpb_column vc_column_container\"><div class=\"vc_column-inner\"><div class=\"w-html us_custom_ecd4848b has_text_color\"><p>PLIKI DO POBRANIA<\/p><\/div><div class=\"w-grid us_grid type_grid layout_737 cols_2 preload_style_spinner\" id=\"us_grid_2\" style=\"--columns:2;--gap:1.5rem;\"><style>@media (max-width:480px){#us_grid_2{--columns:1!important}}.layout_737 .w-grid-item-h{}@media(max-width:479px){.layout_737 .usg_post_image_1{display:none!important}}.layout_737 .usg_hwrapper_1{color:var(--color-content-text)!important;padding-top:6%!important;padding-bottom:6%!important;background:var(--color-content-bg-alt)!important}.layout_737 .usg_vwrapper_1{width:48%!important;margin-left:6%!important;margin-right:0!important}.layout_737 .usg_post_image_1{text-align:right!important;width:50%!important;max-width:150px!important;margin-left:7%!important}.layout_737 .usg_post_title_1{font-size:1.6rem!important;line-height:1.1!important}@media (max-width:480px){.layout_737 .usg_hwrapper_1{margin-left:0!important;margin-right:0!important;padding-top:0!important;padding-bottom:0!important}.layout_737 .usg_vwrapper_1{width:86%!important;margin:7% 7% 5% 7%!important}.layout_737 .usg_post_image_1{width:100%!important;margin-left:0!important;margin-right:0!important}}<\/style><div class=\"w-grid-list\">\t<article class=\"w-grid-item size_1x1 post-3674 plik type-plik status-publish has-post-thumbnail hentry\" data-id=\"3674\">\r\n\t\t<div class=\"w-grid-item-h\">\r\n\t\t\t\t\t\t<div class=\"w-hwrapper usg_hwrapper_1 has_text_color align_left valign_middle wrap\" style=\"--hwrapper-gap:1rem\"><div class=\"w-vwrapper usg_vwrapper_1 align_left valign_top\"><h3 class=\"w-post-elm post_title usg_post_title_1 entry-title color_link_inherit\"><a href=\"https:\/\/beditom.pl\/de\/plik\/bramy-harmonijkowe\/\">Bramy harmonijkowe<\/a><\/h3><a class=\"w-btn us-btn-style_4 usg_btn_1\" href=\"https:\/\/beditom.pl\/de\/plik\/bramy-harmonijkowe\/\"><span class=\"w-btn-label\">Zobacz PDF<\/span><\/a><\/div><div class=\"w-post-elm post_image usg_post_image_1 has_width stretched\"><a href=\"https:\/\/beditom.pl\/de\/plik\/bramy-harmonijkowe\/\" aria-label=\"Bramy harmonijkowe\"><img loading=\"lazy\" decoding=\"async\" width=\"150\" height=\"150\" src=\"https:\/\/beditom.pl\/app\/uploads\/2024\/07\/Bramy-harmonijkowe-150x150.png\" class=\"attachment-thumbnail size-thumbnail wp-post-image\" alt=\"Beditom bramy gara\u017cowe\" srcset=\"https:\/\/beditom.pl\/app\/uploads\/2024\/07\/Bramy-harmonijkowe-150x150.png 150w, https:\/\/beditom.pl\/app\/uploads\/2024\/07\/Bramy-harmonijkowe-200x200.png 200w, https:\/\/beditom.pl\/app\/uploads\/2024\/07\/Bramy-harmonijkowe.png 300w\" sizes=\"auto, (max-width: 150px) 100vw, 150px\" title=\"Beditom bramy gara\u017cowe segmentowe\"><\/a><\/div><\/div>\t\t<\/div>\r\n\t\t\t<\/article>\r\n<\/div>\t<div class=\"w-grid-preloader\">\r\n\t\t<div class=\"g-preloader type_1\">\r\n\t\t\t<div><\/div>\r\n\t\t<\/div>\r\n\t<\/div>\r\n\t\t<div class=\"w-grid-json hidden\" onclick='return {&quot;action&quot;:&quot;us_ajax_grid&quot;,&quot;infinite_scroll&quot;:0,&quot;max_num_pages&quot;:1,&quot;pagination&quot;:&quot;none&quot;,&quot;template_vars&quot;:{&quot;columns&quot;:&quot;2&quot;,&quot;exclude_items&quot;:&quot;none&quot;,&quot;img_size&quot;:&quot;default&quot;,&quot;ignore_items_size&quot;:0,&quot;items_layout&quot;:&quot;737&quot;,&quot;items_offset&quot;:&quot;1&quot;,&quot;load_animation&quot;:&quot;none&quot;,&quot;overriding_link&quot;:&quot;%7B%22url%22%3A%22%22%7D&quot;,&quot;post_id&quot;:3669,&quot;query_args&quot;:{&quot;ignore_sticky_posts&quot;:1,&quot;post_type&quot;:&quot;any&quot;,&quot;post__in&quot;:[&quot;3674&quot;],&quot;posts_per_page&quot;:&quot;10&quot;},&quot;orderby_query_args&quot;:{&quot;orderby&quot;:{&quot;date&quot;:&quot;DESC&quot;}},&quot;type&quot;:&quot;grid&quot;,&quot;us_grid_post_type&quot;:&quot;ids&quot;,&quot;us_grid_ajax_index&quot;:1,&quot;us_grid_filter_query_string&quot;:null,&quot;us_grid_index&quot;:2,&quot;page_args&quot;:[]}}'><\/div>\r\n\t<\/div>\n<div class=\"w-separator size_medium\"><\/div><\/div><\/div><\/div><\/div><\/section>\n","protected":false},"excerpt":{"rendered":"","protected":false},"author":1,"featured_media":2840,"parent":2744,"menu_order":0,"comment_status":"closed","ping_status":"closed","template":"","meta":{"_acf_changed":false,"footnotes":""},"class_list":["post-1530","page","type-page","status-publish","has-post-thumbnail","hentry"],"acf":[],"_links":{"self":[{"href":"https:\/\/beditom.pl\/de\/wp-json\/wp\/v2\/pages\/1530","targetHints":{"allow":["GET"]}}],"collection":[{"href":"https:\/\/beditom.pl\/de\/wp-json\/wp\/v2\/pages"}],"about":[{"href":"https:\/\/beditom.pl\/de\/wp-json\/wp\/v2\/types\/page"}],"author":[{"embeddable":true,"href":"https:\/\/beditom.pl\/de\/wp-json\/wp\/v2\/users\/1"}],"replies":[{"embeddable":true,"href":"https:\/\/beditom.pl\/de\/wp-json\/wp\/v2\/comments?post=1530"}],"version-history":[{"count":30,"href":"https:\/\/beditom.pl\/de\/wp-json\/wp\/v2\/pages\/1530\/revisions"}],"predecessor-version":[{"id":3676,"href":"https:\/\/beditom.pl\/de\/wp-json\/wp\/v2\/pages\/1530\/revisions\/3676"}],"up":[{"embeddable":true,"href":"https:\/\/beditom.pl\/de\/wp-json\/wp\/v2\/pages\/2744"}],"wp:featuredmedia":[{"embeddable":true,"href":"https:\/\/beditom.pl\/de\/wp-json\/wp\/v2\/media\/2840"}],"wp:attachment":[{"href":"https:\/\/beditom.pl\/de\/wp-json\/wp\/v2\/media?parent=1530"}],"curies":[{"name":"wp","href":"https:\/\/api.w.org\/{rel}","templated":true}]}}