{"id":1340,"date":"2024-03-31T18:08:10","date_gmt":"2024-03-31T18:08:10","guid":{"rendered":"https:\/\/beditom.pl\/?page_id=1340"},"modified":"2025-08-12T11:35:40","modified_gmt":"2025-08-12T11:35:40","slug":"warto-wiedziec-o-bramach-garazowych","status":"publish","type":"page","link":"https:\/\/beditom.pl\/de\/dla-domu\/warto-wiedziec-o-bramach-garazowych\/","title":{"rendered":"Gut zu wissen \u00fcber Garagentore"},"content":{"rendered":"<section class=\"l-section wpb_row height_medium width_custom color_primary\" style=\"--site-content-width:1320px;\"><div class=\"l-section-h i-cf\"><div class=\"g-cols vc_row via_grid cols_1-4-1 laptops-cols_inherit tablets-cols_inherit mobiles-cols_1 valign_top type_default stacking_default\"><div class=\"wpb_column vc_column_container\"><div class=\"vc_column-inner\"><\/div><\/div><div class=\"wpb_column vc_column_container\"><div class=\"vc_column-inner\"><div class=\"w-html us_custom_9dfb85bd has_text_color\"><p>F\u00dcR DAS HAUS<\/p><\/div><div class=\"w-html us_custom_b011e678 has_text_color\"><h1 class=\"us_custom_b011e678\">Gut zu wissen \u00fcber Garagentore\n<\/h1><\/div><\/div><\/div><div class=\"wpb_column vc_column_container\"><div class=\"vc_column-inner\"><\/div><\/div><\/div><\/div><\/section><section class=\"l-section wpb_row us_custom_e29345e3 height_medium width_custom\" style=\"--site-content-width:1320px;\"><div class=\"l-section-h i-cf\"><div class=\"g-cols vc_row via_grid cols_1 laptops-cols_inherit tablets-cols_inherit mobiles-cols_1 valign_top type_default stacking_default\"><div class=\"wpb_column vc_column_container\"><div class=\"vc_column-inner\"><nav class=\"g-breadcrumbs us_custom_fdcab3db separator_icon align_none hide_current\" itemscope itemtype=\"http:\/\/schema.org\/BreadcrumbList\"><div class=\"g-breadcrumbs-item\" itemscope itemprop=\"itemListElement\" itemtype=\"http:\/\/schema.org\/ListItem\"><a itemprop=\"item\" href=\"https:\/\/beditom.pl\/de\/\"><span itemprop=\"name\">Startseite<\/span><\/a><meta itemprop=\"position\" content=\"1\"\/><\/div><div class=\"g-breadcrumbs-separator\"><i class=\"far fa-angle-right\"><\/i><\/div><div class=\"g-breadcrumbs-item\">Seiten<\/div><\/nav><\/div><\/div><\/div><\/div><\/section>\n<section class=\"l-section wpb_row height_medium width_custom\" style=\"--site-content-width:1320px;\"><div class=\"l-section-h i-cf\"><div class=\"g-cols vc_row via_grid cols_1 laptops-cols_inherit tablets-cols_inherit mobiles-cols_1 valign_top type_default stacking_default\"><div class=\"wpb_column vc_column_container\"><div class=\"vc_column-inner\"><div class=\"w-tabs style_default switch_click accordion has_scrolling\" style=\"--sections-title-size:inherit\"><div class=\"w-tabs-sections titles-align_none icon_chevron cpos_right\"><div class=\"w-tabs-section has_text_color active\" id=\"a9ba\"><button class=\"w-tabs-section-header active\" aria-controls=\"content-a9ba\" aria-expanded=\"true\"><div class=\"w-tabs-section-title\">Wussten Sie das?<\/div><div class=\"w-tabs-section-control\"><\/div><\/button><div  class=\"w-tabs-section-content us_custom_df5f4c97\" id=\"content-a9ba\"><div class=\"w-tabs-section-content-h i-cf\"><div class=\"wpb_text_column\"><div class=\"wpb_wrapper\"><ul>\n<li>Das Garagentor nimmt bis zu 40% der Vorderfront eines Wohnhauses ein und ist eines der wichtigsten Elemente, die die Architektur Ihres Hauses pr\u00e4gen.<\/li>\n<li>Das Sektionaltor ist das gr\u00f6\u00dfte bewegliche Bauteil Ihres Hauses.<\/li>\n<li>Das richtige Garagentor in Verbindung mit einer Automatisierung und einem geeigneten intelligenten Steuersystem kann erhebliche Mengen an Energie einsparen.<\/li>\n<li>Eine regelm\u00e4\u00dfige Wartung verl\u00e4ngert die Lebensdauer der T\u00fcren und hat positive Auswirkungen auf die Umwelt.<\/li>\n<li>Die berechnete Lebensdauer von BEDITOM-Garagentoren betr\u00e4gt mehr als 25 Jahre.<\/li>\n<\/ul>\n<\/div><\/div><\/div><\/div><\/div><div class=\"w-tabs-section has_text_color\" id=\"vbea\"><button class=\"w-tabs-section-header\" aria-controls=\"content-vbea\" aria-expanded=\"false\"><div class=\"w-tabs-section-title\">Welches Tor soll ich w\u00e4hlen - Kipptor, Schwingtor oder Sektionaltor?<\/div><div class=\"w-tabs-section-control\"><\/div><\/button><div  class=\"w-tabs-section-content us_custom_df5f4c97\" id=\"content-vbea\"><div class=\"w-tabs-section-content-h i-cf\"><div class=\"wpb_text_column\"><div class=\"wpb_wrapper\"><ul>\n<li>Gateway <strong>Neigung <\/strong>Ein zweifl\u00fcgeliges Garagentor ist eine traditionelle L\u00f6sung. Bei diesem Tortyp ist eine Sicherung (Fu\u00df, Schloss, Anschlag) gegen unkontrolliertes Schlie\u00dfen\/\u00d6ffnen, z. B. durch starke Windb\u00f6en, erforderlich. Das Parken vor dem Tor erfordert einen Abstand, der gr\u00f6\u00dfer ist als die Breite des Torfl\u00fcgels, so dass es manchmal notwendig ist, eine gr\u00f6\u00dfere Einfahrt zu planen.<\/li>\n<li>Gateway <strong>abbestellbar<\/strong> ben\u00f6tigt etwas weniger Platz vor dem Tor als ein Drehtor. Aufgrund seiner Funktionsweise ben\u00f6tigt es jedoch immer noch einen freien Platz vor dem Tor, um es vollst\u00e4ndig zu \u00f6ffnen. Dar\u00fcber hinaus sind Fl\u00fcgeltore oft nicht isoliert und nicht sehr luftdicht. Wie Fl\u00fcgeltore sind auch diese Konstruktionen bei kalten oder gem\u00e4\u00dfigten Klimabedingungen problematisch, vor allem im Winter, wenn selbst minimale Schneeverwehungen und -ansammlungen vor dem Tor beim Versuch, es zu \u00f6ffnen, ein \u00c4rgernis darstellen.<\/li>\n<li>Gateway <strong>segmentiert<\/strong> ist die beste Konstruktionsl\u00f6sung. Bei seiner Anwendung kann das Auto direkt vor dem Tor geparkt werden, da der Mantel des Sektionaltors in der \u00d6ffnung senkrecht nach oben f\u00e4hrt und dann in horizontalen Schienen unter der Garagendecke liegt. Die Konstruktion und die technischen L\u00f6sungen unserer Tore sorgen daf\u00fcr, dass die BEDITOM-Tore perfekt ausbalanciert sind, was bedeutet, dass nur sehr wenig Kraft zum \u00d6ffnen und Schlie\u00dfen erforderlich ist, und die spezielle Automatisierung erm\u00f6glicht einen hohen Nutzungskomfort. Eine gro\u00dfe Auswahl an Laufschienen, Paneele mit einem Isolierkern aus Polyurethanschaum von 40 oder 60 mm, ein kompletter Satz an Dichtungen sorgen daf\u00fcr, dass unsere Sektionaltore die aktuellen Anforderungen an die W\u00e4rmed\u00e4mmung erf\u00fcllen (Warm House, Passive House, etc.), und eine breite Farbpalette vervollst\u00e4ndigt den \u00e4sthetischen Effekt.<\/li>\n<\/ul>\n<\/div><\/div><\/div><\/div><\/div><div class=\"w-tabs-section has_text_color\" id=\"ldfd\"><button class=\"w-tabs-section-header\" aria-controls=\"content-ldfd\" aria-expanded=\"false\"><div class=\"w-tabs-section-title\">Welche Federn sollte meine T\u00fcr haben - Torsions- oder Zugfedern?<\/div><div class=\"w-tabs-section-control\"><\/div><\/button><div  class=\"w-tabs-section-content us_custom_df5f4c97\" id=\"content-ldfd\"><div class=\"w-tabs-section-content-h i-cf\"><div class=\"wpb_text_column\"><div class=\"wpb_wrapper\"><p>Bei Sektionaltoren k\u00f6nnen zwei grunds\u00e4tzliche Arten des Torausgleichs verwendet werden<span style=\"text-decoration: line-through;\">y<\/span> auf Basis von Torsionsfedern oder Zugfedern. Torsionsfedern sind auf einer Welle montiert und werden je nach Einbausituation direkt oberhalb der T\u00fcr im Sturz oder hinter den horizontalen Laufschienen unterhalb der Decke (sog. Low-Header) eingebaut.  Die Zugfedern hingegen befinden sich unabh\u00e4ngig von den Einbaubedingungen immer in den vertikalen Laufschienen links und rechts des Torblattes.<\/p>\n<p>Beide Ausgleichssysteme sind so konzipiert, dass der Benutzer die BEDITOM-Tore leicht und ohne \u00fcberm\u00e4\u00dfigen Kraftaufwand von Hand \u00f6ffnen kann. Dar\u00fcber hinaus sind beide Federpakete sicher konstruiert, d.h. bei Bruch einer der Federn kommt es nicht zu einem schnellen Herabfallen oder Schiefstellen des Torbehanges.<\/p>\n<\/div><\/div><\/div><\/div><\/div><div class=\"w-tabs-section has_text_color\" id=\"m038\"><button class=\"w-tabs-section-header\" aria-controls=\"content-m038\" aria-expanded=\"false\"><div class=\"w-tabs-section-title\">Wie viel Kopffreiheit ist f\u00fcr ein BEDITOM-Sektionaltor erforderlich?<\/div><div class=\"w-tabs-section-control\"><\/div><\/button><div  class=\"w-tabs-section-content us_custom_df5f4c97\" id=\"content-m038\"><div class=\"w-tabs-section-content-h i-cf\"><div class=\"wpb_text_column\"><div class=\"wpb_wrapper\"><div class=\"elementor-accordion-item\">\n<div id=\"elementor-tab-content-17012\" class=\"elementor-tab-content elementor-clearfix elementor-active\" role=\"region\" data-tab=\"12\" aria-labelledby=\"elementor-tab-title-17012\">\n<p>BEDITOM-Tore bieten eine Reihe von F\u00fchrungsl\u00f6sungen f\u00fcr das Sektionaltor. Standardm\u00e4\u00dfig wird eine freie Durchgangsh\u00f6he von 200 mm gefordert. Bei dieser Variante sind die Torsionsfedern am Sturz befestigt und das Tor kann problemlos mit jedem geeigneten Elektroantrieb ausgestattet werden. Bei Bedarf k\u00f6nnen wir das Tor auch in einem System mit einer geringeren lichten H\u00f6he von bis zu 115 mm fertigen, bei dem der Einbau eines elektrischen Antriebs zum \u00d6ffnen und Schlie\u00dfen des Tores weiterhin m\u00f6glich ist.<\/p>\n<\/div>\n<\/div>\n<div class=\"elementor-accordion-item\"><\/div>\n<\/div><\/div><\/div><\/div><\/div><div class=\"w-tabs-section has_text_color\" id=\"q228\"><button class=\"w-tabs-section-header\" aria-controls=\"content-q228\" aria-expanded=\"false\"><div class=\"w-tabs-section-title\">Welche Gr\u00f6\u00dfe sollte ein Garagentor haben?<\/div><div class=\"w-tabs-section-control\"><\/div><\/button><div  class=\"w-tabs-section-content us_custom_df5f4c97\" id=\"content-q228\"><div class=\"w-tabs-section-content-h i-cf\"><div class=\"wpb_text_column\"><div class=\"wpb_wrapper\"><p>F\u00fcr Einzelgaragen und die meisten Autos ist eine Torbreite von 2500 mm ausreichend. F\u00fcr Doppelgaragen, bei denen die Autos nebeneinander stehen, empfehlen wir eine Torbreite von 4800-5000 mm, je nach Art und voraussichtlicher Gr\u00f6\u00dfe Ihrer Autos.<\/p>\n<p>F\u00fcr einen Standard-Pkw betr\u00e4gt die empfohlene lichte \u00d6ffnungsh\u00f6he 2125 mm. Bei einem SUV, einem Minivan oder einem Auto mit \u00e4hnlicher H\u00f6he empfehlen wir eine \u00d6ffnungsh\u00f6he von mindestens 2250 mm. F\u00fcr die meisten Lieferwagen sollte eine lichte \u00d6ffnungsh\u00f6he von mindestens 2500 mm vorgesehen werden. Man sollte auch bedenken, dass die produzierten Automodelle im Laufe der Zeit immer gr\u00f6\u00dfer werden. Wenn Sie sich entscheiden, eine Garage zu bauen oder das Tor zu ersetzen, m\u00fcssen Sie ber\u00fccksichtigen, dass das BEDITOM-Tor viel l\u00e4nger h\u00e4lt als die durchschnittliche Lebensdauer eines Fahrzeugs.<\/p>\n<\/div><\/div><\/div><\/div><\/div><div class=\"w-tabs-section has_text_color\" id=\"e451\"><button class=\"w-tabs-section-header\" aria-controls=\"content-e451\" aria-expanded=\"false\"><div class=\"w-tabs-section-title\">Kann ich die Farbe der beditom-T\u00fcr an die Farbe der Fenster- und T\u00fcrrahmen in meinem Haus anpassen?<\/div><div class=\"w-tabs-section-control\"><\/div><\/button><div  class=\"w-tabs-section-content us_custom_df5f4c97\" id=\"content-e451\"><div class=\"w-tabs-section-content-h i-cf\"><div class=\"wpb_text_column\"><div class=\"wpb_wrapper\"><p>In unserem Angebot finden Sie Produkte, die perfekt zu den Farben der WIK\u0118D-T\u00fcren und -Fenster passen. Wenn Sie Holz- oder Furniertischlerarbeiten anderer Hersteller haben, k\u00f6nnen Sie mit unserer gro\u00dfen Auswahl an Dekoren wahrscheinlich ein passendes Dekor ausw\u00e4hlen, das Ihren Vorstellungen entspricht.<\/p>\n<p>Falls eine individuelle Farbgebung erforderlich ist, k\u00f6nnen wir die Torh\u00fclle in unserer Lackierkammer in jeder RAL-Farbe lackieren, unter Verwendung von Farben renommierter Hersteller und unter Einhaltung strenger technologischer und \u00f6kologischer Vorschriften. Die BEDITOM-Tore sind mit einem Korrosionsschutzanstrich versehen, der aus verzinktem Blech und mindestens zwei Farbschichten mit unterschiedlichen Farben und Mattierungsgraden besteht.<\/p>\n<\/div><\/div><\/div><\/div><\/div><div class=\"w-tabs-section has_text_color\" id=\"q650\"><button class=\"w-tabs-section-header\" aria-controls=\"content-q650\" aria-expanded=\"false\"><div class=\"w-tabs-section-title\">Wie stark ist der elektrische Antrieb f\u00fcr das BEDITOM-Tor?<\/div><div class=\"w-tabs-section-control\"><\/div><\/button><div  class=\"w-tabs-section-content us_custom_df5f4c97\" id=\"content-q650\"><div class=\"w-tabs-section-content-h i-cf\"><div class=\"wpb_text_column\"><div class=\"wpb_wrapper\"><div class=\"elementor-accordion-item\">\n<div id=\"elementor-tab-content-17013\" class=\"elementor-tab-content elementor-clearfix elementor-active\" role=\"region\" data-tab=\"13\" aria-labelledby=\"elementor-tab-title-17013\">\n<p>Die Leistung des Antriebs wird je nach Torgr\u00f6\u00dfe und Schienentyp gew\u00e4hlt. Da die BEDITOM-Sektionaltore genau ausbalanciert sind, betr\u00e4gt die ben\u00f6tigte Kraft zum \u00d6ffnen des Tores 2-4 kg (die Kraft, mit der sich das Tor m\u00fchelos mit einer Hand \u00f6ffnen l\u00e4sst), so dass Sie f\u00fcr unsere Tore einen Elektroantrieb eines beliebigen Herstellers gem\u00e4\u00df dessen Vorgaben f\u00fcr die Torabmessungen verwenden k\u00f6nnen. BEDITOM empfiehlt f\u00fcr seine Garagentore Antriebe und Ger\u00e4te des amerikanischen Herstellers LIFTMASTER und f\u00fcr Industrietore des deutschen Herstellers GFA. Beide Unternehmen geh\u00f6ren mit ihrer langj\u00e4hrigen Erfahrung zu den Marktf\u00fchrern und garantieren f\u00fcr die Qualit\u00e4t der angebotenen Produkte. Die von ihnen hergestellten Antriebe zeichnen sich durch hohe Zuverl\u00e4ssigkeit und Qualit\u00e4t sowie durch die Anpassung der Produktpalette und des Zubeh\u00f6rs an den europ\u00e4ischen Markt aus (sie entsprechen den EU-Normen und verf\u00fcgen \u00fcber die entsprechenden Zertifikate).<\/p>\n<\/div>\n<\/div>\n<div class=\"elementor-accordion-item\"><\/div>\n<\/div><\/div><\/div><\/div><\/div><div class=\"w-tabs-section has_text_color\" id=\"l832\"><button class=\"w-tabs-section-header\" aria-controls=\"content-l832\" aria-expanded=\"false\"><div class=\"w-tabs-section-title\">Wenn ich eine BEDITOM-T\u00fcr einbaue, habe ich dann keine Probleme, den erforderlichen Energieausweis f\u00fcr das Geb\u00e4ude zu erhalten?<\/div><div class=\"w-tabs-section-control\"><\/div><\/button><div  class=\"w-tabs-section-content us_custom_df5f4c97\" id=\"content-l832\"><div class=\"w-tabs-section-content-h i-cf\"><div class=\"wpb_text_column\"><div class=\"wpb_wrapper\"><p>BEDITOM-Tore erf\u00fcllen die Kriterien des Clean Air Programms. Die hohe Isolierung der Segmente, die dichten Verbindungen zwischen den Segmenten und die entsprechend ausgelegten Dichtungselemente des gesamten Tores sorgen nicht nur f\u00fcr eine problemlose Erlangung des Zertifikats, sondern auch f\u00fcr eine gute Energieeffizienz des Geb\u00e4udes. Der W\u00e4rmedurchgangskoeffizient der meisten unserer Massivt\u00fcren liegt zwischen 1,1 und 1,3 W\/m2K. .<\/p>\n<\/div><\/div><\/div><\/div><\/div><div class=\"w-tabs-section has_text_color\" id=\"ma06\"><button class=\"w-tabs-section-header\" aria-controls=\"content-ma06\" aria-expanded=\"false\"><div class=\"w-tabs-section-title\">Wie kann ich ein Tor bestellen?<\/div><div class=\"w-tabs-section-control\"><\/div><\/button><div  class=\"w-tabs-section-content us_custom_df5f4c97\" id=\"content-ma06\"><div class=\"w-tabs-section-content-h i-cf\"><div class=\"wpb_text_column\"><div class=\"wpb_wrapper\"><p>Bitte senden Sie uns das ausgef\u00fcllte Anfrageformular f\u00fcr das von Ihnen gew\u00fcnschte T\u00fcrmodell. Das war's schon! Unser Mitarbeiter wird sich mit Ihnen in Verbindung setzen, die technischen Details besprechen, Ihnen bei der Auswahl des Produkts helfen und Sie bei der Wahl der besten L\u00f6sung beraten.<\/p>\n<p>Die durchschnittliche Durchlaufzeit f\u00fcr typische Auftr\u00e4ge liegt zwischen 10 und 15 Arbeitstagen ab dem Tag der Unterzeichnung des Auftrags.<\/p>\n<\/div><\/div><\/div><\/div><\/div><div class=\"w-tabs-section has_text_color\" id=\"mbe1\"><button class=\"w-tabs-section-header\" aria-controls=\"content-mbe1\" aria-expanded=\"false\"><div class=\"w-tabs-section-title\">Wann kann der Mehrwertsteuersatz 8% angewendet werden?<\/div><div class=\"w-tabs-section-control\"><\/div><\/button><div  class=\"w-tabs-section-content us_custom_df5f4c97\" id=\"content-mbe1\"><div class=\"w-tabs-section-content-h i-cf\"><div class=\"wpb_text_column\"><div class=\"wpb_wrapper\"><p>Bei Wohngeb\u00e4uden nur, wenn sich die Garage im Geb\u00e4udek\u00f6rper des Wohngeb\u00e4udes befindet. Der Mehrwertsteuersatz 8% gilt, wenn ein Produkt zusammen mit einer Installationsdienstleistung geliefert wird - dies gilt auch f\u00fcr automatische Tore (mit elektrischem Antrieb). Der Mehrwertsteuersatz 8% gilt nicht f\u00fcr automatische Tore f\u00fcr den Zugang zum Grundst\u00fcck.<\/p>\n<\/div><\/div><\/div><\/div><\/div><div class=\"w-tabs-section has_text_color\" id=\"cddc\"><button class=\"w-tabs-section-header\" aria-controls=\"content-cddc\" aria-expanded=\"false\"><div class=\"w-tabs-section-title\">Wie viel kostet der Einbau eines Garagentors?<\/div><div class=\"w-tabs-section-control\"><\/div><\/button><div  class=\"w-tabs-section-content us_custom_df5f4c97\" id=\"content-cddc\"><div class=\"w-tabs-section-content-h i-cf\"><div class=\"wpb_text_column\"><div class=\"wpb_wrapper\"><p>Die wichtigsten Faktoren, die sich auf die Ermittlung der Kosten auswirken, sind:<\/p>\n<ul>\n<li>Gr\u00f6\u00dfe und Modell des Garagentors,<\/li>\n<li>Art des verwendeten Antriebs,<\/li>\n<li>die Ausstattung der T\u00fcr mit zus\u00e4tzlichem Zubeh\u00f6r,<\/li>\n<li>Arbeitskosten f\u00fcr den Installationsservice (abh\u00e4ngig von den Installationsbedingungen).<\/li>\n<\/ul>\n<p>Alle notwendigen Informationen werden vom BEDITOM-Kundendienst nach einer detaillierten Analyse Ihrer Bed\u00fcrfnisse in Bezug auf den Kauf des Produkts und den Installationsservice zur Verf\u00fcgung gestellt.<\/p>\n<\/div><\/div><\/div><\/div><\/div><div class=\"w-tabs-section has_text_color\" id=\"xfe0\"><button class=\"w-tabs-section-header\" aria-controls=\"content-xfe0\" aria-expanded=\"false\"><div class=\"w-tabs-section-title\">Wo kann man eine BEDITOM-T\u00fcr kaufen?<\/div><div class=\"w-tabs-section-control\"><\/div><\/button><div  class=\"w-tabs-section-content us_custom_df5f4c97\" id=\"content-xfe0\"><div class=\"w-tabs-section-content-h i-cf\"><div class=\"wpb_text_column\"><div class=\"wpb_wrapper\"><div class=\"elementor-accordion-item\">\n<div id=\"elementor-tab-content-17019\" class=\"elementor-tab-content elementor-clearfix elementor-active\" role=\"region\" data-tab=\"19\" aria-labelledby=\"elementor-tab-title-17019\">\n<p>BEDITOM verf\u00fcgt \u00fcber ein Netz von autorisierten Verkaufsstellen in ganz Polen. F\u00fcr weitere Informationen besuchen Sie bitte <a href=\"https:\/\/beditom.pl\/de\/gdzie-kupic\/\">https:\/\/beditom.pl\/gdzie-kupic\/<\/a>\u00a0 oder wenden Sie sich an unser Kundendienstb\u00fcro <a href=\"https:\/\/beditom.pl\/de\/kontakt\/\">https:\/\/beditom.pl\/kontakt\/<\/a> , wo wir Ihnen ausf\u00fchrliche Informationen geben werden.<\/p>\n<\/div>\n<\/div>\n<div class=\"elementor-accordion-item\"><\/div>\n<\/div><\/div><\/div><\/div><\/div><div class=\"w-tabs-section has_text_color\" id=\"q1f1\"><button class=\"w-tabs-section-header\" aria-controls=\"content-q1f1\" aria-expanded=\"false\"><div class=\"w-tabs-section-title\">Kann ich eine BEDITOM-T\u00fcr selbst einbauen?<\/div><div class=\"w-tabs-section-control\"><\/div><\/button><div  class=\"w-tabs-section-content us_custom_df5f4c97\" id=\"content-q1f1\"><div class=\"w-tabs-section-content-h i-cf\"><div class=\"wpb_text_column\"><div class=\"wpb_wrapper\"><div class=\"elementor-accordion-item\">\n<div id=\"elementor-tab-content-17016\" class=\"elementor-tab-content elementor-clearfix elementor-active\" role=\"region\" data-tab=\"16\" aria-labelledby=\"elementor-tab-title-17016\">\n<p>Der Einbau von BEDITOM-Sektionaltoren ist aufgrund der verwendeten L\u00f6sungen f\u00fcr ein spezialisiertes Montageteam geeignet. Aufgrund der Gr\u00f6\u00dfe des Tores und der erforderlichen Genauigkeit bei der Montage empfehlen wir, die Montage von einem professionellen und geschulten Montageteam durchf\u00fchren zu lassen. F\u00fcr die Montage einiger Teile des Sektionaltors ist Spezialwerkzeug erforderlich (z. B. Einbau und Einstellung der Torsionsfedern). Eine qualitativ hochwertige Montage ist der Schl\u00fcssel zu einem st\u00f6rungsfreien und komfortablen Betrieb des Tores \u00fcber viele Jahre hinweg. Eine unsachgem\u00e4\u00dfe Montage f\u00fchrt zu Unannehmlichkeiten bei der t\u00e4glichen Nutzung und im Extremfall zu h\u00e4ufigen Ausf\u00e4llen.<\/p>\n<p>Bei Garagentoren dauert der Einbau in der Regel zwischen 2 und 4 Stunden, je nach den Bedingungen vor Ort, wie z. B. Verf\u00fcgbarkeit von Energie, Zustand der Garagen\u00f6ffnung, Vorbereitung des Bodens usw. Die Einbauzeit h\u00e4ngt auch von der Gr\u00f6\u00dfe des Tors und der Anzahl der Zubeh\u00f6rteile (Antrieb, Lichtschranken, zus\u00e4tzliche Sicherheitseinrichtungen) ab. Nach dem Einbau erfolgt eine Funktionskontrolle und eine \u00dcberpr\u00fcfung der Sicherheitsvorrichtungen, um Unf\u00e4lle zu vermeiden. In dieser Phase ist das Installationsteam verpflichtet, sich an den Kunden\/Benutzer zu wenden und ihm eine kurze Gebrauchsanweisung sowie die entsprechenden Unterlagen auszuh\u00e4ndigen. Den Abschluss bildet die Unterzeichnung eines bilateralen Abnahmeprotokolls. Von diesem Zeitpunkt an ist das Tor zur Benutzung freigegeben und unterliegt der Garantie.<\/p>\n<\/div>\n<\/div>\n<\/div><\/div><\/div><\/div><\/div><div class=\"w-tabs-section has_text_color\" id=\"i3de\"><button class=\"w-tabs-section-header\" aria-controls=\"content-i3de\" aria-expanded=\"false\"><div class=\"w-tabs-section-title\">Sind die Konstruktion und die Beschl\u00e4ge aller Garagen-Sectionaltore gleich?<\/div><div class=\"w-tabs-section-control\"><\/div><\/button><div  class=\"w-tabs-section-content us_custom_df5f4c97\" id=\"content-i3de\"><div class=\"w-tabs-section-content-h i-cf\"><div class=\"wpb_text_column\"><div class=\"wpb_wrapper\"><p>Es gibt viele Hersteller von Sektionaltoren. Je nach Qualit\u00e4t der verwendeten Materialien, der Beschlagskomponenten und der Automatisierung werden die Qualit\u00e4t des Produkts und sein Preis gestaltet.<\/p>\n<p>BEDITOM ist seit mehreren Jahrzehnten ein Hersteller von Sektionaltoren. Dank unserer Erfahrung haben wir moderne L\u00f6sungen entwickelt, die den h\u00f6chsten Qualit\u00e4tsstandards entsprechen. Wir arbeiten ausschlie\u00dflich mit renommierten Komponentenlieferanten aus dem europ\u00e4ischen Markt zusammen. Wir sind uns bewusst, dass die Qualit\u00e4t der verwendeten Komponenten einen entscheidenden Einfluss auf den langfristigen und st\u00f6rungsfreien Betrieb unserer Produkte hat. Bei der Qualit\u00e4t unserer T\u00fcren machen wir keine Kompromisse. Wir sind einer der f\u00fchrenden Hersteller, der auf die Langlebigkeit und Betriebssicherheit seiner Produkte setzt. Mehr \u00fcber unseren Ansatz erfahren Sie unter: <a href=\"https:\/\/beditom.pl\/de\/o-firmie\/\">https:\/\/beditom.pl\/o-firmie\/<\/a>.<\/p>\n<\/div><\/div><\/div><\/div><\/div><div class=\"w-tabs-section has_text_color\" id=\"u5d6\"><button class=\"w-tabs-section-header\" aria-controls=\"content-u5d6\" aria-expanded=\"false\"><div class=\"w-tabs-section-title\">Wie kann ich meine neue BEDITOM-T\u00fcr warten und pflegen?<\/div><div class=\"w-tabs-section-control\"><\/div><\/button><div  class=\"w-tabs-section-content us_custom_df5f4c97\" id=\"content-u5d6\"><div class=\"w-tabs-section-content-h i-cf\"><div class=\"wpb_text_column\"><div class=\"wpb_wrapper\"><p>BEDITOM-Tore erfordern keine besondere Pflege seitens des Benutzers. Es gen\u00fcgt, die Torsektionen sauber und die mechanischen Komponenten frei von Schmutz zu halten und mit den entsprechenden Schutzmitteln zu pflegen. Die Reibungselemente sollten geschmiert werden, um einen reibungslosen Betrieb zu gew\u00e4hrleisten und somit eine langj\u00e4hrige, st\u00f6rungsfreie Lebensdauer zu garantieren.<\/p>\n<p>Aufgrund des typischen Bauzyklus und unserer langj\u00e4hrigen Erfahrung in der Herstellung und Montage von Sektionaltoren empfehlen wir eine Garantiepr\u00fcfung nach dem ersten Betriebsjahr. Wir sind uns der Tatsache bewusst, dass die Tore unter Baubedingungen besonders harten Arbeitsbedingungen in einem sehr ung\u00fcnstigen mechanischen Umfeld ausgesetzt sind (Zementstaub, Verputzen, Spachteln, Bodenbel\u00e4ge usw.).<\/p>\n<p>Nach Abschluss der Bauarbeiten ist es ratsam, eine professionelle Wartung einschlie\u00dflich der Einstellung des Tores unter Ber\u00fccksichtigung des tats\u00e4chlichen, aktuellen Zustands des Produkts auf der Baustelle nach allen m\u00f6glichen \u00c4nderungen (z. B. \u00c4nderung der Bodenh\u00f6he aufgrund der Verlegung von Terrakottafliesen) durchzuf\u00fchren. Au\u00dferdem m\u00fcssen das Gleichgewicht des Tors und die Wirksamkeit der mechanischen und elektrischen Sicherheitsvorrichtungen \u00fcberpr\u00fcft werden, die nicht f\u00fcr den Betrieb unter staubigen Bedingungen ausgelegt sind (z. B. beim Verlegen von Putz).<\/p>\n<p>Die hohe Qualit\u00e4t des Produkts und die technischen L\u00f6sungen, die f\u00fcr Sektionaltore verwendet werden, f\u00fchren dazu, dass sich jede Nachl\u00e4ssigkeit in diesem Bereich auf die Haltbarkeit und den Komfort des Tors in den folgenden Jahren der Nutzung auswirken wird.<\/p>\n<\/div><\/div><\/div><\/div><\/div><\/div><\/div><\/div><\/div><\/div><\/div><\/section>","protected":false},"excerpt":{"rendered":"DLA DOMUWarto wiedzie\u0107 o bramach gara\u017cowych Strona g\u0142\u00f3wnaSeiten Czy wiesz \u017ce? Brama gara\u017cowa zajmuje do 40% powierzchni elewacji frontowej budynku mieszkalnego i jest jednym z g\u0142\u00f3wnych element\u00f3w kszta\u0142tuj\u0105cych architektur\u0119 Twojego domu. Brama segmentowa jest najwi\u0119kszym ruchomym elementem konstrukcyjnym Twojego domu. Odpowiednio dobrana brama gara\u017cowa wraz z automatyk\u0105 i odpowiednim inteligentnym systemem sterowania pozwala zaoszcz\u0119dzi\u0107 znaczne...","protected":false},"author":1,"featured_media":599,"parent":1926,"menu_order":0,"comment_status":"closed","ping_status":"closed","template":"","meta":{"_acf_changed":false,"footnotes":""},"class_list":["post-1340","page","type-page","status-publish","has-post-thumbnail","hentry"],"acf":[],"_links":{"self":[{"href":"https:\/\/beditom.pl\/de\/wp-json\/wp\/v2\/pages\/1340","targetHints":{"allow":["GET"]}}],"collection":[{"href":"https:\/\/beditom.pl\/de\/wp-json\/wp\/v2\/pages"}],"about":[{"href":"https:\/\/beditom.pl\/de\/wp-json\/wp\/v2\/types\/page"}],"author":[{"embeddable":true,"href":"https:\/\/beditom.pl\/de\/wp-json\/wp\/v2\/users\/1"}],"replies":[{"embeddable":true,"href":"https:\/\/beditom.pl\/de\/wp-json\/wp\/v2\/comments?post=1340"}],"version-history":[{"count":24,"href":"https:\/\/beditom.pl\/de\/wp-json\/wp\/v2\/pages\/1340\/revisions"}],"predecessor-version":[{"id":4784,"href":"https:\/\/beditom.pl\/de\/wp-json\/wp\/v2\/pages\/1340\/revisions\/4784"}],"up":[{"embeddable":true,"href":"https:\/\/beditom.pl\/de\/wp-json\/wp\/v2\/pages\/1926"}],"wp:featuredmedia":[{"embeddable":true,"href":"https:\/\/beditom.pl\/de\/wp-json\/wp\/v2\/media\/599"}],"wp:attachment":[{"href":"https:\/\/beditom.pl\/de\/wp-json\/wp\/v2\/media?parent=1340"}],"curies":[{"name":"wp","href":"https:\/\/api.w.org\/{rel}","templated":true}]}}