{"id":1334,"date":"2024-03-31T17:40:56","date_gmt":"2024-03-31T17:40:56","guid":{"rendered":"https:\/\/beditom.pl\/?page_id=1334"},"modified":"2024-12-09T14:10:09","modified_gmt":"2024-12-09T14:10:09","slug":"dlaczego-beditom","status":"publish","type":"page","link":"https:\/\/beditom.pl\/de\/dla-domu\/dlaczego-beditom\/","title":{"rendered":"Warum Beditom?"},"content":{"rendered":"<section class=\"l-section wpb_row height_medium width_custom color_primary\" style=\"--site-content-width:1320px;\"><div class=\"l-section-h i-cf\"><div class=\"g-cols vc_row via_grid cols_1-4-1 laptops-cols_inherit tablets-cols_inherit mobiles-cols_1 valign_top type_default stacking_default\"><div class=\"wpb_column vc_column_container\"><div class=\"vc_column-inner\"><\/div><\/div><div class=\"wpb_column vc_column_container\"><div class=\"vc_column-inner\"><div class=\"w-html us_custom_b011e678 has_text_color\"><h1 class=\"us_custom_b011e678\">Warum BEDITOM?\n<\/h1><\/div><\/div><\/div><div class=\"wpb_column vc_column_container\"><div class=\"vc_column-inner\"><\/div><\/div><\/div><\/div><\/section><section class=\"l-section wpb_row height_auto\"><div class=\"l-section-h i-cf\"><div class=\"g-cols vc_row via_grid cols_1 laptops-cols_inherit tablets-cols_inherit mobiles-cols_1 valign_top type_default stacking_default\"><div class=\"wpb_column vc_column_container\"><div class=\"vc_column-inner\"><\/div><\/div><\/div><\/div><\/section><section class=\"l-section wpb_row us_custom_eb849559 height_small\"><div class=\"l-section-h i-cf\"><div class=\"g-cols vc_row via_grid cols_1 laptops-cols_inherit tablets-cols_inherit mobiles-cols_1 valign_top type_default stacking_default\"><div class=\"wpb_column vc_column_container\"><div class=\"vc_column-inner\"><div class=\"w-separator size_medium\"><\/div><div class=\"g-cols wpb_row via_grid cols_3 laptops-cols_3 tablets-cols_inherit mobiles-cols_1 valign_top type_default stacking_default\" style=\"--columns-gap:3rem;\"><div class=\"wpb_column vc_column_container us_custom_38bb2da8\"><div class=\"vc_column-overlay\" style=\"background:var(--color-chrome-toolbar)\"><\/div><div class=\"vc_column-inner\"><div class=\"w-vwrapper us_custom_8b3d6790 has_text_color align_center valign_top\"><div class=\"wpb_text_column us_custom_adf5e1d0 has_text_color us_animate_this\"><div class=\"wpb_wrapper\"><p class=\"wp-block-heading\" style=\"text-align: center;\">1<\/p>\n<\/div><\/div><div class=\"wpb_text_column us_custom_a296b92a has_text_color\"><div class=\"wpb_wrapper\"><p data-pm-slice=\"1 1 &#091;&quot;bulletList&quot;,null,&quot;listItem&quot;,null&#093;\">bew\u00e4hrte Qualit\u00e4t<\/p>\n<\/div><\/div><\/div><div class=\"w-separator size_small\"><\/div><div class=\"wpb_text_column\"><div class=\"wpb_wrapper\"><p>Best\u00e4tigt durch Zertifikate von unabh\u00e4ngigen Institutionen. Die Produktion der Beditom-Tore erfolgt unter Anwendung des Qualit\u00e4tsmanagementsystems DNV ISO 9001 und entspricht den h\u00f6chsten europ\u00e4ischen und weltweiten Anforderungen. Dank dieser Tatsache bieten wir langfristige Garantien f\u00fcr unsere Produkte.<\/p>\n<\/div><\/div><div class=\"w-separator size_medium\"><\/div><\/div><\/div><div class=\"wpb_column vc_column_container us_custom_7ebc4029 has_bg_color\"><div class=\"vc_column-inner\"><div class=\"w-vwrapper us_custom_8b3d6790 has_text_color align_center valign_top\"><div class=\"wpb_text_column us_custom_adf5e1d0 has_text_color us_animate_this\"><div class=\"wpb_wrapper\"><p class=\"wp-block-heading\" style=\"text-align: center;\">2<\/p>\n<\/div><\/div><div class=\"wpb_text_column us_custom_a296b92a has_text_color\"><div class=\"wpb_wrapper\"><p data-pm-slice=\"1 1 &#091;&quot;bulletList&quot;,null,&quot;listItem&quot;,null&#093;\">30 Jahre Erfahrung<\/p>\n<\/div><\/div><\/div><div class=\"w-separator size_small\"><\/div><div class=\"wpb_text_column\"><div class=\"wpb_wrapper\"><p>Beditom verf\u00fcgt \u00fcber die gr\u00f6\u00dfte Erfahrung und Tradition im Verkauf und in der Produktion von Sektionaltoren in Polen. Unsere hochqualifizierten Spezialisten k\u00fcmmern sich um jedes Detail und arbeiten st\u00e4ndig an innovativen technischen L\u00f6sungen.<\/p>\n<\/div><\/div><div class=\"w-separator size_medium\"><\/div><\/div><\/div><div class=\"wpb_column vc_column_container us_custom_4a708eea has_bg_color\"><div class=\"vc_column-inner\"><h4 class=\"w-text us_custom_a2f79c23\"><span class=\"w-text-h\"><span class=\"w-text-value\">Beantwortung von Anfragen innerhalb von 24 Stunden<\/span><\/span><\/h4><div class=\"w-separator size_medium\"><\/div><div class=\"w-separator size_medium\"><\/div><div class=\"w-separator size_medium\"><\/div><div class=\"w-separator size_medium\"><\/div><div class=\"w-separator size_medium\"><\/div><\/div><\/div><\/div><\/div><\/div><\/div><\/div><\/section><section class=\"l-section wpb_row us_custom_eb849559 height_small\"><div class=\"l-section-h i-cf\"><div class=\"g-cols vc_row via_grid cols_1 laptops-cols_inherit tablets-cols_inherit mobiles-cols_1 valign_top type_default stacking_default\"><div class=\"wpb_column vc_column_container\"><div class=\"vc_column-inner\"><div class=\"g-cols wpb_row via_grid cols_3 laptops-cols_3 tablets-cols_inherit mobiles-cols_1 valign_top type_default stacking_default\" style=\"--columns-gap:3rem;\"><div class=\"wpb_column vc_column_container us_custom_7cb7d878 has_bg_color\"><div class=\"vc_column-inner\"><div class=\"w-vwrapper align_center valign_top\"><div class=\"wpb_text_column us_custom_adf5e1d0 has_text_color us_animate_this\"><div class=\"wpb_wrapper\"><p class=\"wp-block-heading\" style=\"text-align: center;\">3<\/p>\n<\/div><\/div><div class=\"wpb_text_column us_custom_a296b92a has_text_color\"><div class=\"wpb_wrapper\"><p data-pm-slice=\"1 1 &#091;&quot;bulletList&quot;,null,&quot;listItem&quot;,null&#093;\">Innovation und Sicherheit<\/p>\n<\/div><\/div><\/div><div class=\"w-separator size_small\"><\/div><div class=\"wpb_text_column\"><div class=\"wpb_wrapper\"><p>Federbruchsicherung, Kabelbruchsicherung, Fingerklemmschutz und die Verwendung einer niedrigen Schwelle in der Servicet\u00fcr gew\u00e4hrleisten den sicheren Betrieb unserer T\u00fcren \u00fcber die gesamte Lebensdauer.<\/p>\n<\/div><\/div><div class=\"w-separator size_medium\"><\/div><\/div><\/div><div class=\"wpb_column vc_column_container us_custom_508fa9a4 has_bg_color\"><div class=\"vc_column-inner\"><h4 class=\"w-text us_custom_a2f79c23\"><span class=\"w-text-h\"><span class=\"w-text-value\">STANDORTSPEZIFISCHE L\u00d6SUNGEN<\/span><\/span><\/h4><div class=\"w-separator size_large\"><\/div><div class=\"w-separator size_large\"><\/div><div class=\"w-separator size_large\"><\/div><\/div><\/div><div class=\"wpb_column vc_column_container us_custom_38bb2da8\"><div class=\"vc_column-overlay\" style=\"background:var(--color-chrome-toolbar)\"><\/div><div class=\"vc_column-inner\"><div class=\"w-vwrapper align_center valign_top\"><div class=\"wpb_text_column us_custom_adf5e1d0 has_text_color us_animate_this\"><div class=\"wpb_wrapper\"><p class=\"wp-block-heading\" style=\"text-align: center;\">4<\/p>\n<\/div><\/div><div class=\"wpb_text_column us_custom_a296b92a has_text_color\"><div class=\"wpb_wrapper\"><p class=\"wp-block-heading\">Garantierte Energieeffizienz<\/p>\n<\/div><\/div><\/div><div class=\"w-separator size_small\"><\/div><div class=\"wpb_text_column us_custom_eb849559\"><div class=\"wpb_wrapper\"><p>Die Beditom-T\u00fcren bestehen aus 40 mm dicken Paneelen, die mit schwer entflammbarem Polyurethanschaum (FCKW-frei) gef\u00fcllt sind, und sind mit einem System langlebiger, flexibler und witterungsbest\u00e4ndiger Dichtungen ausgestattet, die um den Umfang der T\u00fcr herum angebracht sind. Die von uns verwendeten Dichtungen sch\u00fctzen nicht nur vor Wind, Regen und K\u00e4lte, sondern gleichen durch den Einsatz einer breiten U-f\u00f6rmigen Bodendichtung zus\u00e4tzlich kleine Bodenunebenheiten aus.<\/p>\n<\/div><\/div><\/div><\/div><\/div><\/div><\/div><\/div><\/div><\/section><section class=\"l-section wpb_row height_small\"><div class=\"l-section-h i-cf\"><div class=\"g-cols vc_row via_grid cols_1 laptops-cols_inherit tablets-cols_inherit mobiles-cols_1 valign_top type_default stacking_default\"><div class=\"wpb_column vc_column_container\"><div class=\"vc_column-inner\"><div class=\"g-cols wpb_row via_grid cols_3 laptops-cols_3 tablets-cols_inherit mobiles-cols_1 valign_top type_default stacking_default\" style=\"--columns-gap:3rem;\"><div class=\"wpb_column vc_column_container us_custom_8108fcd0 has_bg_color\"><div class=\"vc_column-inner\"><h4 class=\"w-text us_custom_a2f79c23\"><span class=\"w-text-h\"><span class=\"w-text-value\">ZUSAMMENARBEIT MIT RENOMMIERTEN AUTOMATISIERUNGSANBIETERN<\/span><\/span><\/h4><div class=\"w-separator size_small\"><\/div><div class=\"w-separator size_small\"><\/div><div class=\"w-separator size_small\"><\/div><div class=\"w-separator size_small\"><\/div><div class=\"w-separator size_small\"><\/div><div class=\"w-separator size_small\"><\/div><div class=\"w-separator size_small\"><\/div><div class=\"w-separator size_small\"><\/div><div class=\"w-separator size_small\"><\/div><\/div><\/div><div class=\"wpb_column vc_column_container us_custom_7ebc4029 has_bg_color\"><div class=\"vc_column-inner\"><div class=\"w-vwrapper align_center valign_top\"><div class=\"wpb_text_column us_custom_adf5e1d0 has_text_color us_animate_this\"><div class=\"wpb_wrapper\"><p class=\"wp-block-heading\" style=\"text-align: center;\">5<\/p>\n<\/div><\/div><div class=\"wpb_text_column us_custom_a296b92a has_text_color\"><div class=\"wpb_wrapper\"><p data-pm-slice=\"1 1 &#091;&quot;bulletList&quot;,null,&quot;listItem&quot;,null&#093;\">technische Ratschl\u00e4ge<\/p>\n<\/div><\/div><\/div><div class=\"w-separator size_small\"><\/div><div class=\"wpb_text_column\"><div class=\"wpb_wrapper\"><p>Im Vergleich zu den L\u00f6sungen der Mitbewerber und vor allem bei Fl\u00fcgeltoren bieten die Sektionaltore von Beditom einen breiteren Durchgangsbereich, was besonders f\u00fcr Kunden mit neueren Autos, Gel\u00e4ndewagen oder Transportern wichtig ist.<\/p>\n<\/div><\/div><\/div><\/div><div class=\"wpb_column vc_column_container us_custom_7cb7d878 has_bg_color\"><div class=\"vc_column-inner\"><div class=\"w-vwrapper align_center valign_top\"><div class=\"wpb_text_column us_custom_adf5e1d0 has_text_color us_animate_this\"><div class=\"wpb_wrapper\"><p class=\"wp-block-heading\" style=\"text-align: center;\">6<\/p>\n<\/div><\/div><div class=\"wpb_text_column us_custom_a296b92a has_text_color\"><div class=\"wpb_wrapper\"><p class=\"wp-block-heading\">Zuverl\u00e4ssige Leistung<\/p>\n<\/div><\/div><\/div><div class=\"w-separator size_small\"><\/div><div class=\"wpb_text_column\"><div class=\"wpb_wrapper\"><p>Komfort vor allem - durch den Einsatz von erstklassigen und renommierten Antrieben \u00f6ffnen sich unsere Tore automatisch und erm\u00f6glichen z.B. mit dem Duo Rapido-Antrieb, der eine erh\u00f6hte \u00d6ffnungsgeschwindigkeit von bis zu 50 % im Vergleich zu Wettbewerbsl\u00f6sungen aufweist, eine schnellere Einfahrt in die Garage, was besonders bei erh\u00f6htem Verkehrsaufkommen wichtig ist.<\/p>\n<\/div><\/div><\/div><\/div><\/div><\/div><\/div><\/div><\/div><\/section><section class=\"l-section wpb_row height_small\"><div class=\"l-section-h i-cf\"><div class=\"g-cols vc_row via_grid cols_1 laptops-cols_inherit tablets-cols_inherit mobiles-cols_1 valign_top type_default stacking_default\"><div class=\"wpb_column vc_column_container\"><div class=\"vc_column-inner\"><div class=\"g-cols wpb_row via_grid cols_3 laptops-cols_3 tablets-cols_inherit mobiles-cols_1 valign_top type_default stacking_default\" style=\"--columns-gap:3rem;\"><div class=\"wpb_column vc_column_container us_custom_7cb7d878 has_bg_color\"><div class=\"vc_column-inner\"><div class=\"w-vwrapper align_center valign_top\"><div class=\"wpb_text_column us_custom_adf5e1d0 has_text_color us_animate_this\"><div class=\"wpb_wrapper\"><p class=\"wp-block-heading\" style=\"text-align: center;\">7<\/p>\n<\/div><\/div><div class=\"wpb_text_column us_custom_a296b92a has_text_color\"><div class=\"wpb_wrapper\"><p class=\"wp-block-heading\">Sichere Garage<\/p>\n<\/div><\/div><\/div><div class=\"w-separator size_small\"><\/div><div class=\"wpb_text_column\"><div class=\"wpb_wrapper\"><p>Ruhig schlafen. Mit den automatischen Toren von Beditom k\u00f6nnen Sie ruhig schlafen. Die automatische Verriegelung in der F\u00fchrung ist sehr wirksam gegen Einbruch und sch\u00fctzt die Tore auch bei Stromausfall vor dem Aushebeln.<\/p>\n<\/div><\/div><div class=\"w-separator size_medium\"><\/div><\/div><\/div><div class=\"wpb_column vc_column_container us_custom_dd0716b3 has_bg_color\"><div class=\"vc_column-inner\"><div class=\"w-vwrapper align_center valign_top\"><div class=\"wpb_text_column us_custom_adf5e1d0 has_text_color us_animate_this\"><div class=\"wpb_wrapper\"><p class=\"wp-block-heading\" style=\"text-align: center;\">8<\/p>\n<\/div><\/div><div class=\"wpb_text_column us_custom_a296b92a has_text_color\"><div class=\"wpb_wrapper\"><p class=\"wp-block-heading\">Wir brechen den Standard der Dimensionen<\/p>\n<\/div><\/div><\/div><div class=\"w-separator size_small\"><\/div><div class=\"wpb_text_column\"><div class=\"wpb_wrapper\"><p>Alle Beditom-Tore werden auf individuelle Bestellung gefertigt. Daher sind alle Torbreiten ohne Aufpreis f\u00fcr Nicht-Standardma\u00dfe lieferbar.<\/p>\n<\/div><\/div><div class=\"w-separator size_medium\"><\/div><\/div><\/div><div class=\"wpb_column vc_column_container us_custom_7cb7d878 has_bg_color\"><div class=\"vc_column-inner\"><div class=\"w-vwrapper align_center valign_top\"><div class=\"wpb_text_column us_custom_adf5e1d0 has_text_color us_animate_this\"><div class=\"wpb_wrapper\"><p class=\"wp-block-heading\" style=\"text-align: center;\">9<\/p>\n<\/div><\/div><div class=\"wpb_text_column us_custom_a296b92a has_text_color\"><div class=\"wpb_wrapper\"><p class=\"wp-block-heading\">Umweltfreundlich<\/p>\n<\/div><\/div><\/div><div class=\"w-separator size_small\"><\/div><div class=\"wpb_text_column\"><div class=\"wpb_wrapper\"><p>Mit dem Ziel, die Umwelt zu sch\u00fctzen, verwenden wir ausschlie\u00dflich \u00f6kologische Technologien. Unserem Unternehmen liegt nicht nur die Qualit\u00e4t unserer Produkte am Herzen, sondern auch die Umwelt, die uns umgibt. Deshalb verwenden wir in unserer Produktion nur umweltfreundliche Materialien.<\/p>\n<\/div><\/div><div class=\"w-separator size_medium\"><\/div><\/div><\/div><\/div><\/div><\/div><\/div><\/div><\/section><div class=\"wpb_column vc_column_container\"><div class=\"vc_column-inner\"><div class=\"w-separator size_medium\"><\/div><\/div><\/div><section class=\"l-section wpb_row height_auto\"><div class=\"l-section-h i-cf\"><div class=\"g-cols vc_row via_grid cols_1 laptops-cols_inherit tablets-cols_inherit mobiles-cols_1 valign_top type_default stacking_default\"><div class=\"wpb_column vc_column_container\"><div class=\"vc_column-inner\"><div class=\"w-separator size_medium\"><\/div><div class=\"w-separator size_medium\"><\/div><\/div><\/div><\/div><\/div><\/section>","protected":false},"excerpt":{"rendered":"Dlaczego BEDITOM? 1 sprawdzona jako\u015b\u0107 Potwierdzona certyfikatami niezale\u017cnych instytucji. Produkcja bram Beditom odbywa si\u0119 z zastosowaniem system\u00f3w zarz\u0105dzania jako\u015bci\u0105 DNV ISO 9001 i spe\u0142nia najwy\u017csze wymagania europejskie i \u015bwiatowe. Dzi\u0119ki temu udzielamy wieloletnich gwarancji na nasze produkty. 2 do\u015bwiadczenie 30 lat Beditom posiada najwi\u0119ksze do\u015bwiadczenie i tradycje w zakresie sprzeda\u017cy i produkcji bram segmentowych w...","protected":false},"author":1,"featured_media":599,"parent":1926,"menu_order":0,"comment_status":"closed","ping_status":"closed","template":"","meta":{"_acf_changed":false,"footnotes":""},"class_list":["post-1334","page","type-page","status-publish","has-post-thumbnail","hentry"],"acf":[],"_links":{"self":[{"href":"https:\/\/beditom.pl\/de\/wp-json\/wp\/v2\/pages\/1334","targetHints":{"allow":["GET"]}}],"collection":[{"href":"https:\/\/beditom.pl\/de\/wp-json\/wp\/v2\/pages"}],"about":[{"href":"https:\/\/beditom.pl\/de\/wp-json\/wp\/v2\/types\/page"}],"author":[{"embeddable":true,"href":"https:\/\/beditom.pl\/de\/wp-json\/wp\/v2\/users\/1"}],"replies":[{"embeddable":true,"href":"https:\/\/beditom.pl\/de\/wp-json\/wp\/v2\/comments?post=1334"}],"version-history":[{"count":30,"href":"https:\/\/beditom.pl\/de\/wp-json\/wp\/v2\/pages\/1334\/revisions"}],"predecessor-version":[{"id":4534,"href":"https:\/\/beditom.pl\/de\/wp-json\/wp\/v2\/pages\/1334\/revisions\/4534"}],"up":[{"embeddable":true,"href":"https:\/\/beditom.pl\/de\/wp-json\/wp\/v2\/pages\/1926"}],"wp:featuredmedia":[{"embeddable":true,"href":"https:\/\/beditom.pl\/de\/wp-json\/wp\/v2\/media\/599"}],"wp:attachment":[{"href":"https:\/\/beditom.pl\/de\/wp-json\/wp\/v2\/media?parent=1334"}],"curies":[{"name":"wp","href":"https:\/\/api.w.org\/{rel}","templated":true}]}}