{"id":1239,"date":"2024-03-25T20:49:56","date_gmt":"2024-03-25T20:49:56","guid":{"rendered":"https:\/\/beditom.pl\/?page_id=1239"},"modified":"2024-04-15T18:05:29","modified_gmt":"2024-04-15T18:05:29","slug":"ixengo-l-230-v-rts","status":"publish","type":"page","link":"https:\/\/beditom.pl\/de\/dla-domu\/automatyka-do-bram-wjazdowych\/somfy-napedy-do-bram-przesuwnych\/ixengo-l-230-v-rts\/","title":{"rendered":"Ixengo L 230 V RTS"},"content":{"rendered":"<section class=\"l-section wpb_row height_medium width_custom color_primary\" style=\"--site-content-width:1320px;\"><div class=\"l-section-h i-cf\"><div class=\"g-cols vc_row via_grid cols_1-4-1 laptops-cols_inherit tablets-cols_inherit mobiles-cols_1 valign_top type_default stacking_default\"><div class=\"wpb_column vc_column_container\"><div class=\"vc_column-inner\"><\/div><\/div><div class=\"wpb_column vc_column_container\"><div class=\"vc_column-inner\"><div class=\"w-html us_custom_9dfb85bd has_text_color\"><p>F\u00dcR DAS HAUS<\/p><\/div><div class=\"w-html us_custom_b011e678 has_text_color\"><p>Somfy nap\u0119d do bram skrzyd\u0142owych\n<\/p><\/div><\/div><\/div><div class=\"wpb_column vc_column_container\"><div class=\"vc_column-inner\"><\/div><\/div><\/div><\/div><\/section><section class=\"l-section wpb_row us_custom_e29345e3 height_medium width_custom\" style=\"--site-content-width:1320px;\"><div class=\"l-section-h i-cf\"><div class=\"g-cols vc_row via_grid cols_1 laptops-cols_inherit tablets-cols_inherit mobiles-cols_1 valign_top type_default stacking_default\"><div class=\"wpb_column vc_column_container\"><div class=\"vc_column-inner\"><nav class=\"g-breadcrumbs us_custom_fdcab3db separator_icon align_none hide_current\" itemscope itemtype=\"http:\/\/schema.org\/BreadcrumbList\"><div class=\"g-breadcrumbs-item\" itemscope itemprop=\"itemListElement\" itemtype=\"http:\/\/schema.org\/ListItem\"><a itemprop=\"item\" href=\"https:\/\/beditom.pl\/de\/\"><span itemprop=\"name\">Startseite<\/span><\/a><meta itemprop=\"position\" content=\"1\"\/><\/div><div class=\"g-breadcrumbs-separator\"><i class=\"far fa-angle-right\"><\/i><\/div><div class=\"g-breadcrumbs-item\">Seiten<\/div><\/nav><\/div><\/div><\/div><\/div><\/section>\n<section class=\"l-section wpb_row height_medium width_custom\" style=\"--site-content-width:1320px;\"><div class=\"l-section-h i-cf\"><div class=\"g-cols vc_row via_grid cols_1 laptops-cols_inherit tablets-cols_inherit mobiles-cols_1 valign_bottom type_default stacking_default\"><div class=\"wpb_column vc_column_container\"><div class=\"vc_column-inner\"><div class=\"w-image align_none\"><div class=\"w-image-h\"><img decoding=\"async\" width=\"300\" height=\"98\" src=\"https:\/\/beditom.pl\/app\/uploads\/2024\/03\/logo_somfy-300x98.webp\" class=\"attachment-medium size-medium\" alt=\"Beditom bramy gara\u017cowe\" loading=\"lazy\" srcset=\"https:\/\/beditom.pl\/app\/uploads\/2024\/03\/logo_somfy-300x98.webp 300w, https:\/\/beditom.pl\/app\/uploads\/2024\/03\/logo_somfy.webp 399w\" sizes=\"auto, (max-width: 300px) 100vw, 300px\" title=\"Beditom Garagen-Sektionaltore\"><\/div><\/div><div class=\"w-html us_custom_9ebf969f\"><p>Nap\u0119d do bram wjazdowych Ixengo L230 RTS\n<\/p><\/div><\/div><\/div><\/div><\/div><\/section><section class=\"l-section wpb_row us_custom_887a049b height_medium width_custom\" style=\"--site-content-width:1320px;\"><div class=\"l-section-h i-cf\"><div class=\"g-cols vc_row via_grid cols_2 laptops-cols_inherit tablets-cols_inherit mobiles-cols_1 valign_top type_default stacking_default\"><div class=\"wpb_column vc_column_container\"><div class=\"vc_column-inner\"><div class=\"wpb_text_column us_custom_eb6ff7ce has_text_color\"><div class=\"wpb_wrapper\"><p>Solidny, wydajny i \u0142atwy w monta\u017cu<\/p>\n<\/div><\/div><div class=\"w-separator size_medium\"><\/div><div class=\"wpb_text_column\"><div class=\"wpb_wrapper\"><p><strong>Wydajno\u015b\u0107<\/strong><\/p>\n<ul>\n<li>Mo\u017cliwo\u015b\u0107 otwierania skrzyde\u0142<\/li>\n<li>o d\u0142ugo\u015bci do 4 m i wadze do 400 kg<\/li>\n<\/ul>\n<p><strong>Wygoda<\/strong><\/p>\n<ul>\n<li>\u0141atwy dost\u0119p do zacisk\u00f3w z ty\u0142u silnika<\/li>\n<li>Szeroka oferta uchwyt\u00f3w umo\u017cliwiaj\u0105ca adaptacj\u0119 do r\u00f3\u017cnego rodzaju instalacji<\/li>\n<li>\u0141atwy do poziomowania dzi\u0119ki<\/li>\n<li>odpowiedniemu kszta\u0142towi<\/li>\n<li>Mo\u017cliwo\u015b\u0107 mi\u0119kkiego stopu (zatrzymania)<\/li>\n<\/ul>\n<p><strong>Bezpiecze\u0144stwo<\/strong><\/p>\n<ul>\n<li>Mechanizm zapewnia doskona\u0142\u0105 odporno\u015b\u0107 na dzia\u0142anie silnych wiatr\u00f3w<\/li>\n<li>Praktyczne i bezpieczne rozsprz\u0119glenie kluczem patentowym<\/li>\n<\/ul>\n<p><strong>\u0141atwe ustawienia<\/strong><\/p>\n<ul>\n<li>Jeden przycisk do programowania<\/li>\n<li>Jeden przycisk do parowania pilot\u00f3w<\/li>\n<li>12 prze\u0142\u0105cznik\u00f3w do ustawie\u0144<br \/>\nzaawansowanych<\/li>\n<\/ul>\n<\/div><\/div><\/div><\/div><div class=\"wpb_column vc_column_container\"><div class=\"vc_column-inner\"><div class=\"w-image align_none\"><div class=\"w-image-h\"><img decoding=\"async\" width=\"400\" height=\"400\" src=\"https:\/\/beditom.pl\/app\/uploads\/2024\/03\/somfy_wjazowe_1.webp\" class=\"attachment-large size-large\" alt=\"Beditom bramy gara\u017cowe\" loading=\"lazy\" srcset=\"https:\/\/beditom.pl\/app\/uploads\/2024\/03\/somfy_wjazowe_1.webp 400w, https:\/\/beditom.pl\/app\/uploads\/2024\/03\/somfy_wjazowe_1-300x300.webp 300w, https:\/\/beditom.pl\/app\/uploads\/2024\/03\/somfy_wjazowe_1-150x150.webp 150w, https:\/\/beditom.pl\/app\/uploads\/2024\/03\/somfy_wjazowe_1-50x50.webp 50w\" sizes=\"auto, (max-width: 400px) 100vw, 400px\" title=\"Beditom Garagen-Sektionaltore\"><\/div><\/div><\/div><\/div><\/div><\/div><\/section><section class=\"l-section wpb_row height_medium\"><div class=\"l-section-h i-cf\"><div class=\"g-cols vc_row via_grid cols_1-4-1 laptops-cols_inherit tablets-cols_inherit mobiles-cols_1 valign_top type_default stacking_default\"><div class=\"wpb_column vc_column_container\"><div class=\"vc_column-inner\"><\/div><\/div><div class=\"wpb_column vc_column_container\"><div class=\"vc_column-inner\"><div class=\"wpb_text_column\"><div class=\"wpb_wrapper\"><table class=\"ipTableManagement table\">\n<tbody>\n<tr>\n<th>Specyfikacja techniczna<\/th>\n<th><\/th>\n<\/tr>\n<tr>\n<td>Zasilanie nap\u0119du<\/td>\n<td>220-230 V \u2013 50-60 Hz<\/td>\n<\/tr>\n<tr>\n<td>Minimalny odst\u0119p za skrzyd\u0142em*<\/td>\n<td>160 mm<\/td>\n<\/tr>\n<tr>\n<td>Maksymalne odsuni\u0119cie zawiasu**<\/td>\n<td>183 mm<\/td>\n<\/tr>\n<tr>\n<td>Napi\u0119cie silnika<\/td>\n<td>230 V<\/td>\n<\/tr>\n<tr>\n<td>Pob\u00f3r mocy (maks.)<\/td>\n<td>210 W<\/td>\n<\/tr>\n<tr>\n<td>Zasilanie o\u015bwietlenia zewn\u0119trznego<\/td>\n<td>230 V \u2013 60 W<\/td>\n<\/tr>\n<tr>\n<td>Napi\u0119cie zasilania akcesori\u00f3w<\/td>\n<td>24 V AC \/ 360 mA<\/td>\n<\/tr>\n<tr>\n<td>Si\u0142a pchania<\/td>\n<td>2,000 N<\/td>\n<\/tr>\n<tr>\n<td>Zakres pracy<\/td>\n<td>480 mm<\/td>\n<\/tr>\n<tr>\n<td>Czas otwierania<\/td>\n<td>do 90\u00b0 od 15 do 30 sekund w zale\u017cno\u015bci od instalacji<\/td>\n<\/tr>\n<tr>\n<td>Cz\u0119stotliwo\u015b\u0107 radiowa RTS<\/td>\n<td>433.42 MHz<\/td>\n<\/tr>\n<tr>\n<td>Ilo\u015b\u0107 mo\u017cliwych do zapami\u0119tania urz\u0105dze\u0144 sterowania zdalnego<\/td>\n<td>128 kana\u0142\u00f3w (maks.)<\/td>\n<\/tr>\n<tr>\n<td>Stopie\u0144 ochrony<\/td>\n<td>IP 44<\/td>\n<\/tr>\n<tr>\n<td>Temperatura pracy<\/td>\n<td>od -20\u00b0C do +60\u00b0C<\/td>\n<\/tr>\n<\/tbody>\n<\/table>\n<\/div><\/div><\/div><\/div><div class=\"wpb_column vc_column_container\"><div class=\"vc_column-inner\"><\/div><\/div><\/div><\/div><\/section>","protected":false},"excerpt":{"rendered":"DLA DOMUSomfy nap\u0119d do bram skrzyd\u0142owych Strona g\u0142\u00f3wnaSeiten Nap\u0119d do bram wjazdowych Ixengo L230 RTS Solidny, wydajny i \u0142atwy w monta\u017cu Wydajno\u015b\u0107 Mo\u017cliwo\u015b\u0107 otwierania skrzyde\u0142 o d\u0142ugo\u015bci do 4 m i wadze do 400 kg Wygoda \u0141atwy dost\u0119p do zacisk\u00f3w z ty\u0142u silnika Szeroka oferta uchwyt\u00f3w umo\u017cliwiaj\u0105ca adaptacj\u0119 do r\u00f3\u017cnego rodzaju instalacji \u0141atwy do poziomowania...","protected":false},"author":1,"featured_media":1241,"parent":1229,"menu_order":0,"comment_status":"closed","ping_status":"closed","template":"","meta":{"_acf_changed":false,"footnotes":""},"class_list":["post-1239","page","type-page","status-publish","has-post-thumbnail","hentry"],"acf":[],"_links":{"self":[{"href":"https:\/\/beditom.pl\/de\/wp-json\/wp\/v2\/pages\/1239","targetHints":{"allow":["GET"]}}],"collection":[{"href":"https:\/\/beditom.pl\/de\/wp-json\/wp\/v2\/pages"}],"about":[{"href":"https:\/\/beditom.pl\/de\/wp-json\/wp\/v2\/types\/page"}],"author":[{"embeddable":true,"href":"https:\/\/beditom.pl\/de\/wp-json\/wp\/v2\/users\/1"}],"replies":[{"embeddable":true,"href":"https:\/\/beditom.pl\/de\/wp-json\/wp\/v2\/comments?post=1239"}],"version-history":[{"count":8,"href":"https:\/\/beditom.pl\/de\/wp-json\/wp\/v2\/pages\/1239\/revisions"}],"predecessor-version":[{"id":2171,"href":"https:\/\/beditom.pl\/de\/wp-json\/wp\/v2\/pages\/1239\/revisions\/2171"}],"up":[{"embeddable":true,"href":"https:\/\/beditom.pl\/de\/wp-json\/wp\/v2\/pages\/1229"}],"wp:featuredmedia":[{"embeddable":true,"href":"https:\/\/beditom.pl\/de\/wp-json\/wp\/v2\/media\/1241"}],"wp:attachment":[{"href":"https:\/\/beditom.pl\/de\/wp-json\/wp\/v2\/media?parent=1239"}],"curies":[{"name":"wp","href":"https:\/\/api.w.org\/{rel}","templated":true}]}}