{"id":4652,"date":"2025-03-28T12:39:17","date_gmt":"2025-03-28T12:39:17","guid":{"rendered":"https:\/\/beditom.pl\/?page_id=4652"},"modified":"2026-03-23T08:03:42","modified_gmt":"2026-03-23T07:03:42","slug":"trendline","status":"publish","type":"page","link":"https:\/\/beditom.pl\/cz\/dla-domu\/bramy-garazowe\/trendline\/","title":{"rendered":"Trendline"},"content":{"rendered":"<section class=\"l-section wpb_row height_medium width_custom color_primary\" style=\"--site-content-width:1320px;\"><div class=\"l-section-h i-cf\"><div class=\"g-cols vc_row via_grid cols_1-4-1 laptops-cols_inherit tablets-cols_inherit mobiles-cols_1 valign_top type_default stacking_default\"><div class=\"wpb_column vc_column_container\"><div class=\"vc_column-inner\"><\/div><\/div><div class=\"wpb_column vc_column_container\"><div class=\"vc_column-inner\"><div class=\"w-html us_custom_b011e678 has_text_color\"><p>TRENDLINE<\/p><\/div><\/div><\/div><div class=\"wpb_column vc_column_container\"><div class=\"vc_column-inner\"><\/div><\/div><\/div><\/div><\/section><section class=\"l-section wpb_row us_custom_e29345e3 height_medium width_custom\" style=\"--site-content-width:1320px;\"><div class=\"l-section-h i-cf\"><div class=\"g-cols vc_row via_grid cols_1 laptops-cols_inherit tablets-cols_inherit mobiles-cols_1 valign_top type_default stacking_default\"><div class=\"wpb_column vc_column_container\"><div class=\"vc_column-inner\"><nav class=\"g-breadcrumbs us_custom_fdcab3db separator_icon align_none hide_current\" itemscope itemtype=\"http:\/\/schema.org\/BreadcrumbList\"><div class=\"g-breadcrumbs-item\" itemscope itemprop=\"itemListElement\" itemtype=\"http:\/\/schema.org\/ListItem\"><a itemprop=\"item\" href=\"https:\/\/beditom.pl\/cz\/\"><span itemprop=\"name\">Dom\u016f<\/span><\/a><meta itemprop=\"position\" content=\"1\"\/><\/div><div class=\"g-breadcrumbs-separator\"><i class=\"far fa-angle-right\"><\/i><\/div><div class=\"g-breadcrumbs-item\">Str\u00e1nky<\/div><\/nav><\/div><\/div><\/div><\/div><\/section>\n<section class=\"l-section wpb_row height_small width_custom\" style=\"--site-content-width:1320px;\"><div class=\"l-section-h i-cf\"><div class=\"g-cols vc_row via_grid cols_2 laptops-cols_inherit tablets-cols_inherit mobiles-cols_1 valign_top type_default stacking_default\"><div class=\"wpb_column vc_column_container\"><div class=\"vc_column-inner\"><div class=\"w-separator size_medium\"><\/div><div class=\"w-html us_custom_ecd4848b has_text_color\"><p>POPIS PRODUKTU\n<\/p><\/div><div class=\"w-html us_custom_9ebf969f\"><p>Trendline\n<\/p><\/div><div class=\"wpb_text_column\"><div class=\"wpb_wrapper\"><div class=\"page\" title=\"Strana 1\">\n<div class=\"section\">\n<div class=\"layoutArea\">\n<div class=\"column\">\n<p>Dve\u0159e TRENDLINE jsou vyrobeny v modern\u00ed a m\u00f3dn\u00ed barevn\u00e9 palet\u011b \u201eTOP TRENDS COLOR\u201d renomovan\u00e9 zna\u010dky vn\u011bj\u0161\u00edch dve\u0159\u00ed. <b>WIK\u0118D <img loading=\"lazy\" decoding=\"async\" class=\"wp-image-3344 alignnone\" src=\"https:\/\/beditom.pl\/app\/uploads\/2024\/06\/cropped-Wiked_SYGNET_PODST_RGB-1-1-300x300.png\" alt=\"Beditom bramy gara\u017cowe\" width=\"22\" height=\"22\" srcset=\"https:\/\/beditom.pl\/app\/uploads\/2024\/06\/cropped-Wiked_SYGNET_PODST_RGB-1-1-300x300.png 300w, https:\/\/beditom.pl\/app\/uploads\/2024\/06\/cropped-Wiked_SYGNET_PODST_RGB-1-1-150x150.png 150w, https:\/\/beditom.pl\/app\/uploads\/2024\/06\/cropped-Wiked_SYGNET_PODST_RGB-1-1-200x200.png 200w, https:\/\/beditom.pl\/app\/uploads\/2024\/06\/cropped-Wiked_SYGNET_PODST_RGB-1-1.png 512w\" sizes=\"auto, (max-width: 22px) 100vw, 22px\" title=\"Sek\u010dn\u00ed gar\u00e1\u017eov\u00e1 vrata Beditom\"><\/b>. Seznam obsahuje barvy, kter\u00e9 byly ocen\u011bny organizac\u00ed PANTONE, garantem sou\u010dasn\u00fdch trend\u016f v architektu\u0159e. Jedn\u00e1 se o n\u00e1vrh pro ty, kte\u0159\u00ed hledaj\u00ed origin\u00e1ln\u00ed a modern\u00ed barevn\u00e1 \u0159e\u0161en\u00ed pro sv\u016fj domov.  Jedine\u010dn\u00e1 konstruk\u010dn\u00ed \u0159e\u0161en\u00ed, lakovan\u00e1 v \u010dern\u00e9 nebo b\u00edl\u00e9 barv\u011b, dotv\u00e1\u0159ej\u00ed podobu nejvy\u0161\u0161\u00edho estetick\u00e9ho standardu v kategorii sek\u010dn\u00edch vrat.<\/p>\n<div class=\"page\" title=\"Strana 2\">\n<div class=\"layoutArea\">\n<div class=\"column\">\n<p><img loading=\"lazy\" decoding=\"async\" class=\"aligncenter size-medium wp-image-3778\" src=\"https:\/\/beditom.pl\/app\/uploads\/2024\/07\/panel_gladki-300x289.png\" alt=\"Beditom bramy gara\u017cowe\" width=\"300\" height=\"289\" srcset=\"https:\/\/beditom.pl\/app\/uploads\/2024\/07\/panel_gladki-300x289.png 300w, https:\/\/beditom.pl\/app\/uploads\/2024\/07\/panel_gladki-200x193.png 200w, https:\/\/beditom.pl\/app\/uploads\/2024\/07\/panel_gladki.png 307w\" sizes=\"auto, (max-width: 300px) 100vw, 300px\" title=\"Sek\u010dn\u00ed gar\u00e1\u017eov\u00e1 vrata Beditom\"><\/p>\n<p style=\"text-align: center;\">Panel bez reli\u00e9fu.<br \/>\nSpeci\u00e1ln\u011b p\u0159ipraven\u00e9 pro malov\u00e1n\u00ed.<\/p>\n<\/div>\n<\/div>\n<\/div>\n<\/div>\n<\/div>\n<\/div>\n<\/div>\n<\/div><\/div><div class=\"w-separator size_medium\"><\/div><\/div><\/div><div class=\"wpb_column vc_column_container\"><div class=\"vc_column-inner\"><div class=\"w-image hide_on_default hide_on_laptops hide_on_tablets hide_on_mobiles align_left\"><div class=\"w-image-h\"><img decoding=\"async\" width=\"800\" height=\"769\" src=\"https:\/\/beditom.pl\/app\/uploads\/2024\/05\/green.png\" class=\"attachment-full size-full\" alt=\"Beditom bramy gara\u017cowe\" loading=\"lazy\" srcset=\"https:\/\/beditom.pl\/app\/uploads\/2024\/05\/green.png 800w, https:\/\/beditom.pl\/app\/uploads\/2024\/05\/green-300x288.png 300w, https:\/\/beditom.pl\/app\/uploads\/2024\/05\/green-200x192.png 200w\" sizes=\"auto, (max-width: 800px) 100vw, 800px\" title=\"Sek\u010dn\u00ed gar\u00e1\u017eov\u00e1 vrata Beditom\"><\/div><\/div><div class=\"w-image align_left\"><div class=\"w-image-h\"><img decoding=\"async\" width=\"810\" height=\"811\" src=\"https:\/\/beditom.pl\/app\/uploads\/2025\/03\/trendline_2025.png\" class=\"attachment-full size-full\" alt=\"Beditom bramy gara\u017cowe\" loading=\"lazy\" srcset=\"https:\/\/beditom.pl\/app\/uploads\/2025\/03\/trendline_2025.png 810w, https:\/\/beditom.pl\/app\/uploads\/2025\/03\/trendline_2025-300x300.png 300w, https:\/\/beditom.pl\/app\/uploads\/2025\/03\/trendline_2025-150x150.png 150w, https:\/\/beditom.pl\/app\/uploads\/2025\/03\/trendline_2025-12x12.png 12w, https:\/\/beditom.pl\/app\/uploads\/2025\/03\/trendline_2025-200x200.png 200w\" sizes=\"auto, (max-width: 810px) 100vw, 810px\" title=\"Sek\u010dn\u00ed gar\u00e1\u017eov\u00e1 vrata Beditom\"><\/div><\/div><\/div><\/div><\/div><\/div><\/section><section class=\"l-section wpb_row height_auto width_custom\" style=\"--site-content-width:1320px;\"><div class=\"l-section-h i-cf\"><div class=\"g-cols vc_row via_grid cols_1 laptops-cols_inherit tablets-cols_inherit mobiles-cols_1 valign_top type_default stacking_default\"><div class=\"wpb_column vc_column_container\"><div class=\"vc_column-inner\"><div class=\"w-html us_custom_ecd4848b has_text_color\"><p>Presti\u017en\u00ed, jedine\u010dn\u00e9 p\u0159edstaven\u00ed<\/p><\/div><\/div><\/div><\/div><\/div><\/section><section class=\"l-section wpb_row height_auto width_custom\" style=\"--site-content-width:1320px;\"><div class=\"l-section-h i-cf\"><div class=\"g-cols vc_row via_grid cols_3 laptops-cols_inherit tablets-cols_inherit mobiles-cols_1 valign_top type_default stacking_default\"><div class=\"wpb_column vc_column_container\"><div class=\"vc_column-inner\"><div class=\"w-image us_custom_06c796b3 align_center meta_simple\"><div class=\"w-image-h\"><img decoding=\"async\" width=\"300\" height=\"300\" src=\"https:\/\/beditom.pl\/app\/uploads\/2024\/05\/Zrzut-ekranu-2024-05-27-o-12.24.05-300x300.png\" class=\"attachment-medium size-medium\" alt=\"Beditom bramy gara\u017cowe\" loading=\"lazy\" srcset=\"https:\/\/beditom.pl\/app\/uploads\/2024\/05\/Zrzut-ekranu-2024-05-27-o-12.24.05-300x300.png 300w, https:\/\/beditom.pl\/app\/uploads\/2024\/05\/Zrzut-ekranu-2024-05-27-o-12.24.05-150x150.png 150w, https:\/\/beditom.pl\/app\/uploads\/2024\/05\/Zrzut-ekranu-2024-05-27-o-12.24.05-200x200.png 200w, https:\/\/beditom.pl\/app\/uploads\/2024\/05\/Zrzut-ekranu-2024-05-27-o-12.24.05.png 914w\" sizes=\"auto, (max-width: 300px) 100vw, 300px\" title=\"Sek\u010dn\u00ed gar\u00e1\u017eov\u00e1 vrata Beditom\"><\/div><div class=\"w-image-meta\"><div class=\"w-image-title\">\u010dern\u00e1<\/div><\/div><\/div><\/div><\/div><div class=\"wpb_column vc_column_container\"><div class=\"vc_column-inner\"><div class=\"wpb_text_column\"><div class=\"wpb_wrapper\"><div class=\"wpb_text_column\">\n<div class=\"wpb_wrapper\">\n<div class=\"page\" title=\"Strana 1\">\n<div class=\"section\">\n<div class=\"layoutArea\">\n<div class=\"column\">\n<div class=\"page\" title=\"Strana 2\">\n<div class=\"layoutArea\">\n<div class=\"column\">\n<p>Krom\u011b odolnosti a spolehlivosti v\u011bnujeme st\u00e1le v\u011bt\u0161\u00ed pozornost designu. Dve\u0159e Trendline jsou vyrobeny se zvl\u00e1\u0161tn\u00edm d\u016frazem na ka\u017ed\u00fd estetick\u00fd detail. Pozinkovan\u00e9 a pr\u00e1\u0161kov\u011b lakovan\u00e9 konstruk\u010dn\u00ed prvky, jako jsou svisl\u00e1 a vodorovn\u00e1 veden\u00ed nebo nastaviteln\u00e9 z\u00e1v\u011bsn\u00e9 syst\u00e9my, zvy\u0161uj\u00ed jejich \u017eivotnost a v\u00fdrazn\u011b zlep\u0161uj\u00ed estetiku. V z\u00e1vislosti na stylu gar\u00e1\u017ee a o\u010dek\u00e1v\u00e1n\u00ed investora je m\u016f\u017eeme vyrobit v \u010dern\u00e9m nebo b\u00edl\u00e9m proveden\u00ed.<\/p>\n<\/div>\n<\/div>\n<\/div>\n<\/div>\n<\/div>\n<\/div>\n<\/div>\n<\/div>\n<\/div>\n<\/div><\/div><\/div><\/div><div class=\"wpb_column vc_column_container\"><div class=\"vc_column-inner\"><div class=\"w-image us_custom_06c796b3 align_center meta_simple\"><div class=\"w-image-h\"><img decoding=\"async\" width=\"300\" height=\"300\" src=\"https:\/\/beditom.pl\/app\/uploads\/2024\/05\/Zrzut-ekranu-2024-05-27-o-12.24.15-300x300.png\" class=\"attachment-medium size-medium\" alt=\"Beditom bramy gara\u017cowe\" loading=\"lazy\" srcset=\"https:\/\/beditom.pl\/app\/uploads\/2024\/05\/Zrzut-ekranu-2024-05-27-o-12.24.15-300x300.png 300w, https:\/\/beditom.pl\/app\/uploads\/2024\/05\/Zrzut-ekranu-2024-05-27-o-12.24.15-150x150.png 150w, https:\/\/beditom.pl\/app\/uploads\/2024\/05\/Zrzut-ekranu-2024-05-27-o-12.24.15-200x200.png 200w, https:\/\/beditom.pl\/app\/uploads\/2024\/05\/Zrzut-ekranu-2024-05-27-o-12.24.15.png 912w\" sizes=\"auto, (max-width: 300px) 100vw, 300px\" title=\"Sek\u010dn\u00ed gar\u00e1\u017eov\u00e1 vrata Beditom\"><\/div><div class=\"w-image-meta\"><div class=\"w-image-title\">b\u00edl\u00e1<\/div><\/div><\/div><\/div><\/div><\/div><\/div><\/section><section class=\"l-section wpb_row height_auto width_custom\" style=\"--site-content-width:1320px;\"><div class=\"l-section-h i-cf\"><div class=\"g-cols vc_row via_grid cols_1 laptops-cols_inherit tablets-cols_inherit mobiles-cols_1 valign_top type_default stacking_default\"><div class=\"wpb_column vc_column_container\"><div class=\"vc_column-inner\"><div class=\"w-separator size_medium\"><\/div><div class=\"w-html us_custom_ecd4848b has_text_color\"><p>STRUKTURA A ZBARVEN\u00cd<\/p><\/div><div class=\"wpb_text_column\"><div class=\"wpb_wrapper\"><div class=\"page\" title=\"Strana 1\">\n<div class=\"section\">\n<div class=\"layoutArea\">\n<div class=\"column\">\n<div class=\"page\" title=\"Strana 2\">\n<div class=\"layoutArea\">\n<div class=\"column\">\n<p style=\"text-align: center;\"><img loading=\"lazy\" decoding=\"async\" class=\"aligncenter wp-image-4646\" src=\"https:\/\/beditom.pl\/app\/uploads\/2025\/03\/dom_trendline-300x174.png\" alt=\"Beditom bramy gara\u017cowe\" width=\"583\" height=\"338\" srcset=\"https:\/\/beditom.pl\/app\/uploads\/2025\/03\/dom_trendline-300x174.png 300w, https:\/\/beditom.pl\/app\/uploads\/2025\/03\/dom_trendline-1024x594.png 1024w, https:\/\/beditom.pl\/app\/uploads\/2025\/03\/dom_trendline-18x10.png 18w, https:\/\/beditom.pl\/app\/uploads\/2025\/03\/dom_trendline-200x116.png 200w, https:\/\/beditom.pl\/app\/uploads\/2025\/03\/dom_trendline.png 2036w\" sizes=\"auto, (max-width: 583px) 100vw, 583px\" title=\"Sek\u010dn\u00ed gar\u00e1\u017eov\u00e1 vrata Beditom\">Vizualizace vyu\u017e\u00edv\u00e1 speci\u00e1ln\u00ed dve\u0159e z designu kolekce WIK\u00caD. <strong>GL02<\/strong><\/p>\n<p><img loading=\"lazy\" decoding=\"async\" class=\"aligncenter wp-image-4650 size-full\" src=\"https:\/\/beditom.pl\/app\/uploads\/2025\/03\/Top_trends.png\" alt=\"Beditom bramy gara\u017cowe\" width=\"269\" height=\"39\" srcset=\"https:\/\/beditom.pl\/app\/uploads\/2025\/03\/Top_trends.png 269w, https:\/\/beditom.pl\/app\/uploads\/2025\/03\/Top_trends-18x3.png 18w, https:\/\/beditom.pl\/app\/uploads\/2025\/03\/Top_trends-200x29.png 200w\" sizes=\"auto, (max-width: 269px) 100vw, 269px\" title=\"Sek\u010dn\u00ed gar\u00e1\u017eov\u00e1 vrata Beditom\"><\/p>\n<\/div>\n<\/div>\n<\/div>\n<\/div>\n<\/div>\n<\/div>\n<\/div>\n<\/div><\/div><\/div><\/div><\/div><\/div><\/section><section class=\"l-section wpb_row height_small width_custom\" style=\"--site-content-width:1320px;\"><div class=\"l-section-h i-cf\"><div class=\"g-cols vc_row via_grid cols_1 laptops-cols_inherit tablets-cols_inherit mobiles-cols_1 valign_top type_default stacking_default\"><div class=\"wpb_column vc_column_container\"><div class=\"vc_column-inner\"><div class=\"w-gallery fit_cover type_grid action_popup_image ratio_1x1 count_7\" style=\"--columns:5;--items-gap:10px;\"><div class=\"w-gallery-list\"><div class=\"w-gallery-item\"><div class=\"w-gallery-item-img\"><img loading=\"lazy\" decoding=\"async\" width=\"300\" height=\"300\" src=\"https:\/\/beditom.pl\/app\/uploads\/2025\/03\/BlueMist-300x300.webp\" class=\"attachment-medium size-medium\" alt=\"Beditom bramy gara\u017cowe\" srcset=\"https:\/\/beditom.pl\/app\/uploads\/2025\/03\/BlueMist-300x300.webp 300w, https:\/\/beditom.pl\/app\/uploads\/2025\/03\/BlueMist-150x150.webp 150w, https:\/\/beditom.pl\/app\/uploads\/2025\/03\/BlueMist-12x12.webp 12w, https:\/\/beditom.pl\/app\/uploads\/2025\/03\/BlueMist-200x200.webp 200w, https:\/\/beditom.pl\/app\/uploads\/2025\/03\/BlueMist.webp 1000w\" sizes=\"auto, (max-width: 300px) 100vw, 300px\" title=\"Sek\u010dn\u00ed gar\u00e1\u017eov\u00e1 vrata Beditom\"><\/div><a class=\"w-gallery-item-link\" aria-label=\"BlueMist\" href=\"https:\/\/beditom.pl\/cz\/app\/uploads\/2025\/03\/BlueMist.webp\/\"><\/a><\/div><div class=\"w-gallery-item\"><div class=\"w-gallery-item-img\"><img loading=\"lazy\" decoding=\"async\" width=\"300\" height=\"300\" src=\"https:\/\/beditom.pl\/app\/uploads\/2025\/03\/Ink-300x300.webp\" class=\"attachment-medium size-medium\" alt=\"Beditom bramy gara\u017cowe\" srcset=\"https:\/\/beditom.pl\/app\/uploads\/2025\/03\/Ink-300x300.webp 300w, https:\/\/beditom.pl\/app\/uploads\/2025\/03\/Ink-150x150.webp 150w, https:\/\/beditom.pl\/app\/uploads\/2025\/03\/Ink-12x12.webp 12w, https:\/\/beditom.pl\/app\/uploads\/2025\/03\/Ink-200x200.webp 200w, https:\/\/beditom.pl\/app\/uploads\/2025\/03\/Ink.webp 1000w\" sizes=\"auto, (max-width: 300px) 100vw, 300px\" title=\"Sek\u010dn\u00ed gar\u00e1\u017eov\u00e1 vrata Beditom\"><\/div><a class=\"w-gallery-item-link\" aria-label=\"Inkoust\" href=\"https:\/\/beditom.pl\/cz\/app\/uploads\/2025\/03\/Ink.webp\/\"><\/a><\/div><div class=\"w-gallery-item\"><div class=\"w-gallery-item-img\"><img loading=\"lazy\" decoding=\"async\" width=\"300\" height=\"300\" src=\"https:\/\/beditom.pl\/app\/uploads\/2025\/03\/HotChili-300x300.webp\" class=\"attachment-medium size-medium\" alt=\"Beditom bramy gara\u017cowe\" srcset=\"https:\/\/beditom.pl\/app\/uploads\/2025\/03\/HotChili-300x300.webp 300w, https:\/\/beditom.pl\/app\/uploads\/2025\/03\/HotChili-150x150.webp 150w, https:\/\/beditom.pl\/app\/uploads\/2025\/03\/HotChili-12x12.webp 12w, https:\/\/beditom.pl\/app\/uploads\/2025\/03\/HotChili-200x200.webp 200w, https:\/\/beditom.pl\/app\/uploads\/2025\/03\/HotChili.webp 1000w\" sizes=\"auto, (max-width: 300px) 100vw, 300px\" title=\"Sek\u010dn\u00ed gar\u00e1\u017eov\u00e1 vrata Beditom\"><\/div><a class=\"w-gallery-item-link\" aria-label=\"HotChili\" href=\"https:\/\/beditom.pl\/cz\/app\/uploads\/2025\/03\/HotChili.webp\/\"><\/a><\/div><div class=\"w-gallery-item\"><div class=\"w-gallery-item-img\"><img loading=\"lazy\" decoding=\"async\" width=\"300\" height=\"300\" src=\"https:\/\/beditom.pl\/app\/uploads\/2026\/02\/sage_-300x300.webp\" class=\"attachment-medium size-medium\" alt=\"Beditom bramy gara\u017cowe\" srcset=\"https:\/\/beditom.pl\/app\/uploads\/2026\/02\/sage_-300x300.webp 300w, https:\/\/beditom.pl\/app\/uploads\/2026\/02\/sage_-150x150.webp 150w, https:\/\/beditom.pl\/app\/uploads\/2026\/02\/sage_-12x12.webp 12w, https:\/\/beditom.pl\/app\/uploads\/2026\/02\/sage_-200x200.webp 200w, https:\/\/beditom.pl\/app\/uploads\/2026\/02\/sage_.webp 1000w\" sizes=\"auto, (max-width: 300px) 100vw, 300px\" title=\"Sek\u010dn\u00ed gar\u00e1\u017eov\u00e1 vrata Beditom\"><\/div><a class=\"w-gallery-item-link\" aria-label=\"sage_\" href=\"https:\/\/beditom.pl\/cz\/app\/uploads\/2026\/02\/sage_.webp\/\"><\/a><\/div><div class=\"w-gallery-item\"><div class=\"w-gallery-item-img\"><img loading=\"lazy\" decoding=\"async\" width=\"300\" height=\"300\" src=\"https:\/\/beditom.pl\/app\/uploads\/2025\/03\/ForestGreen-300x300.webp\" class=\"attachment-medium size-medium\" alt=\"Beditom bramy gara\u017cowe\" srcset=\"https:\/\/beditom.pl\/app\/uploads\/2025\/03\/ForestGreen-300x300.webp 300w, https:\/\/beditom.pl\/app\/uploads\/2025\/03\/ForestGreen-150x150.webp 150w, https:\/\/beditom.pl\/app\/uploads\/2025\/03\/ForestGreen-12x12.webp 12w, https:\/\/beditom.pl\/app\/uploads\/2025\/03\/ForestGreen-200x200.webp 200w, https:\/\/beditom.pl\/app\/uploads\/2025\/03\/ForestGreen.webp 1000w\" sizes=\"auto, (max-width: 300px) 100vw, 300px\" title=\"Sek\u010dn\u00ed gar\u00e1\u017eov\u00e1 vrata Beditom\"><\/div><a class=\"w-gallery-item-link\" aria-label=\"ForestGreen\" href=\"https:\/\/beditom.pl\/cz\/app\/uploads\/2025\/03\/ForestGreen.webp\/\"><\/a><\/div><div class=\"w-gallery-item\"><div class=\"w-gallery-item-img\"><img loading=\"lazy\" decoding=\"async\" width=\"300\" height=\"300\" src=\"https:\/\/beditom.pl\/app\/uploads\/2025\/03\/Concrete-300x300.webp\" class=\"attachment-medium size-medium\" alt=\"Beditom bramy gara\u017cowe\" srcset=\"https:\/\/beditom.pl\/app\/uploads\/2025\/03\/Concrete-300x300.webp 300w, https:\/\/beditom.pl\/app\/uploads\/2025\/03\/Concrete-150x150.webp 150w, https:\/\/beditom.pl\/app\/uploads\/2025\/03\/Concrete-12x12.webp 12w, https:\/\/beditom.pl\/app\/uploads\/2025\/03\/Concrete-200x200.webp 200w, https:\/\/beditom.pl\/app\/uploads\/2025\/03\/Concrete.webp 1000w\" sizes=\"auto, (max-width: 300px) 100vw, 300px\" title=\"Sek\u010dn\u00ed gar\u00e1\u017eov\u00e1 vrata Beditom\"><\/div><a class=\"w-gallery-item-link\" aria-label=\"Beton\" href=\"https:\/\/beditom.pl\/cz\/app\/uploads\/2025\/03\/Concrete.webp\/\"><\/a><\/div><div class=\"w-gallery-item\"><div class=\"w-gallery-item-img\"><img loading=\"lazy\" decoding=\"async\" width=\"300\" height=\"300\" src=\"https:\/\/beditom.pl\/app\/uploads\/2026\/02\/OBSIDIAN_GRAY_-300x300.webp\" class=\"attachment-medium size-medium\" alt=\"Beditom bramy gara\u017cowe\" srcset=\"https:\/\/beditom.pl\/app\/uploads\/2026\/02\/OBSIDIAN_GRAY_-300x300.webp 300w, https:\/\/beditom.pl\/app\/uploads\/2026\/02\/OBSIDIAN_GRAY_-150x150.webp 150w, https:\/\/beditom.pl\/app\/uploads\/2026\/02\/OBSIDIAN_GRAY_-12x12.webp 12w, https:\/\/beditom.pl\/app\/uploads\/2026\/02\/OBSIDIAN_GRAY_-200x200.webp 200w, https:\/\/beditom.pl\/app\/uploads\/2026\/02\/OBSIDIAN_GRAY_.webp 1000w\" sizes=\"auto, (max-width: 300px) 100vw, 300px\" title=\"Sek\u010dn\u00ed gar\u00e1\u017eov\u00e1 vrata Beditom\"><\/div><a class=\"w-gallery-item-link\" aria-label=\"OBSIDIAN_GRAY_\" href=\"https:\/\/beditom.pl\/cz\/app\/uploads\/2026\/02\/OBSIDIAN_GRAY_.webp\/\"><\/a><\/div><\/div><\/div><\/div><\/div><\/div><\/div><\/section><section class=\"l-section wpb_row height_auto width_custom\" style=\"--site-content-width:1320px;\"><div class=\"l-section-h i-cf\"><div class=\"g-cols vc_row via_grid cols_1 laptops-cols_inherit tablets-cols_inherit mobiles-cols_1 valign_top type_default stacking_default\"><div class=\"wpb_column vc_column_container\"><div class=\"vc_column-inner\"><div class=\"w-html us_custom_ecd4848b has_text_color\"><p>MO\u017dNOSTI V\u00ddKONU<\/p><\/div><div class=\"w-hwrapper valign_top align_center\"><div class=\"w-image align_center meta_simple\"><div class=\"w-image-h\"><img decoding=\"async\" width=\"300\" height=\"264\" src=\"https:\/\/beditom.pl\/app\/uploads\/2024\/05\/Zrzut-ekranu-2024-05-21-o-11.48.11-300x264.png\" class=\"attachment-medium size-medium\" alt=\"Beditom bramy gara\u017cowe\" loading=\"lazy\" srcset=\"https:\/\/beditom.pl\/app\/uploads\/2024\/05\/Zrzut-ekranu-2024-05-21-o-11.48.11-300x264.png 300w, https:\/\/beditom.pl\/app\/uploads\/2024\/05\/Zrzut-ekranu-2024-05-21-o-11.48.11-1024x900.png 1024w, https:\/\/beditom.pl\/app\/uploads\/2024\/05\/Zrzut-ekranu-2024-05-21-o-11.48.11-200x176.png 200w, https:\/\/beditom.pl\/app\/uploads\/2024\/05\/Zrzut-ekranu-2024-05-21-o-11.48.11.png 1556w\" sizes=\"auto, (max-width: 300px) 100vw, 300px\" title=\"Sek\u010dn\u00ed gar\u00e1\u017eov\u00e1 vrata Beditom\"><\/div><div class=\"w-image-meta\"><div class=\"w-image-title\">Hlin\u00edkov\u00fd panel ALUDOOR<\/div><\/div><\/div><div class=\"w-image align_center meta_simple\"><div class=\"w-image-h\"><img decoding=\"async\" width=\"300\" height=\"264\" src=\"https:\/\/beditom.pl\/app\/uploads\/2024\/05\/Zrzut-ekranu-2024-05-21-o-11.48.22-300x264.png\" class=\"attachment-medium size-medium\" alt=\"Beditom bramy gara\u017cowe\" loading=\"lazy\" srcset=\"https:\/\/beditom.pl\/app\/uploads\/2024\/05\/Zrzut-ekranu-2024-05-21-o-11.48.22-300x264.png 300w, https:\/\/beditom.pl\/app\/uploads\/2024\/05\/Zrzut-ekranu-2024-05-21-o-11.48.22-1024x901.png 1024w, https:\/\/beditom.pl\/app\/uploads\/2024\/05\/Zrzut-ekranu-2024-05-21-o-11.48.22-200x176.png 200w, https:\/\/beditom.pl\/app\/uploads\/2024\/05\/Zrzut-ekranu-2024-05-21-o-11.48.22.png 1548w\" sizes=\"auto, (max-width: 300px) 100vw, 300px\" title=\"Sek\u010dn\u00ed gar\u00e1\u017eov\u00e1 vrata Beditom\"><\/div><div class=\"w-image-meta\"><div class=\"w-image-title\">P3 Okno 430x770 mm<\/div><\/div><\/div><div class=\"w-image align_center meta_simple\"><div class=\"w-image-h\"><img decoding=\"async\" width=\"300\" height=\"263\" src=\"https:\/\/beditom.pl\/app\/uploads\/2024\/05\/Zrzut-ekranu-2024-05-21-o-11.48.32-300x263.png\" class=\"attachment-medium size-medium\" alt=\"Beditom bramy gara\u017cowe\" loading=\"lazy\" srcset=\"https:\/\/beditom.pl\/app\/uploads\/2024\/05\/Zrzut-ekranu-2024-05-21-o-11.48.32-300x263.png 300w, https:\/\/beditom.pl\/app\/uploads\/2024\/05\/Zrzut-ekranu-2024-05-21-o-11.48.32-1024x896.png 1024w, https:\/\/beditom.pl\/app\/uploads\/2024\/05\/Zrzut-ekranu-2024-05-21-o-11.48.32-200x175.png 200w, https:\/\/beditom.pl\/app\/uploads\/2024\/05\/Zrzut-ekranu-2024-05-21-o-11.48.32.png 1558w\" sizes=\"auto, (max-width: 300px) 100vw, 300px\" title=\"Sek\u010dn\u00ed gar\u00e1\u017eov\u00e1 vrata Beditom\"><\/div><div class=\"w-image-meta\"><div class=\"w-image-title\">P2 okno 336x640mm se servisn\u00edmi dve\u0159mi<\/div><\/div><\/div><div class=\"w-image align_center meta_simple\"><div class=\"w-image-h\"><img decoding=\"async\" width=\"300\" height=\"264\" src=\"https:\/\/beditom.pl\/app\/uploads\/2024\/05\/Zrzut-ekranu-2024-05-21-o-11.48.41-300x264.png\" class=\"attachment-medium size-medium\" alt=\"Beditom bramy gara\u017cowe\" loading=\"lazy\" srcset=\"https:\/\/beditom.pl\/app\/uploads\/2024\/05\/Zrzut-ekranu-2024-05-21-o-11.48.41-300x264.png 300w, https:\/\/beditom.pl\/app\/uploads\/2024\/05\/Zrzut-ekranu-2024-05-21-o-11.48.41-1024x901.png 1024w, https:\/\/beditom.pl\/app\/uploads\/2024\/05\/Zrzut-ekranu-2024-05-21-o-11.48.41-200x176.png 200w, https:\/\/beditom.pl\/app\/uploads\/2024\/05\/Zrzut-ekranu-2024-05-21-o-11.48.41.png 1552w\" sizes=\"auto, (max-width: 300px) 100vw, 300px\" title=\"Sek\u010dn\u00ed gar\u00e1\u017eov\u00e1 vrata Beditom\"><\/div><div class=\"w-image-meta\"><div class=\"w-image-title\">Okno P1 203x610mm<\/div><\/div><\/div><\/div><\/div><\/div><\/div><\/div><\/section>","protected":false},"excerpt":{"rendered":"","protected":false},"author":3,"featured_media":4689,"parent":598,"menu_order":0,"comment_status":"closed","ping_status":"closed","template":"","meta":{"_acf_changed":false,"footnotes":""},"class_list":["post-4652","page","type-page","status-publish","has-post-thumbnail","hentry"],"acf":[],"_links":{"self":[{"href":"https:\/\/beditom.pl\/cz\/wp-json\/wp\/v2\/pages\/4652","targetHints":{"allow":["GET"]}}],"collection":[{"href":"https:\/\/beditom.pl\/cz\/wp-json\/wp\/v2\/pages"}],"about":[{"href":"https:\/\/beditom.pl\/cz\/wp-json\/wp\/v2\/types\/page"}],"author":[{"embeddable":true,"href":"https:\/\/beditom.pl\/cz\/wp-json\/wp\/v2\/users\/3"}],"replies":[{"embeddable":true,"href":"https:\/\/beditom.pl\/cz\/wp-json\/wp\/v2\/comments?post=4652"}],"version-history":[{"count":8,"href":"https:\/\/beditom.pl\/cz\/wp-json\/wp\/v2\/pages\/4652\/revisions"}],"predecessor-version":[{"id":5081,"href":"https:\/\/beditom.pl\/cz\/wp-json\/wp\/v2\/pages\/4652\/revisions\/5081"}],"up":[{"embeddable":true,"href":"https:\/\/beditom.pl\/cz\/wp-json\/wp\/v2\/pages\/598"}],"wp:featuredmedia":[{"embeddable":true,"href":"https:\/\/beditom.pl\/cz\/wp-json\/wp\/v2\/media\/4689"}],"wp:attachment":[{"href":"https:\/\/beditom.pl\/cz\/wp-json\/wp\/v2\/media?parent=4652"}],"curies":[{"name":"wp","href":"https:\/\/api.w.org\/{rel}","templated":true}]}}