{"id":3985,"date":"2024-07-16T06:30:00","date_gmt":"2024-07-16T06:30:00","guid":{"rendered":"https:\/\/beditom.pl\/?page_id=3985"},"modified":"2024-07-16T06:39:51","modified_gmt":"2024-07-16T06:39:51","slug":"page-404","status":"publish","type":"page","link":"https:\/\/beditom.pl\/cz\/page-404\/","title":{"rendered":"Page 404"},"content":{"rendered":"<section class=\"l-section wpb_row height_medium width_custom color_primary\" style=\"--site-content-width:1320px;\"><div class=\"l-section-h i-cf\"><div class=\"g-cols vc_row via_grid cols_1 laptops-cols_inherit tablets-cols_inherit mobiles-cols_1 valign_top type_default stacking_default\"><div class=\"wpb_column vc_column_container\"><div class=\"vc_column-inner\"><div class=\"wpb_text_column\"><div class=\"wpb_wrapper\"><h1 style=\"text-align: center;\">404<\/h1>\n<h3 style=\"text-align: center;\">Strona nie znaleziona<br \/>\nLink, kt\u00f3ry klikn\u0105\u0142e\u015b, m\u00f3g\u0142 by\u0107 uszkodzony lub strona mog\u0142a zosta\u0107 usuni\u0119ta.<\/h3>\n<\/div><\/div><\/div><\/div><\/div><\/div><\/section>","protected":false},"excerpt":{"rendered":"404 Strona nie znaleziona Link, kt\u00f3ry klikn\u0105\u0142e\u015b, m\u00f3g\u0142 by\u0107 uszkodzony lub strona mog\u0142a zosta\u0107 usuni\u0119ta.","protected":false},"author":1,"featured_media":0,"parent":0,"menu_order":0,"comment_status":"closed","ping_status":"closed","template":"","meta":{"_acf_changed":false,"footnotes":""},"class_list":["post-3985","page","type-page","status-publish","hentry"],"acf":[],"_links":{"self":[{"href":"https:\/\/beditom.pl\/cz\/wp-json\/wp\/v2\/pages\/3985","targetHints":{"allow":["GET"]}}],"collection":[{"href":"https:\/\/beditom.pl\/cz\/wp-json\/wp\/v2\/pages"}],"about":[{"href":"https:\/\/beditom.pl\/cz\/wp-json\/wp\/v2\/types\/page"}],"author":[{"embeddable":true,"href":"https:\/\/beditom.pl\/cz\/wp-json\/wp\/v2\/users\/1"}],"replies":[{"embeddable":true,"href":"https:\/\/beditom.pl\/cz\/wp-json\/wp\/v2\/comments?post=3985"}],"version-history":[{"count":6,"href":"https:\/\/beditom.pl\/cz\/wp-json\/wp\/v2\/pages\/3985\/revisions"}],"predecessor-version":[{"id":3990,"href":"https:\/\/beditom.pl\/cz\/wp-json\/wp\/v2\/pages\/3985\/revisions\/3990"}],"wp:attachment":[{"href":"https:\/\/beditom.pl\/cz\/wp-json\/wp\/v2\/media?parent=3985"}],"curies":[{"name":"wp","href":"https:\/\/api.w.org\/{rel}","templated":true}]}}