{"id":2083,"date":"2024-04-15T16:28:16","date_gmt":"2024-04-15T16:28:16","guid":{"rendered":"https:\/\/beditom.pl\/?page_id=2083"},"modified":"2024-07-25T08:04:12","modified_gmt":"2024-07-25T08:04:12","slug":"o-firmie","status":"publish","type":"page","link":"https:\/\/beditom.pl\/cz\/o-firmie\/","title":{"rendered":"O spole\u010dnosti"},"content":{"rendered":"<section class=\"l-section wpb_row height_medium width_custom color_primary\" style=\"--site-content-width:1320px;\"><div class=\"l-section-h i-cf\"><div class=\"g-cols vc_row via_grid cols_1 laptops-cols_inherit tablets-cols_inherit mobiles-cols_1 valign_top type_default stacking_default\"><div class=\"wpb_column vc_column_container\"><div class=\"vc_column-inner\"><div class=\"w-html us_custom_b011e678 has_text_color\"><p>\nSpole\u010dnost BEDITOM, zalo\u017een\u00e1 v roce 1995, se specializuje na v\u00fdrobu pr\u016fmyslov\u00fdch sek\u010dn\u00edch a gar\u00e1\u017eov\u00fdch vrat a je jedn\u00edm z pr\u016fkopn\u00edk\u016f v t\u00e9to oblasti na polsk\u00e9m trhu.\n<\/p><\/div><\/div><\/div><\/div><\/div><\/section><section class=\"l-section wpb_row us_custom_e29345e3 height_medium width_custom\" style=\"--site-content-width:1320px;\"><div class=\"l-section-h i-cf\"><div class=\"g-cols vc_row via_grid cols_1 laptops-cols_inherit tablets-cols_inherit mobiles-cols_1 valign_top type_default stacking_default\"><div class=\"wpb_column vc_column_container\"><div class=\"vc_column-inner\"><nav class=\"g-breadcrumbs us_custom_fdcab3db separator_icon align_none hide_current\" itemscope itemtype=\"http:\/\/schema.org\/BreadcrumbList\"><div class=\"g-breadcrumbs-item\" itemscope itemprop=\"itemListElement\" itemtype=\"http:\/\/schema.org\/ListItem\"><a itemprop=\"item\" href=\"https:\/\/beditom.pl\/cz\/\"><span itemprop=\"name\">Dom\u016f<\/span><\/a><meta itemprop=\"position\" content=\"1\"\/><\/div><div class=\"g-breadcrumbs-separator\"><i class=\"far fa-angle-right\"><\/i><\/div><div class=\"g-breadcrumbs-item\">Str\u00e1nky<\/div><\/nav><\/div><\/div><\/div><\/div><\/section>\n<section class=\"l-section wpb_row us_custom_ed832219 height_medium width_custom\" style=\"--site-content-width:1320px;\"><div class=\"l-section-h i-cf\"><div class=\"g-cols vc_row via_grid cols_1 laptops-cols_inherit tablets-cols_inherit mobiles-cols_1 valign_top type_default stacking_default\"><div class=\"wpb_column vc_column_container\"><div class=\"vc_column-inner\"><\/div><\/div><\/div><\/div><\/section><section class=\"l-section wpb_row us_custom_5cd26a65 height_medium width_custom\" style=\"--site-content-width:1320px;\"><div class=\"l-section-h i-cf\"><div class=\"g-cols vc_row via_grid cols_2 laptops-cols_2 tablets-cols_inherit mobiles-cols_1 valign_top type_default stacking_default\"><div class=\"wpb_column vc_column_container\"><div class=\"vc_column-inner\"><div class=\"wpb_text_column us_custom_9ebf969f\"><div class=\"wpb_wrapper\"><p>Historie spole\u010dnosti<\/p>\n<\/div><\/div><div class=\"wpb_text_column\"><div class=\"wpb_wrapper\"><p><span data-sheets-root=\"1\" data-sheets-value=\"{&quot;1&quot;:2,&quot;2&quot;:&quot;Firma BEDITOM powsta\u0142a w 1995. Od samego pocz\u0105tku dzia\u0142a na rynku bram, drzwi i nap\u0119d\u00f3w automatycznych dla budownictwa mieszkaniowego oraz przemys\u0142owego.\\nJeste\u015bmy jednym z pierwszych producent\u00f3w segmentowych bram przemys\u0142owych i gara\u017cowych w Polsce. Przez kolejne lata stopniowo uzupe\u0142niamy ofert\u0119 naszych produkt\u00f3w. \\nOd pocz\u0105tku istnienia wsp\u00f3\u0142pracujemy z wiod\u0105cymi dostawcami komponent\u00f3w do produkcji naszych wyrob\u00f3w oraz najbardziej renomowanymi producentami automatyki do bram w Europie i na \u015bwiecie. Wsp\u00f3lnie tworzymy oryginalne i nowatorskie rozwi\u0105zania. \\nDzi\u0119ki wieloletniemu do\u015bwiadczeniu, zespo\u0142owi o wysokich kwalifikacjach oraz wsp\u00f3\u0142pracy z najlepszym firmami z bran\u017cy, mo\u017cemy zaoferowa\u0107 naszym klientom najwy\u017csz\u0105 jako\u015b\u0107 produkt\u00f3w i obs\u0142ugi handlowej, poprzez sie\u0107 autoryzowanych partner\u00f3w handlowych. Od 2022 roku jeste\u015bmy cz\u0119\u015bci\u0105 Grupy WIK\u0118D, lidera na rynku drzwi zewn\u0119trznych oraz uznanego producenta stolarki okiennej. Dzi\u0119ki temu jeste\u015bmy w stanie kompleksowo obs\u0142u\u017cy\u0107 potrzeby naszych klient\u00f3w oferuj\u0105c im idealnie dobrany zestaw produkt\u00f3w widocznych w bryle zewn\u0119trznej budynk\u00f3w mieszkaniowych jak r\u00f3wnie\u017c przemys\u0142owych.\\n&quot;}\" data-sheets-userformat=\"{&quot;2&quot;:961,&quot;3&quot;:{&quot;1&quot;:0},&quot;9&quot;:0,&quot;10&quot;:1,&quot;11&quot;:4,&quot;12&quot;:0}\">Spole\u010dnost <strong>BEDITOM<\/strong> byla zalo\u017eena v roce 1995 a od sv\u00e9ho vzniku p\u016fsob\u00ed na trhu s branami, vraty a automatick\u00fdmi pohony pro obytnou a pr\u016fmyslovou v\u00fdstavbu.<\/span><\/p>\n<p><span data-sheets-root=\"1\" data-sheets-value=\"{&quot;1&quot;:2,&quot;2&quot;:&quot;Firma BEDITOM powsta\u0142a w 1995. Od samego pocz\u0105tku dzia\u0142a na rynku bram, drzwi i nap\u0119d\u00f3w automatycznych dla budownictwa mieszkaniowego oraz przemys\u0142owego.\\nJeste\u015bmy jednym z pierwszych producent\u00f3w segmentowych bram przemys\u0142owych i gara\u017cowych w Polsce. Przez kolejne lata stopniowo uzupe\u0142niamy ofert\u0119 naszych produkt\u00f3w. \\nOd pocz\u0105tku istnienia wsp\u00f3\u0142pracujemy z wiod\u0105cymi dostawcami komponent\u00f3w do produkcji naszych wyrob\u00f3w oraz najbardziej renomowanymi producentami automatyki do bram w Europie i na \u015bwiecie. Wsp\u00f3lnie tworzymy oryginalne i nowatorskie rozwi\u0105zania. \\nDzi\u0119ki wieloletniemu do\u015bwiadczeniu, zespo\u0142owi o wysokich kwalifikacjach oraz wsp\u00f3\u0142pracy z najlepszym firmami z bran\u017cy, mo\u017cemy zaoferowa\u0107 naszym klientom najwy\u017csz\u0105 jako\u015b\u0107 produkt\u00f3w i obs\u0142ugi handlowej, poprzez sie\u0107 autoryzowanych partner\u00f3w handlowych. Od 2022 roku jeste\u015bmy cz\u0119\u015bci\u0105 Grupy WIK\u0118D, lidera na rynku drzwi zewn\u0119trznych oraz uznanego producenta stolarki okiennej. Dzi\u0119ki temu jeste\u015bmy w stanie kompleksowo obs\u0142u\u017cy\u0107 potrzeby naszych klient\u00f3w oferuj\u0105c im idealnie dobrany zestaw produkt\u00f3w widocznych w bryle zewn\u0119trznej budynk\u00f3w mieszkaniowych jak r\u00f3wnie\u017c przemys\u0142owych.\\n&quot;}\" data-sheets-userformat=\"{&quot;2&quot;:961,&quot;3&quot;:{&quot;1&quot;:0},&quot;9&quot;:0,&quot;10&quot;:1,&quot;11&quot;:4,&quot;12&quot;:0}\">Jsme jedn\u00edm z prvn\u00edch v\u00fdrobc\u016f sek\u010dn\u00edch pr\u016fmyslov\u00fdch a gar\u00e1\u017eov\u00fdch vrat v Polsku. V pr\u016fb\u011bhu let jsme postupn\u011b roz\u0161i\u0159ovali n\u00e1\u0161 sortiment.<\/span><\/p>\n<p><span data-sheets-root=\"1\" data-sheets-value=\"{&quot;1&quot;:2,&quot;2&quot;:&quot;Firma BEDITOM powsta\u0142a w 1995. Od samego pocz\u0105tku dzia\u0142a na rynku bram, drzwi i nap\u0119d\u00f3w automatycznych dla budownictwa mieszkaniowego oraz przemys\u0142owego.\\nJeste\u015bmy jednym z pierwszych producent\u00f3w segmentowych bram przemys\u0142owych i gara\u017cowych w Polsce. Przez kolejne lata stopniowo uzupe\u0142niamy ofert\u0119 naszych produkt\u00f3w. \\nOd pocz\u0105tku istnienia wsp\u00f3\u0142pracujemy z wiod\u0105cymi dostawcami komponent\u00f3w do produkcji naszych wyrob\u00f3w oraz najbardziej renomowanymi producentami automatyki do bram w Europie i na \u015bwiecie. Wsp\u00f3lnie tworzymy oryginalne i nowatorskie rozwi\u0105zania. \\nDzi\u0119ki wieloletniemu do\u015bwiadczeniu, zespo\u0142owi o wysokich kwalifikacjach oraz wsp\u00f3\u0142pracy z najlepszym firmami z bran\u017cy, mo\u017cemy zaoferowa\u0107 naszym klientom najwy\u017csz\u0105 jako\u015b\u0107 produkt\u00f3w i obs\u0142ugi handlowej, poprzez sie\u0107 autoryzowanych partner\u00f3w handlowych. Od 2022 roku jeste\u015bmy cz\u0119\u015bci\u0105 Grupy WIK\u0118D, lidera na rynku drzwi zewn\u0119trznych oraz uznanego producenta stolarki okiennej. Dzi\u0119ki temu jeste\u015bmy w stanie kompleksowo obs\u0142u\u017cy\u0107 potrzeby naszych klient\u00f3w oferuj\u0105c im idealnie dobrany zestaw produkt\u00f3w widocznych w bryle zewn\u0119trznej budynk\u00f3w mieszkaniowych jak r\u00f3wnie\u017c przemys\u0142owych.\\n&quot;}\" data-sheets-userformat=\"{&quot;2&quot;:961,&quot;3&quot;:{&quot;1&quot;:0},&quot;9&quot;:0,&quot;10&quot;:1,&quot;11&quot;:4,&quot;12&quot;:0}\">Od sam\u00e9ho po\u010d\u00e1tku spolupracujeme s p\u0159edn\u00edmi dodavateli komponent\u016f pro v\u00fdrobu na\u0161ich produkt\u016f a s nejzn\u00e1m\u011bj\u0161\u00edmi v\u00fdrobci automatiza\u010dn\u00edch vrat v Evrop\u011b i ve sv\u011bt\u011b. Spole\u010dn\u011b vytv\u00e1\u0159\u00edme origin\u00e1ln\u00ed a inovativn\u00ed \u0159e\u0161en\u00ed.<\/span><\/p>\n<p><span data-sheets-root=\"1\" data-sheets-value=\"{&quot;1&quot;:2,&quot;2&quot;:&quot;Firma BEDITOM powsta\u0142a w 1995. Od samego pocz\u0105tku dzia\u0142a na rynku bram, drzwi i nap\u0119d\u00f3w automatycznych dla budownictwa mieszkaniowego oraz przemys\u0142owego.\\nJeste\u015bmy jednym z pierwszych producent\u00f3w segmentowych bram przemys\u0142owych i gara\u017cowych w Polsce. Przez kolejne lata stopniowo uzupe\u0142niamy ofert\u0119 naszych produkt\u00f3w. \\nOd pocz\u0105tku istnienia wsp\u00f3\u0142pracujemy z wiod\u0105cymi dostawcami komponent\u00f3w do produkcji naszych wyrob\u00f3w oraz najbardziej renomowanymi producentami automatyki do bram w Europie i na \u015bwiecie. Wsp\u00f3lnie tworzymy oryginalne i nowatorskie rozwi\u0105zania. \\nDzi\u0119ki wieloletniemu do\u015bwiadczeniu, zespo\u0142owi o wysokich kwalifikacjach oraz wsp\u00f3\u0142pracy z najlepszym firmami z bran\u017cy, mo\u017cemy zaoferowa\u0107 naszym klientom najwy\u017csz\u0105 jako\u015b\u0107 produkt\u00f3w i obs\u0142ugi handlowej, poprzez sie\u0107 autoryzowanych partner\u00f3w handlowych. Od 2022 roku jeste\u015bmy cz\u0119\u015bci\u0105 Grupy WIK\u0118D, lidera na rynku drzwi zewn\u0119trznych oraz uznanego producenta stolarki okiennej. Dzi\u0119ki temu jeste\u015bmy w stanie kompleksowo obs\u0142u\u017cy\u0107 potrzeby naszych klient\u00f3w oferuj\u0105c im idealnie dobrany zestaw produkt\u00f3w widocznych w bryle zewn\u0119trznej budynk\u00f3w mieszkaniowych jak r\u00f3wnie\u017c przemys\u0142owych.\\n&quot;}\" data-sheets-userformat=\"{&quot;2&quot;:961,&quot;3&quot;:{&quot;1&quot;:0},&quot;9&quot;:0,&quot;10&quot;:1,&quot;11&quot;:4,&quot;12&quot;:0}\">D\u00edky dlouholet\u00fdm zku\u0161enostem, t\u00fdmu vysoce kvalifikovan\u00fdch lid\u00ed, spolupr\u00e1ci s nejlep\u0161\u00edmi firmami v oboru nab\u00edz\u00edme na\u0161im z\u00e1kazn\u00edk\u016fm v\u00fdrobky nejvy\u0161\u0161\u00ed kvality a odborn\u00e9 znalosti a prodejn\u00ed slu\u017eby realizovan\u00e9 prost\u0159ednictv\u00edm <\/span><span data-sheets-root=\"1\" data-sheets-value=\"{&quot;1&quot;:2,&quot;2&quot;:&quot;Firma BEDITOM powsta\u0142a w 1995. Od samego pocz\u0105tku dzia\u0142a na rynku bram, drzwi i nap\u0119d\u00f3w automatycznych dla budownictwa mieszkaniowego oraz przemys\u0142owego.\\nJeste\u015bmy jednym z pierwszych producent\u00f3w segmentowych bram przemys\u0142owych i gara\u017cowych w Polsce. Przez kolejne lata stopniowo uzupe\u0142niamy ofert\u0119 naszych produkt\u00f3w. \\nOd pocz\u0105tku istnienia wsp\u00f3\u0142pracujemy z wiod\u0105cymi dostawcami komponent\u00f3w do produkcji naszych wyrob\u00f3w oraz najbardziej renomowanymi producentami automatyki do bram w Europie i na \u015bwiecie. Wsp\u00f3lnie tworzymy oryginalne i nowatorskie rozwi\u0105zania. \\nDzi\u0119ki wieloletniemu do\u015bwiadczeniu, zespo\u0142owi o wysokich kwalifikacjach oraz wsp\u00f3\u0142pracy z najlepszym firmami z bran\u017cy, mo\u017cemy zaoferowa\u0107 naszym klientom najwy\u017csz\u0105 jako\u015b\u0107 produkt\u00f3w i obs\u0142ugi handlowej, poprzez sie\u0107 autoryzowanych partner\u00f3w handlowych. Od 2022 roku jeste\u015bmy cz\u0119\u015bci\u0105 Grupy WIK\u0118D, lidera na rynku drzwi zewn\u0119trznych oraz uznanego producenta stolarki okiennej. Dzi\u0119ki temu jeste\u015bmy w stanie kompleksowo obs\u0142u\u017cy\u0107 potrzeby naszych klient\u00f3w oferuj\u0105c im idealnie dobrany zestaw produkt\u00f3w widocznych w bryle zewn\u0119trznej budynk\u00f3w mieszkaniowych jak r\u00f3wnie\u017c przemys\u0142owych.\\n&quot;}\" data-sheets-userformat=\"{&quot;2&quot;:961,&quot;3&quot;:{&quot;1&quot;:0},&quot;9&quot;:0,&quot;10&quot;:1,&quot;11&quot;:4,&quot;12&quot;:0}\">s\u00ed\u0165 autorizovan\u00fdch prodejn\u00edch partner\u016f. <\/span><\/p>\n<p><span data-sheets-root=\"1\" data-sheets-value=\"{&quot;1&quot;:2,&quot;2&quot;:&quot;Firma BEDITOM powsta\u0142a w 1995. Od samego pocz\u0105tku dzia\u0142a na rynku bram, drzwi i nap\u0119d\u00f3w automatycznych dla budownictwa mieszkaniowego oraz przemys\u0142owego.\\nJeste\u015bmy jednym z pierwszych producent\u00f3w segmentowych bram przemys\u0142owych i gara\u017cowych w Polsce. Przez kolejne lata stopniowo uzupe\u0142niamy ofert\u0119 naszych produkt\u00f3w. \\nOd pocz\u0105tku istnienia wsp\u00f3\u0142pracujemy z wiod\u0105cymi dostawcami komponent\u00f3w do produkcji naszych wyrob\u00f3w oraz najbardziej renomowanymi producentami automatyki do bram w Europie i na \u015bwiecie. Wsp\u00f3lnie tworzymy oryginalne i nowatorskie rozwi\u0105zania. \\nDzi\u0119ki wieloletniemu do\u015bwiadczeniu, zespo\u0142owi o wysokich kwalifikacjach oraz wsp\u00f3\u0142pracy z najlepszym firmami z bran\u017cy, mo\u017cemy zaoferowa\u0107 naszym klientom najwy\u017csz\u0105 jako\u015b\u0107 produkt\u00f3w i obs\u0142ugi handlowej, poprzez sie\u0107 autoryzowanych partner\u00f3w handlowych. Od 2022 roku jeste\u015bmy cz\u0119\u015bci\u0105 Grupy WIK\u0118D, lidera na rynku drzwi zewn\u0119trznych oraz uznanego producenta stolarki okiennej. Dzi\u0119ki temu jeste\u015bmy w stanie kompleksowo obs\u0142u\u017cy\u0107 potrzeby naszych klient\u00f3w oferuj\u0105c im idealnie dobrany zestaw produkt\u00f3w widocznych w bryle zewn\u0119trznej budynk\u00f3w mieszkaniowych jak r\u00f3wnie\u017c przemys\u0142owych.\\n&quot;}\" data-sheets-userformat=\"{&quot;2&quot;:961,&quot;3&quot;:{&quot;1&quot;:0},&quot;9&quot;:0,&quot;10&quot;:1,&quot;11&quot;:4,&quot;12&quot;:0}\">Od roku 2022 jsme sou\u010d\u00e1st\u00ed\u00a0<strong>SKUPINY WIK\u00caD <img loading=\"lazy\" decoding=\"async\" class=\"wp-image-3344 alignnone\" src=\"https:\/\/beditom.pl\/app\/uploads\/2024\/06\/cropped-Wiked_SYGNET_PODST_RGB-1-1-300x300.png\" alt=\"Beditom bramy gara\u017cowe\" width=\"22\" height=\"22\" srcset=\"https:\/\/beditom.pl\/app\/uploads\/2024\/06\/cropped-Wiked_SYGNET_PODST_RGB-1-1-300x300.png 300w, https:\/\/beditom.pl\/app\/uploads\/2024\/06\/cropped-Wiked_SYGNET_PODST_RGB-1-1-150x150.png 150w, https:\/\/beditom.pl\/app\/uploads\/2024\/06\/cropped-Wiked_SYGNET_PODST_RGB-1-1-200x200.png 200w, https:\/\/beditom.pl\/app\/uploads\/2024\/06\/cropped-Wiked_SYGNET_PODST_RGB-1-1.png 512w\" sizes=\"auto, (max-width: 22px) 100vw, 22px\" title=\"Sek\u010dn\u00ed gar\u00e1\u017eov\u00e1 vrata Beditom\"><\/strong>, p\u0159edn\u00edho v\u00fdrobce v oblasti vn\u011bj\u0161\u00edch dve\u0159\u00ed a uzn\u00e1van\u00e9ho v\u00fdrobce okenn\u00edch truhl\u00e1\u0159sk\u00fdch v\u00fdrobk\u016f. D\u00edky tomu jsme schopni komplexn\u011b uspokojit pot\u0159eby na\u0161ich z\u00e1kazn\u00edk\u016f a nab\u00eddnout jim dokonale slad\u011bn\u00fd soubor v\u00fdrobk\u016f viditeln\u00fdch v exteri\u00e9ru obytn\u00fdch i pr\u016fmyslov\u00fdch budov.<\/span><\/p>\n<\/div><\/div><\/div><\/div><div class=\"wpb_column vc_column_container\"><div class=\"vc_column-inner\"><div class=\"w-separator size_huge\"><\/div><div class=\"w-image us_custom_47474b22 us_animate_this align_center\"><div class=\"w-image-h\"><img decoding=\"async\" width=\"1024\" height=\"767\" src=\"https:\/\/beditom.pl\/app\/uploads\/2024\/04\/1_g_16-1024x767.webp\" class=\"attachment-large size-large\" alt=\"Beditom bramy gara\u017cowe\" loading=\"lazy\" srcset=\"https:\/\/beditom.pl\/app\/uploads\/2024\/04\/1_g_16-1024x767.webp 1024w, https:\/\/beditom.pl\/app\/uploads\/2024\/04\/1_g_16-300x225.webp 300w, https:\/\/beditom.pl\/app\/uploads\/2024\/04\/1_g_16-50x37.webp 50w, https:\/\/beditom.pl\/app\/uploads\/2024\/04\/1_g_16-600x449.webp 600w, https:\/\/beditom.pl\/app\/uploads\/2024\/04\/1_g_16.webp 1718w\" sizes=\"auto, (max-width: 1024px) 100vw, 1024px\" title=\"Sek\u010dn\u00ed gar\u00e1\u017eov\u00e1 vrata Beditom\"><\/div><\/div><\/div><\/div><\/div><\/div><\/section><section class=\"l-section wpb_row height_auto width_custom\" style=\"--site-content-width:1320px;\"><div class=\"l-section-h i-cf\"><div class=\"g-cols vc_row via_grid cols_1 laptops-cols_inherit tablets-cols_inherit mobiles-cols_1 valign_top type_default stacking_default\"><div class=\"wpb_column vc_column_container\"><div class=\"vc_column-inner\"><div class=\"w-html us_custom_9ebf969f\"><p>C\u00edle a posl\u00e1n\u00ed spole\u010dnosti BEDITOM\n\n<\/p><\/div><div class=\"g-cols wpb_row via_grid cols_3 laptops-cols_3 tablets-cols_inherit mobiles-cols_1 valign_top type_default stacking_default\" style=\"--columns-gap:3rem;\"><div class=\"wpb_column vc_column_container us_custom_3a970018 has_bg_color\"><div class=\"vc_column-inner\"><div class=\"w-image us_custom_2515fe1d has_height align_center\"><div class=\"w-image-h\"><img decoding=\"async\" width=\"1000\" height=\"1000\" src=\"https:\/\/beditom.pl\/app\/uploads\/2024\/05\/BEDITOM-sygnet-kolor.png\" class=\"attachment-us_200_200 size-us_200_200\" alt=\"Beditom bramy gara\u017cowe\" loading=\"lazy\" srcset=\"https:\/\/beditom.pl\/app\/uploads\/2024\/05\/BEDITOM-sygnet-kolor.png 1000w, https:\/\/beditom.pl\/app\/uploads\/2024\/05\/BEDITOM-sygnet-kolor-300x300.png 300w, https:\/\/beditom.pl\/app\/uploads\/2024\/05\/BEDITOM-sygnet-kolor-150x150.png 150w\" sizes=\"auto, (max-width: 1000px) 100vw, 1000px\" title=\"Sek\u010dn\u00ed gar\u00e1\u017eov\u00e1 vrata Beditom\"><\/div><\/div><div class=\"w-separator size_small\"><\/div><div class=\"wpb_text_column us_custom_93768ad6 has_text_color\"><div class=\"wpb_wrapper\"><p>Na\u0161\u00edm c\u00edlem je<\/p>\n<\/div><\/div><div class=\"w-separator size_small\"><\/div><div class=\"wpb_text_column us_custom_df5f4c97 has_text_color\"><div class=\"wpb_wrapper\"><p>poskytovat z\u00e1kazn\u00edk\u016fm v\u00fdrobky na nejvy\u0161\u0161\u00ed technologick\u00e9 \u00farovni.<br \/>Pozn\u00e1v\u00e1me pot\u0159eby na\u0161ich z\u00e1kazn\u00edk\u016f a n\u00e1sledn\u011b je transformujeme do inovativn\u00edch \u0159e\u0161en\u00ed, abychom zajistili konkurenceschopnost na\u0161ich v\u00fdrobk\u016f.<\/p>\n<\/div><\/div><\/div><\/div><div class=\"wpb_column vc_column_container us_custom_3a970018 has_bg_color\"><div class=\"vc_column-inner\"><div class=\"w-image us_custom_2515fe1d has_height align_center\"><div class=\"w-image-h\"><img decoding=\"async\" src=\"https:\/\/beditom.pl\/app\/uploads\/2024\/05\/02-zadowolenie-klienta.svg\" class=\"attachment-us_200_200 size-us_200_200\" alt=\"Beditom bramy gara\u017cowe\" loading=\"lazy\" title=\"Sek\u010dn\u00ed gar\u00e1\u017eov\u00e1 vrata Beditom\"><\/div><\/div><div class=\"w-separator size_small\"><\/div><div class=\"wpb_text_column us_custom_954cbfd9 has_text_color\"><div class=\"wpb_wrapper\"><p>Spokojenost z\u00e1kazn\u00edk\u016f<\/p>\n<\/div><\/div><div class=\"w-separator size_small\"><\/div><div class=\"wpb_text_column\"><div class=\"wpb_wrapper\"><p>pohodl\u00ed a bezpe\u010dnost u\u017eivatel\u016f je pro n\u00e1s nejvy\u0161\u0161\u00ed v\u00fdzvou.<br \/>Nab\u00edz\u00edme slu\u017eby z\u00e1kazn\u00edk\u016fm od poradenstv\u00ed p\u0159es v\u00fdrobu a\u017e po instalaci a do\u017eivotn\u00ed servis.<\/p>\n<\/div><\/div><\/div><\/div><div class=\"wpb_column vc_column_container us_custom_3a970018 has_bg_color\"><div class=\"vc_column-inner\"><div class=\"w-image us_custom_2515fe1d has_height align_center\"><div class=\"w-image-h\"><img decoding=\"async\" src=\"https:\/\/beditom.pl\/app\/uploads\/2024\/05\/03-bezpieczenstwo.svg\" class=\"attachment-us_200_200 size-us_200_200\" alt=\"Beditom bramy gara\u017cowe\" loading=\"lazy\" title=\"Sek\u010dn\u00ed gar\u00e1\u017eov\u00e1 vrata Beditom\"><\/div><\/div><div class=\"w-separator size_small\"><\/div><div class=\"wpb_text_column us_custom_954cbfd9 has_text_color\"><div class=\"wpb_wrapper\"><p>Db\u00e1me na bezpe\u010dnost<\/p>\n<\/div><\/div><div class=\"w-separator size_small\"><\/div><div class=\"wpb_text_column\"><div class=\"wpb_wrapper\"><p>z\u00e1kazn\u00edci . Na\u0161e v\u00fdrobky spl\u0148uj\u00ed po\u017eadavky evropsk\u00fdch norem a p\u0159edpis\u016f.<\/p>\n<\/div><\/div><\/div><\/div><\/div><div class=\"w-separator size_medium\"><\/div><div class=\"g-cols wpb_row via_grid cols_2 laptops-cols_2 tablets-cols_inherit mobiles-cols_1 valign_top type_default stacking_default\" style=\"--columns-gap:3rem;\"><div class=\"wpb_column vc_column_container us_custom_3a970018 has_bg_color\"><div class=\"vc_column-inner\"><div class=\"w-image us_custom_f9501a1c has_height align_center\"><div class=\"w-image-h\"><img decoding=\"async\" src=\"https:\/\/beditom.pl\/app\/uploads\/2024\/06\/handshake-2.svg\" class=\"attachment-us_200_200 size-us_200_200\" alt=\"Beditom bramy gara\u017cowe\" loading=\"lazy\" title=\"Sek\u010dn\u00ed gar\u00e1\u017eov\u00e1 vrata Beditom\"><\/div><\/div><div class=\"w-separator size_small\"><\/div><div class=\"wpb_text_column us_custom_954cbfd9 has_text_color\"><div class=\"wpb_wrapper\"><p>P\u0159i jedn\u00e1n\u00ed s na\u0161imi z\u00e1kazn\u00edky<\/p>\n<\/div><\/div><div class=\"w-separator size_small\"><\/div><div class=\"wpb_text_column\"><div class=\"wpb_wrapper\"><p>a obchodn\u00edmi partnery dodr\u017eujeme vysok\u00e9 profesion\u00e1ln\u00ed a etick\u00e9 standardy.<br \/>\nD\u016fv\u011bra z\u00e1kazn\u00edk\u016f a partner\u016f je nejvy\u0161\u0161\u00edm ocen\u011bn\u00edm pr\u00e1ce na\u0161eho t\u00fdmu.<\/p>\n<\/div><\/div><\/div><\/div><div class=\"wpb_column vc_column_container us_custom_3a970018 has_bg_color\"><div class=\"vc_column-inner\"><div class=\"w-image us_custom_2515fe1d has_height align_center\"><div class=\"w-image-h\"><img decoding=\"async\" src=\"https:\/\/beditom.pl\/app\/uploads\/2024\/05\/05-podejmujemy-wyzwania.svg\" class=\"attachment-us_200_200 size-us_200_200\" alt=\"Beditom bramy gara\u017cowe\" loading=\"lazy\" title=\"Sek\u010dn\u00ed gar\u00e1\u017eov\u00e1 vrata Beditom\"><\/div><\/div><div class=\"w-separator size_small\"><\/div><div class=\"wpb_text_column us_custom_954cbfd9 has_text_color\"><div class=\"wpb_wrapper\"><p>V\u00fdzvy p\u0159ij\u00edm\u00e1me s v\u00e1\u0161n\u00ed<\/p>\n<\/div><\/div><div class=\"w-separator size_small\"><\/div><div class=\"wpb_text_column\"><div class=\"wpb_wrapper\"><p>zlep\u0161ov\u00e1n\u00ed produkt\u016f a slu\u017eeb z\u00e1kazn\u00edk\u016fm. Na\u0161e c\u00edle sledujeme se zvl\u00e1\u0161tn\u00edm ohledem na po\u017eadavky na ochranu \u017eivotn\u00edho prost\u0159ed\u00ed, co\u017e se projevuje zaji\u0161t\u011bn\u00edm vysok\u00e9 \u017eivotnosti v\u00fdrobk\u016f a optim\u00e1ln\u00ed energetick\u00e9 \u00fa\u010dinnosti.<\/p>\n<\/div><\/div><\/div><\/div><\/div><div class=\"w-separator size_small\"><\/div><div class=\"w-separator size_medium\"><\/div><\/div><\/div><\/div><\/div><\/section>","protected":false},"excerpt":{"rendered":"Firma BEDITOM, za\u0142o\u017cona w 1995 roku, specjalizuje si\u0119 w produkcji bram segmentowych przemys\u0142owych i gara\u017cowych, b\u0119d\u0105c jednym z pionier\u00f3w w tej dziedzinie na polskim rynku. Strona g\u0142\u00f3wnaStr\u00e1nky Historia firmy Firma BEDITOM powsta\u0142a w 1995. Od samego pocz\u0105tku dzia\u0142a na rynku bram, drzwi i nap\u0119d\u00f3w automatycznych dla budownictwa mieszkaniowego oraz przemys\u0142owego. Jeste\u015bmy jednym z pierwszych producent\u00f3w...","protected":false},"author":1,"featured_media":599,"parent":0,"menu_order":0,"comment_status":"closed","ping_status":"closed","template":"","meta":{"_acf_changed":false,"footnotes":""},"class_list":["post-2083","page","type-page","status-publish","has-post-thumbnail","hentry"],"acf":[],"_links":{"self":[{"href":"https:\/\/beditom.pl\/cz\/wp-json\/wp\/v2\/pages\/2083","targetHints":{"allow":["GET"]}}],"collection":[{"href":"https:\/\/beditom.pl\/cz\/wp-json\/wp\/v2\/pages"}],"about":[{"href":"https:\/\/beditom.pl\/cz\/wp-json\/wp\/v2\/types\/page"}],"author":[{"embeddable":true,"href":"https:\/\/beditom.pl\/cz\/wp-json\/wp\/v2\/users\/1"}],"replies":[{"embeddable":true,"href":"https:\/\/beditom.pl\/cz\/wp-json\/wp\/v2\/comments?post=2083"}],"version-history":[{"count":35,"href":"https:\/\/beditom.pl\/cz\/wp-json\/wp\/v2\/pages\/2083\/revisions"}],"predecessor-version":[{"id":4162,"href":"https:\/\/beditom.pl\/cz\/wp-json\/wp\/v2\/pages\/2083\/revisions\/4162"}],"wp:featuredmedia":[{"embeddable":true,"href":"https:\/\/beditom.pl\/cz\/wp-json\/wp\/v2\/media\/599"}],"wp:attachment":[{"href":"https:\/\/beditom.pl\/cz\/wp-json\/wp\/v2\/media?parent=2083"}],"curies":[{"name":"wp","href":"https:\/\/api.w.org\/{rel}","templated":true}]}}