{"id":1873,"date":"2024-04-01T17:51:43","date_gmt":"2024-04-01T17:51:43","guid":{"rendered":"https:\/\/beditom.pl\/?page_id=1873"},"modified":"2024-12-09T13:38:02","modified_gmt":"2024-12-09T13:38:02","slug":"dla-firm-wspolpraca","status":"publish","type":"page","link":"https:\/\/beditom.pl\/cz\/kontakt\/dla-firm-wspolpraca\/","title":{"rendered":"Pro firmy - spolupr\u00e1ce"},"content":{"rendered":"<section class=\"l-section wpb_row height_medium width_custom color_primary\" style=\"--site-content-width:1320px;\"><div class=\"l-section-h i-cf\"><div class=\"g-cols vc_row via_grid cols_1-4-1 laptops-cols_inherit tablets-cols_inherit mobiles-cols_1 valign_top type_default stacking_default\"><div class=\"wpb_column vc_column_container\"><div class=\"vc_column-inner\"><\/div><\/div><div class=\"wpb_column vc_column_container\"><div class=\"vc_column-inner\"><div class=\"w-html us_custom_9dfb85bd has_text_color\"><p>PRO FIRMY<\/p><\/div><div class=\"w-html us_custom_b011e678 has_text_color\"><h1 class=\"us_custom_b011e678\">Pro firmy - spolupr\u00e1ce<\/h1><\/div><\/div><\/div><div class=\"wpb_column vc_column_container\"><div class=\"vc_column-inner\"><\/div><\/div><\/div><\/div><\/section><section class=\"l-section wpb_row us_custom_e29345e3 height_medium width_custom\" style=\"--site-content-width:1320px;\"><div class=\"l-section-h i-cf\"><div class=\"g-cols vc_row via_grid cols_1 laptops-cols_inherit tablets-cols_inherit mobiles-cols_1 valign_top type_default stacking_default\"><div class=\"wpb_column vc_column_container\"><div class=\"vc_column-inner\"><nav class=\"g-breadcrumbs us_custom_fdcab3db separator_icon align_none hide_current\" itemscope itemtype=\"http:\/\/schema.org\/BreadcrumbList\"><div class=\"g-breadcrumbs-item\" itemscope itemprop=\"itemListElement\" itemtype=\"http:\/\/schema.org\/ListItem\"><a itemprop=\"item\" href=\"https:\/\/beditom.pl\/cz\/\"><span itemprop=\"name\">Dom\u016f<\/span><\/a><meta itemprop=\"position\" content=\"1\"\/><\/div><div class=\"g-breadcrumbs-separator\"><i class=\"far fa-angle-right\"><\/i><\/div><div class=\"g-breadcrumbs-item\">Str\u00e1nky<\/div><\/nav><\/div><\/div><\/div><\/div><\/section>\n<section class=\"l-section wpb_row height_medium width_custom\" style=\"--site-content-width:1320px;\"><div class=\"l-section-h i-cf\"><div class=\"g-cols vc_row via_grid cols_1 laptops-cols_inherit tablets-cols_inherit mobiles-cols_1 valign_bottom type_default stacking_default\"><div class=\"wpb_column vc_column_container\"><div class=\"vc_column-inner\"><div class=\"wpb_text_column us_custom_9ebf969f\"><div class=\"wpb_wrapper\"><p>Pro firmy - spolupr\u00e1ce<\/p>\n<\/div><\/div><div class=\"wpb_text_column\"><div class=\"wpb_wrapper\"><p>Ke spolupr\u00e1ci zveme dodavatelsk\u00e9 firmy ze stavebnictv\u00ed, mont\u00e1\u017en\u00ed t\u00fdmy a obchodn\u00ed partnery. Poskytujeme \u0161kolen\u00ed a atraktivn\u00ed podm\u00ednky spolupr\u00e1ce.<\/p>\n<\/div><\/div><\/div><\/div><\/div><\/div><\/section><section class=\"l-section wpb_row height_medium width_custom\" style=\"--site-content-width:1320px;\"><div class=\"l-section-h i-cf\"><div class=\"g-cols vc_row via_grid cols_2 laptops-cols_inherit tablets-cols_inherit mobiles-cols_1 valign_top type_default stacking_default\"><div class=\"wpb_column vc_column_container\"><div class=\"vc_column-inner\"><div class=\"wpb_text_column\"><div class=\"wpb_wrapper\"><p>Budeme spolupracovat s <strong>INSTALA\u010cN\u00cd T\u00ddMY<\/strong> pr\u016fmyslov\u00e1 vrata, gar\u00e1\u017eov\u00e1 vrata a automatizace bran po cel\u00e9 zemi.<\/p>\n<\/div><\/div><\/div><\/div><div class=\"wpb_column vc_column_container\"><div class=\"vc_column-inner\"><div class=\"wpb_text_column\"><div class=\"wpb_wrapper\"><p>Budeme spolupracovat s <strong>DEALERSK\u00c9 SPOLE\u010cNOSTI<\/strong> na n\u00e1rodn\u00ed i mezin\u00e1rodn\u00ed \u00farovni.<\/p>\n<\/div><\/div><\/div><\/div><\/div><\/div><\/section><section class=\"l-section wpb_row us_custom_5cd26a65 height_medium width_custom\" style=\"--site-content-width:1320px;\"><div class=\"l-section-h i-cf\"><div class=\"g-cols vc_row via_grid cols_1 laptops-cols_inherit tablets-cols_inherit mobiles-cols_1 valign_bottom type_default stacking_default\"><div class=\"wpb_column vc_column_container\"><div class=\"vc_column-inner\"><div class=\"wpb_text_column us_custom_9ebf969f\"><div class=\"wpb_wrapper\"><p style=\"text-align: left;\">Kontaktujte n\u00e1s telefonicky nebo e-mailem<\/p>\n<\/div><\/div><div class=\"w-contacts\"><div class=\"w-contacts-list\"><div class=\"w-contacts-item for_phone\"><span class=\"w-contacts-item-value\">+48 58 667 37 11<\/span><\/div><div class=\"w-contacts-item for_mobile\"><span class=\"w-contacts-item-value\">+48 605 929 948<\/span><\/div><div class=\"w-contacts-item for_email\"><span class=\"w-contacts-item-value\"><a href=\"mailto:kontakt@beditom.pl\">kontakt@beditom.pl<\/a><\/span><\/div><\/div><\/div><\/div><\/div><\/div><\/div><\/section><section class=\"l-section wpb_row us_custom_5cd26a65 height_medium width_custom\" style=\"--site-content-width:1320px;\"><div class=\"l-section-h i-cf\"><div class=\"g-cols vc_row via_grid cols_2 laptops-cols_inherit tablets-cols_inherit mobiles-cols_1 valign_top type_default stacking_default\"><div class=\"wpb_column vc_column_container\"><div class=\"vc_column-inner\"><form class=\"w-form  us-field-style_1 layout_ver show_message_after_sending for_cform us_form_1\" action=\"https:\/\/beditom.pl\/cz\/cz\/wp-json\/wp\/v2\/pages\/1873\" method=\"post\" enctype=\"multipart\/form-data\" data-trp-original-action=\"https:\/\/beditom.pl\/cz\/cz\/wp-json\/wp\/v2\/pages\/1873\"><div class=\"w-form-h\"><div class=\"w-form-row for_text has_label required\">\r\n\t\t\t<div class=\"w-form-row-label\">\r\n\t\t\t<span>N\u00e1zev spole\u010dnosti *<\/span>\r\n\t\t<\/div>\r\n\t\t<div class=\"w-form-row-field\">\r\n\t\t\t\t\t\t<input aria-label=\"N\u00e1zev spole\u010dnosti\" type=\"text\" name=\"us_form_1_text_1\" value placeholder data-required=\"true\" aria-required=\"true\"\/>\r\n\t\t\t<\/div>\r\n\t\t<div class=\"w-form-row-state\">Pros\u00edm, vypl\u0148te toto pole.<\/div>\r\n<\/div>\r\n<div class=\"w-form-row for_text has_label required\">\r\n\t\t\t<div class=\"w-form-row-label\">\r\n\t\t\t<span>Obchodn\u00ed adresa *<\/span>\r\n\t\t<\/div>\r\n\t\t<div class=\"w-form-row-field\">\r\n\t\t\t\t\t\t<input aria-label=\"Adresa s\u00eddla\" type=\"text\" name=\"us_form_1_text_2\" value placeholder data-required=\"true\" aria-required=\"true\"\/>\r\n\t\t\t<\/div>\r\n\t\t<div class=\"w-form-row-state\">Pros\u00edm, vypl\u0148te toto pole.<\/div>\r\n<\/div>\r\n<div class=\"w-form-row for_text has_label required\">\r\n\t\t\t<div class=\"w-form-row-label\">\r\n\t\t\t<span>Kontaktn\u00ed osoba *<\/span>\r\n\t\t<\/div>\r\n\t\t<div class=\"w-form-row-field\">\r\n\t\t\t\t\t\t<input aria-label=\"Kontaktn\u00ed osoba\" type=\"text\" name=\"us_form_1_text_3\" value placeholder data-required=\"true\" aria-required=\"true\"\/>\r\n\t\t\t<\/div>\r\n\t\t<div class=\"w-form-row-state\">Pros\u00edm, vypl\u0148te toto pole.<\/div>\r\n<\/div>\r\n<div class=\"w-form-row for_text has_label required\">\r\n\t\t\t<div class=\"w-form-row-label\">\r\n\t\t\t<span>Telefonn\u00ed \u010d\u00edslo *<\/span>\r\n\t\t<\/div>\r\n\t\t<div class=\"w-form-row-field\">\r\n\t\t\t\t\t\t<input aria-label=\"Telefonn\u00ed \u010d\u00edslo\" type=\"text\" name=\"us_form_1_text_4\" value placeholder data-required=\"true\" aria-required=\"true\"\/>\r\n\t\t\t<\/div>\r\n\t\t<div class=\"w-form-row-state\">Pros\u00edm, vypl\u0148te toto pole.<\/div>\r\n<\/div>\r\n<div class=\"w-form-row for_email has_label required\">\r\n\t\t\t<div class=\"w-form-row-label\">\r\n\t\t\t<span>E-mailov\u00e1 adresa *<\/span>\r\n\t\t<\/div>\r\n\t\t<div class=\"w-form-row-field\">\r\n\t\t\t\t\t\t<input aria-label=\"E-mailov\u00e1 adresa\" type=\"email\" name=\"us_form_1_email_1\" value placeholder data-required=\"true\" aria-required=\"true\"\/>\r\n\t\t\t<\/div>\r\n\t\t<div class=\"w-form-row-state\">Zadejte pros\u00edm platnou e-mailovou adresu.<\/div>\r\n<\/div>\r\n<div class=\"w-form-row for_textarea has_label\">\r\n\t\t\t<div class=\"w-form-row-label\">\r\n\t\t\t<span>Dal\u0161\u00ed informace<\/span>\r\n\t\t<\/div>\r\n\t\t<div class=\"w-form-row-field\">\r\n\t\t\t\t\t\t<textarea aria-label=\"Dal\u0161\u00ed informace\" name=\"us_form_1_textarea_1\" placeholder><\/textarea>\r\n\t\t\t<\/div>\r\n\t\t<div class=\"w-form-row-state\">Pros\u00edm, vypl\u0148te toto pole.<\/div>\r\n<\/div>\r\n<div class=\"w-form-row for_file has_label\">\r\n\t\t\t<div class=\"w-form-row-label\">\r\n\t\t\t<span>P\u0159\u00edloha<\/span>\r\n\t\t<\/div>\r\n\t\t<div class=\"w-form-row-field\">\r\n\t\t\t\t\t\t<input aria-label=\"P\u0159\u00edloha\" type=\"file\" name=\"us_form_1_file_1\" data-std=\"10MB\" data-max_size=\"10\"\/>\r\n\t\t\t<\/div>\r\n\t\t<div class=\"w-form-row-state\">Pros\u00edm, vypl\u0148te toto pole.<\/div>\r\n<\/div>\r\n<div class=\"w-form-row for_agreement required\">\r\n\t\t<div class=\"w-form-row-field\">\r\n\t\t\t\t<label>\r\n\t\t\t<input type=\"checkbox\" value=\"1\" data-required=\"true\" aria-required=\"true\" name=\"us_form_1_agreement_1\"\/>\r\n\t\t\t<span>Potvrzuji, \u017ee jsem si p\u0159e\u010detl\/a a souhlas\u00edm s <a href=\"https:\/\/beditom.pl\/cz\/regulamin-serwisu-internetowego\/\">podm\u00ednky pou\u017e\u00edv\u00e1n\u00ed webov\u00fdch str\u00e1nek<\/a>.<\/span>\r\n\t\t<\/label>\r\n\t\t\t<\/div>\r\n\t\t<div class=\"w-form-row-state\">Chcete-li pokra\u010dovat, mus\u00edte souhlasit s podm\u00ednkami<\/div>\r\n<\/div>\r\n<div class=\"w-form-row for_agreement required\">\r\n\t\t<div class=\"w-form-row-field\">\r\n\t\t\t\t<label>\r\n\t\t\t<input type=\"checkbox\" value=\"1\" data-required=\"true\" aria-required=\"true\" name=\"us_form_1_agreement_2\"\/>\r\n\t\t\t<span>Potvrzuji, \u017ee jsem si p\u0159e\u010detl(a) a porozum\u011bl(a) <a href=\"https:\/\/beditom.pl\/cz\/polityka-prywatnosci\/\">z\u00e1sady ochrany osobn\u00edch \u00fadaj\u016f<\/a> webov\u00e9 slu\u017eby. <br \/>Spr\u00e1vcem osobn\u00edch \u00fadaj\u016f shrom\u00e1\u017ed\u011bn\u00fdch prost\u0159ednictv\u00edm webov\u00fdch str\u00e1nek je spole\u010dnost Beditom sp. z o.o. se s\u00eddlem v Gdyni. \u00dadaje jsou nebo mohou b\u00fdt zpracov\u00e1v\u00e1ny pro \u00fa\u010dely a z d\u016fvod\u016f podrobn\u011b uveden\u00fdch v z\u00e1sad\u00e1ch ochrany osobn\u00edch \u00fadaj\u016f (nap\u0159. vyu\u017e\u00edv\u00e1n\u00ed elektronick\u00fdch slu\u017eeb, p\u0159\u00edm\u00fd marketing). Z\u00e1sady ochrany osobn\u00edch \u00fadaj\u016f obsahuj\u00ed \u00fapln\u00e9 informace o zpracov\u00e1n\u00ed \u00fadaj\u016f spr\u00e1vcem spolu s pr\u00e1vy subjektu \u00fadaj\u016f. Rychl\u00fd kontakt na spr\u00e1vce: rodo@beditom.pl, telefonn\u00ed \u010d\u00edslo: +48 58 667 37 10.<\/span>\r\n\t\t<\/label>\r\n\t\t\t<\/div>\r\n\t\t<div class=\"w-form-row-state\">Chcete-li pokra\u010dovat, mus\u00edte souhlasit s podm\u00ednkami<\/div>\r\n<\/div>\r\n<input type=\"hidden\" name=\"action\" value=\"us_ajax_cform\" \/>\r\n<input type=\"hidden\" name=\"post_id\" value=\"0\" \/>\r\n<input type=\"hidden\" name=\"form_index\" value=\"1\" \/>\r\n<div class=\"w-form-row for_submit align_none\"><button class=\"w-btn us-btn-style_4\" type=\"submit\" aria-label=\"Odeslat\"><span class=\"g-preloader type_1\"><\/span><span class=\"w-btn-label\">Odeslat<\/span><\/button><\/div><\/div><div class=\"w-form-message\"><\/div><div class=\"w-form-json hidden\" onclick='return {&quot;ajaxurl&quot;:&quot;https:\\\/\\\/beditom.pl\\\/wp\\\/wp-admin\\\/admin-ajax.php&quot;,&quot;messages&quot;:{&quot;err_empty&quot;:&quot;Pros\\u00edm, vypl\\u0148te toto pole.&quot;,&quot;err_size&quot;:&quot;Velikost souboru nesm\\u00ed p\\u0159ekro\\u010dit %s MB&quot;,&quot;err_extension&quot;:&quot;Form\\u00e1t %s nen\\u00ed povolen&quot;,&quot;err_recaptcha_keys&quot;:&quot;reCAPTCHA kl\\u00ed\\u010de nejsou spr\\u00e1vn\\u00e9&quot;}}'><\/div><input type=\"hidden\" name=\"trp-form-language\" value=\"cz\"\/><\/form><\/div><\/div><div class=\"wpb_column vc_column_container\"><div class=\"vc_column-inner\"><div class=\"w-image align_none\"><div class=\"w-image-h\"><img decoding=\"async\" width=\"1024\" height=\"768\" src=\"https:\/\/beditom.pl\/app\/uploads\/2024\/04\/man-beditom_2024-1024x768.jpg\" class=\"attachment-large size-large\" alt=\"BEDITOM - ci\u0119\u017car\u00f3wka z przyczep\u0105\" loading=\"lazy\" srcset=\"https:\/\/beditom.pl\/app\/uploads\/2024\/04\/man-beditom_2024-1024x768.jpg 1024w, https:\/\/beditom.pl\/app\/uploads\/2024\/04\/man-beditom_2024-300x225.jpg 300w, https:\/\/beditom.pl\/app\/uploads\/2024\/04\/man-beditom_2024-200x150.jpg 200w, https:\/\/beditom.pl\/app\/uploads\/2024\/04\/man-beditom_2024.jpg 1210w\" sizes=\"auto, (max-width: 1024px) 100vw, 1024px\" title=\"Sek\u010dn\u00ed gar\u00e1\u017eov\u00e1 vrata Beditom\"><\/div><\/div><div class=\"w-separator size_medium\"><\/div><div class=\"w-image align_none\"><div class=\"w-image-h\"><img decoding=\"async\" width=\"1024\" height=\"683\" src=\"https:\/\/beditom.pl\/app\/uploads\/2024\/04\/1_g_2-1024x683.webp\" class=\"attachment-large size-large\" alt=\"Beditom bramy gara\u017cowe\" loading=\"lazy\" srcset=\"https:\/\/beditom.pl\/app\/uploads\/2024\/04\/1_g_2-1024x683.webp 1024w, https:\/\/beditom.pl\/app\/uploads\/2024\/04\/1_g_2-300x200.webp 300w, https:\/\/beditom.pl\/app\/uploads\/2024\/04\/1_g_2-50x33.webp 50w, https:\/\/beditom.pl\/app\/uploads\/2024\/04\/1_g_2-600x400.webp 600w, https:\/\/beditom.pl\/app\/uploads\/2024\/04\/1_g_2.webp 1920w\" sizes=\"auto, (max-width: 1024px) 100vw, 1024px\" title=\"Sek\u010dn\u00ed gar\u00e1\u017eov\u00e1 vrata Beditom\"><\/div><\/div><\/div><\/div><\/div><\/div><\/section>","protected":false},"excerpt":{"rendered":"DLA FIRMDla firm \u2013 wsp\u00f3\u0142pracaStrona g\u0142\u00f3wnaStr\u00e1nky Dla firm \u2013 wsp\u00f3\u0142praca Zapraszamy do wsp\u00f3\u0142pracy firmy wykonawcze z bran\u017cy budowlanej, ekipy monterskie oraz partner\u00f3w\u00a0 handlowych. Zapewniamy szkolenia i atrakcyjne warunki wsp\u00f3\u0142pracy. Nawi\u0105\u017cemy wsp\u00f3\u0142prac\u0119 z EKIPAMI MONTERSKIMI bram przemys\u0142owych, gara\u017cowych i automatyki do bram na terenie ca\u0142ego kraju. Nawi\u0105\u017cemy wsp\u00f3\u0142prac\u0119 z FIRMAMI DEALERSKIMI na terenie kraju i zagranic\u0105....","protected":false},"author":1,"featured_media":1717,"parent":1879,"menu_order":0,"comment_status":"closed","ping_status":"closed","template":"","meta":{"_acf_changed":false,"footnotes":""},"class_list":["post-1873","page","type-page","status-publish","has-post-thumbnail","hentry"],"acf":[],"_links":{"self":[{"href":"https:\/\/beditom.pl\/cz\/wp-json\/wp\/v2\/pages\/1873","targetHints":{"allow":["GET"]}}],"collection":[{"href":"https:\/\/beditom.pl\/cz\/wp-json\/wp\/v2\/pages"}],"about":[{"href":"https:\/\/beditom.pl\/cz\/wp-json\/wp\/v2\/types\/page"}],"author":[{"embeddable":true,"href":"https:\/\/beditom.pl\/cz\/wp-json\/wp\/v2\/users\/1"}],"replies":[{"embeddable":true,"href":"https:\/\/beditom.pl\/cz\/wp-json\/wp\/v2\/comments?post=1873"}],"version-history":[{"count":25,"href":"https:\/\/beditom.pl\/cz\/wp-json\/wp\/v2\/pages\/1873\/revisions"}],"predecessor-version":[{"id":4521,"href":"https:\/\/beditom.pl\/cz\/wp-json\/wp\/v2\/pages\/1873\/revisions\/4521"}],"up":[{"embeddable":true,"href":"https:\/\/beditom.pl\/cz\/wp-json\/wp\/v2\/pages\/1879"}],"wp:featuredmedia":[{"embeddable":true,"href":"https:\/\/beditom.pl\/cz\/wp-json\/wp\/v2\/media\/1717"}],"wp:attachment":[{"href":"https:\/\/beditom.pl\/cz\/wp-json\/wp\/v2\/media?parent=1873"}],"curies":[{"name":"wp","href":"https:\/\/api.w.org\/{rel}","templated":true}]}}