{"id":1858,"date":"2024-04-01T17:32:40","date_gmt":"2024-04-01T17:32:40","guid":{"rendered":"https:\/\/beditom.pl\/?page_id=1858"},"modified":"2024-12-09T13:35:54","modified_gmt":"2024-12-09T13:35:54","slug":"zapytanie-ofertowe-dla-domu","status":"publish","type":"page","link":"https:\/\/beditom.pl\/cz\/kontakt\/zapytanie-ofertowe-dla-domu\/","title":{"rendered":"Dotaz na dom\u00e1cnost"},"content":{"rendered":"<section class=\"l-section wpb_row height_medium width_custom color_primary\" style=\"--site-content-width:1320px;\"><div class=\"l-section-h i-cf\"><div class=\"g-cols vc_row via_grid cols_1-4-1 laptops-cols_inherit tablets-cols_inherit mobiles-cols_1 valign_top type_default stacking_default\"><div class=\"wpb_column vc_column_container\"><div class=\"vc_column-inner\"><\/div><\/div><div class=\"wpb_column vc_column_container\"><div class=\"vc_column-inner\"><div class=\"w-html us_custom_9dfb85bd has_text_color\"><p>PRO DOMOV<\/p><\/div><div class=\"w-html us_custom_b011e678 has_text_color\"><h1 class=\"us_custom_b011e678\">Dotaz na dom\u00e1cnost<\/h1><\/div><\/div><\/div><div class=\"wpb_column vc_column_container\"><div class=\"vc_column-inner\"><\/div><\/div><\/div><\/div><\/section><section class=\"l-section wpb_row us_custom_e29345e3 height_medium width_custom\" style=\"--site-content-width:1320px;\"><div class=\"l-section-h i-cf\"><div class=\"g-cols vc_row via_grid cols_1 laptops-cols_inherit tablets-cols_inherit mobiles-cols_1 valign_top type_default stacking_default\"><div class=\"wpb_column vc_column_container\"><div class=\"vc_column-inner\"><nav class=\"g-breadcrumbs us_custom_fdcab3db separator_icon align_none hide_current\" itemscope itemtype=\"http:\/\/schema.org\/BreadcrumbList\"><div class=\"g-breadcrumbs-item\" itemscope itemprop=\"itemListElement\" itemtype=\"http:\/\/schema.org\/ListItem\"><a itemprop=\"item\" href=\"https:\/\/beditom.pl\/cz\/\"><span itemprop=\"name\">Dom\u016f<\/span><\/a><meta itemprop=\"position\" content=\"1\"\/><\/div><div class=\"g-breadcrumbs-separator\"><i class=\"far fa-angle-right\"><\/i><\/div><div class=\"g-breadcrumbs-item\">Str\u00e1nky<\/div><\/nav><\/div><\/div><\/div><\/div><\/section>\n<section class=\"l-section wpb_row height_medium width_custom\" style=\"--site-content-width:1320px;\"><div class=\"l-section-h i-cf\"><div class=\"g-cols vc_row via_grid cols_2 laptops-cols_inherit tablets-cols_inherit mobiles-cols_1 valign_top type_default stacking_default\"><div class=\"wpb_column vc_column_container\"><div class=\"vc_column-inner\"><form class=\"w-form  us-field-style_1 layout_ver show_message_after_sending for_cform us_form_1\" action=\"https:\/\/beditom.pl\/cz\/cz\/wp-json\/wp\/v2\/pages\/1858\" method=\"post\" enctype=\"multipart\/form-data\" data-trp-original-action=\"https:\/\/beditom.pl\/cz\/cz\/wp-json\/wp\/v2\/pages\/1858\"><div class=\"w-form-h\"><div class=\"w-form-row for_checkboxes has_label\">\r\n\t\t\t<div class=\"w-form-row-label\">\r\n\t\t\t<span>M\u00e1m z\u00e1jem o n\u00e1sleduj\u00edc\u00ed sortiment<\/span>\r\n\t\t<\/div>\r\n\t\t<div class=\"w-form-row-field\">\r\n\t\t\t\t\t<label>\r\n\t\t\t\t<input type=\"checkbox\" name=\"us_form_1_checkboxes_1[]\" value=\"Bramy gara\u017cowe segmentowe\"\/>\r\n\t\t\t\t<span>Sek\u010dn\u00ed gar\u00e1\u017eov\u00e1 vrata<\/span>\r\n\t\t\t<\/label>\r\n\t\t\t\t\t\t<label>\r\n\t\t\t\t<input type=\"checkbox\" name=\"us_form_1_checkboxes_1[]\" value=\"Bramy gara\u017cowe dwuskrzyd\u0142owe\"\/>\r\n\t\t\t\t<span>Dvojit\u00e1 gar\u00e1\u017eov\u00e1 vrata<\/span>\r\n\t\t\t<\/label>\r\n\t\t\t\t\t\t<label>\r\n\t\t\t\t<input type=\"checkbox\" name=\"us_form_1_checkboxes_1[]\" value=\"Automatyka do bram (gara\u017cowych, wjazdowych)\"\/>\r\n\t\t\t\t<span>Automatizace br\u00e1ny (gar\u00e1\u017e, vchod)<\/span>\r\n\t\t\t<\/label>\r\n\t\t\t\t\t\t<label>\r\n\t\t\t\t<input type=\"checkbox\" name=\"us_form_1_checkboxes_1[]\" value=\"Drzwi przygara\u017cowe\"\/>\r\n\t\t\t\t<span>Vstupn\u00ed dve\u0159e<\/span>\r\n\t\t\t<\/label>\r\n\t\t\t\t\t\t<label>\r\n\t\t\t\t<input type=\"checkbox\" name=\"us_form_1_checkboxes_1[]\" value=\"Drzwi zewn\u0119trzne\"\/>\r\n\t\t\t\t<span>Vn\u011bj\u0161\u00ed dve\u0159e<\/span>\r\n\t\t\t<\/label>\r\n\t\t\t\t\t\t<label>\r\n\t\t\t\t<input type=\"checkbox\" name=\"us_form_1_checkboxes_1[]\" value=\"Inne wyroby i us\u0142ugi\"\/>\r\n\t\t\t\t<span>Dal\u0161\u00ed produkty a slu\u017eby<\/span>\r\n\t\t\t<\/label>\r\n\t\t\t\t<\/div>\r\n\t\t<div class=\"w-form-row-state\">Zvolte pros\u00edm nejd\u0159\u00edve n\u011bjakou mo\u017enost.<\/div>\r\n<\/div>\r\n<div class=\"w-form-row for_text has_label required\">\r\n\t\t\t<div class=\"w-form-row-label\">\r\n\t\t\t<span>Jm\u00e9no *<\/span>\r\n\t\t<\/div>\r\n\t\t<div class=\"w-form-row-field\">\r\n\t\t\t\t\t\t<input aria-label=\"N\u00e1zev\" type=\"text\" name=\"us_form_1_text_1\" value placeholder data-required=\"true\" aria-required=\"true\"\/>\r\n\t\t\t<\/div>\r\n\t\t<div class=\"w-form-row-state\">Pros\u00edm, vypl\u0148te toto pole.<\/div>\r\n<\/div>\r\n<div class=\"w-form-row for_text has_label required\">\r\n\t\t\t<div class=\"w-form-row-label\">\r\n\t\t\t<span>Telefonn\u00ed \u010d\u00edslo *<\/span>\r\n\t\t<\/div>\r\n\t\t<div class=\"w-form-row-field\">\r\n\t\t\t\t\t\t<input aria-label=\"Telefonn\u00ed \u010d\u00edslo\" type=\"text\" name=\"us_form_1_text_2\" value placeholder data-required=\"true\" aria-required=\"true\"\/>\r\n\t\t\t<\/div>\r\n\t\t<div class=\"w-form-row-state\">Pros\u00edm, vypl\u0148te toto pole.<\/div>\r\n<\/div>\r\n<div class=\"w-form-row for_email has_label required\">\r\n\t\t\t<div class=\"w-form-row-label\">\r\n\t\t\t<span>E-mailov\u00e1 adresa *<\/span>\r\n\t\t<\/div>\r\n\t\t<div class=\"w-form-row-field\">\r\n\t\t\t\t\t\t<input aria-label=\"E-mailov\u00e1 adresa\" type=\"email\" name=\"us_form_1_email_1\" value placeholder data-required=\"true\" aria-required=\"true\"\/>\r\n\t\t\t<\/div>\r\n\t\t<div class=\"w-form-row-state\">Zadejte pros\u00edm platnou e-mailovou adresu.<\/div>\r\n<\/div>\r\n<div class=\"w-form-row for_select has_label required\">\r\n\t\t\t<div class=\"w-form-row-label\">\r\n\t\t\t<span>Provincie *<\/span>\r\n\t\t<\/div>\r\n\t\t<div class=\"w-form-row-field\">\r\n\t\t\t\t\t\t<select aria-label=\"Provincie\" data-required=\"true\" aria-required=\"true\" name=\"us_form_1_select_1\">\r\n\t\t\t<option value=\"pomorskie\">Pomeranian<\/option><option value=\"dolno\u015bl\u0105skie\">Doln\u00ed Slezsko<\/option><option value=\"kujawsko-pomorskie\">kujawsko-pomorskie<\/option><option value=\"lubelskie\">Lubelskie<\/option><option value=\"lubuskie\">Lubuskie<\/option><option value=\"\u0142\u00f3dzkie\">Lod\u017e<\/option><option value=\"ma\u0142opolskie\">Ma\u0142opolskie<\/option><option value=\"mazowieckie\">mazowieckie<\/option><option value=\"opolskie\">Opolskie<\/option><option value=\"podkarpackie\">Podkarpatsko<\/option><option value=\"podlaskie\">podlaskie<\/option><option value=\"\u015bl\u0105skie\">Slezsko<\/option><option value=\"\u015bwi\u0119tokrzyskie\">\u015awi\u0119tokrzyskie<\/option><option value=\"warmi\u0144sko-mazurskie\">Warminsko-Mazurskie<\/option><option value=\"wielkopolskie\">Wielkopolskie<\/option><option value=\"zachodniopomorskie\">zachodniopomorskie<\/option>\t\t<\/select>\r\n\t\t\t<\/div>\r\n\t\t<div class=\"w-form-row-state\">Zvolte pros\u00edm nejd\u0159\u00edve n\u011bjakou mo\u017enost.<\/div>\r\n<\/div>\r\n<div class=\"w-form-row for_text has_label required\">\r\n\t\t\t<div class=\"w-form-row-label\">\r\n\t\t\t<span>M\u011bsto *<\/span>\r\n\t\t<\/div>\r\n\t\t<div class=\"w-form-row-field\">\r\n\t\t\t\t\t\t<input aria-label=\"M\u011bsto\" type=\"text\" name=\"us_form_1_text_3\" value placeholder data-required=\"true\" aria-required=\"true\"\/>\r\n\t\t\t<\/div>\r\n\t\t<div class=\"w-form-row-state\">Pros\u00edm, vypl\u0148te toto pole.<\/div>\r\n<\/div>\r\n<div class=\"w-form-row for_textarea has_label\">\r\n\t\t\t<div class=\"w-form-row-label\">\r\n\t\t\t<span>Dal\u0161\u00ed informace (podrobnosti o popt\u00e1vce)<\/span>\r\n\t\t<\/div>\r\n\t\t<div class=\"w-form-row-field\">\r\n\t\t\t\t\t\t<textarea aria-label=\"Dal\u0161\u00ed informace (podrobnosti o popt\u00e1vce)\" name=\"us_form_1_textarea_1\" placeholder><\/textarea>\r\n\t\t\t<\/div>\r\n\t\t<div class=\"w-form-row-state\">Pros\u00edm, vypl\u0148te toto pole.<\/div>\r\n<\/div>\r\n<div class=\"w-form-row for_file has_label\">\r\n\t\t\t<div class=\"w-form-row-label\">\r\n\t\t\t<span>P\u0159\u00edlohy (technick\u00fd v\u00fdkres nebo fotografie objektu)<\/span>\r\n\t\t<\/div>\r\n\t\t<div class=\"w-form-row-field\">\r\n\t\t\t\t\t\t<input aria-label=\"P\u0159\u00edlohy (technick\u00fd v\u00fdkres nebo fotografie objektu)\" type=\"file\" name=\"us_form_1_file_1\" data-std=\"10MB\" data-max_size=\"10\"\/>\r\n\t\t\t<\/div>\r\n\t\t<div class=\"w-form-row-state\">Pros\u00edm, vypl\u0148te toto pole.<\/div>\r\n<\/div>\r\n<div class=\"w-form-row for_agreement required\">\r\n\t\t<div class=\"w-form-row-field\">\r\n\t\t\t\t<label>\r\n\t\t\t<input type=\"checkbox\" value=\"1\" data-required=\"true\" aria-required=\"true\" name=\"us_form_1_agreement_1\"\/>\r\n\t\t\t<span>Potvrzuji, \u017ee jsem si p\u0159e\u010detl\/a a souhlas\u00edm s <a href=\"https:\/\/beditom.pl\/cz\/regulamin-serwisu-internetowego\/\" target=\"_blank\">podm\u00ednky pou\u017e\u00edv\u00e1n\u00ed webov\u00fdch str\u00e1nek<\/a>.<\/span>\r\n\t\t<\/label>\r\n\t\t\t<\/div>\r\n\t\t<div class=\"w-form-row-state\">Chcete-li pokra\u010dovat, mus\u00edte souhlasit s podm\u00ednkami<\/div>\r\n<\/div>\r\n<div class=\"w-form-row for_agreement required\">\r\n\t\t<div class=\"w-form-row-field\">\r\n\t\t\t\t<label>\r\n\t\t\t<input type=\"checkbox\" value=\"1\" data-required=\"true\" aria-required=\"true\" name=\"us_form_1_agreement_2\"\/>\r\n\t\t\t<span>Potvrzuji, \u017ee jsem si p\u0159e\u010detl(a) a porozum\u011bl(a) <a href=\"https:\/\/beditom.pl\/cz\/polityka-prywatnosci\/\" target=\"_blank\">z\u00e1sady ochrany osobn\u00edch \u00fadaj\u016f<\/a> webov\u00e9 slu\u017eby. <br \/>Spr\u00e1vcem osobn\u00edch \u00fadaj\u016f shrom\u00e1\u017ed\u011bn\u00fdch prost\u0159ednictv\u00edm webov\u00fdch str\u00e1nek je spole\u010dnost Beditom sp. z o.o. se s\u00eddlem v Gdyni. \u00dadaje jsou nebo mohou b\u00fdt zpracov\u00e1v\u00e1ny pro \u00fa\u010dely a z d\u016fvod\u016f podrobn\u011b uveden\u00fdch v z\u00e1sad\u00e1ch ochrany osobn\u00edch \u00fadaj\u016f (nap\u0159. vyu\u017e\u00edv\u00e1n\u00ed elektronick\u00fdch slu\u017eeb, p\u0159\u00edm\u00fd marketing). Z\u00e1sady ochrany osobn\u00edch \u00fadaj\u016f obsahuj\u00ed \u00fapln\u00e9 informace o zpracov\u00e1n\u00ed \u00fadaj\u016f spr\u00e1vcem spolu s pr\u00e1vy subjektu \u00fadaj\u016f. Rychl\u00fd kontakt na spr\u00e1vce: rodo@beditom.pl, telefonn\u00ed \u010d\u00edslo: +48 58 667 37 10.<\/span>\r\n\t\t<\/label>\r\n\t\t\t<\/div>\r\n\t\t<div class=\"w-form-row-state\">Chcete-li pokra\u010dovat, mus\u00edte souhlasit s podm\u00ednkami<\/div>\r\n<\/div>\r\n<input type=\"hidden\" name=\"action\" value=\"us_ajax_cform\" \/>\r\n<input type=\"hidden\" name=\"post_id\" value=\"0\" \/>\r\n<input type=\"hidden\" name=\"form_index\" value=\"1\" \/>\r\n<div class=\"w-form-row for_submit align_none\"><button class=\"w-btn us-btn-style_4\" type=\"submit\" aria-label=\"Odeslat popt\u00e1vku\"><span class=\"g-preloader type_1\"><\/span><span class=\"w-btn-label\">Odeslat popt\u00e1vku<\/span><\/button><\/div><\/div><div class=\"w-form-message\"><\/div><div class=\"w-form-json hidden\" onclick='return {&quot;ajaxurl&quot;:&quot;https:\\\/\\\/beditom.pl\\\/wp\\\/wp-admin\\\/admin-ajax.php&quot;,&quot;messages&quot;:{&quot;err_empty&quot;:&quot;Pros\\u00edm, vypl\\u0148te toto pole.&quot;,&quot;err_size&quot;:&quot;Velikost souboru nesm\\u00ed p\\u0159ekro\\u010dit %s MB&quot;,&quot;err_extension&quot;:&quot;Form\\u00e1t %s nen\\u00ed povolen&quot;,&quot;err_recaptcha_keys&quot;:&quot;reCAPTCHA kl\\u00ed\\u010de nejsou spr\\u00e1vn\\u00e9&quot;}}'><\/div><input type=\"hidden\" name=\"trp-form-language\" value=\"cz\"\/><\/form><\/div><\/div><div class=\"wpb_column vc_column_container\"><div class=\"vc_column-inner\"><div class=\"w-image align_left\"><div class=\"w-image-h\"><img decoding=\"async\" width=\"1024\" height=\"690\" src=\"https:\/\/beditom.pl\/app\/uploads\/2024\/04\/1_g_22-1024x690.webp\" class=\"attachment-large size-large\" alt=\"Beditom bramy gara\u017cowe\" loading=\"lazy\" srcset=\"https:\/\/beditom.pl\/app\/uploads\/2024\/04\/1_g_22-1024x690.webp 1024w, https:\/\/beditom.pl\/app\/uploads\/2024\/04\/1_g_22-300x202.webp 300w, https:\/\/beditom.pl\/app\/uploads\/2024\/04\/1_g_22-50x34.webp 50w, https:\/\/beditom.pl\/app\/uploads\/2024\/04\/1_g_22-600x404.webp 600w, https:\/\/beditom.pl\/app\/uploads\/2024\/04\/1_g_22.webp 1908w\" sizes=\"auto, (max-width: 1024px) 100vw, 1024px\" title=\"Sek\u010dn\u00ed gar\u00e1\u017eov\u00e1 vrata Beditom\"><\/div><\/div><div class=\"w-separator size_medium\"><\/div><div class=\"w-image align_left\"><div class=\"w-image-h\"><img decoding=\"async\" width=\"744\" height=\"568\" src=\"https:\/\/beditom.pl\/app\/uploads\/2024\/03\/wspolpraca-02.png\" class=\"attachment-large size-large\" alt=\"Beditom bramy gara\u017cowe\" loading=\"lazy\" srcset=\"https:\/\/beditom.pl\/app\/uploads\/2024\/03\/wspolpraca-02.png 744w, https:\/\/beditom.pl\/app\/uploads\/2024\/03\/wspolpraca-02-300x229.png 300w, https:\/\/beditom.pl\/app\/uploads\/2024\/03\/wspolpraca-02-600x458.png 600w, https:\/\/beditom.pl\/app\/uploads\/2024\/03\/wspolpraca-02-50x38.png 50w\" sizes=\"auto, (max-width: 744px) 100vw, 744px\" title=\"Sek\u010dn\u00ed gar\u00e1\u017eov\u00e1 vrata Beditom\"><\/div><\/div><div class=\"w-separator size_medium\"><\/div><div class=\"w-image align_left\"><div class=\"w-image-h\"><img decoding=\"async\" width=\"1024\" height=\"690\" src=\"https:\/\/beditom.pl\/app\/uploads\/2024\/04\/1_g_15-1024x690.webp\" class=\"attachment-large size-large\" alt=\"Beditom bramy gara\u017cowe\" loading=\"lazy\" srcset=\"https:\/\/beditom.pl\/app\/uploads\/2024\/04\/1_g_15-1024x690.webp 1024w, https:\/\/beditom.pl\/app\/uploads\/2024\/04\/1_g_15-300x202.webp 300w, https:\/\/beditom.pl\/app\/uploads\/2024\/04\/1_g_15-50x34.webp 50w, https:\/\/beditom.pl\/app\/uploads\/2024\/04\/1_g_15-600x404.webp 600w, https:\/\/beditom.pl\/app\/uploads\/2024\/04\/1_g_15.webp 1908w\" sizes=\"auto, (max-width: 1024px) 100vw, 1024px\" title=\"Sek\u010dn\u00ed gar\u00e1\u017eov\u00e1 vrata Beditom\"><\/div><\/div><\/div><\/div><\/div><\/div><\/section>","protected":false},"excerpt":{"rendered":"DLA DOMUZapytanie ofertowe dla domuStrona g\u0142\u00f3wnaStr\u00e1nky Jestem zainteresowana\/y nast\u0119puj\u0105cym asortymentem Bramy gara\u017cowe segmentowe Bramy gara\u017cowe dwuskrzyd\u0142owe Automatyka do bram (gara\u017cowych, wjazdowych) Drzwi przygara\u017cowe Drzwi zewn\u0119trzne Inne wyroby i us\u0142ugi Zvolte pros\u00edm nejd\u0159\u00edve n\u011bjakou mo\u017enost. Imi\u0119 i nazwisko * Pros\u00edm, vypl\u0148te toto pole. Numer telefonu * Pros\u00edm, vypl\u0148te toto pole. Adres e-mail * Zadejte pros\u00edm platnou...","protected":false},"author":1,"featured_media":602,"parent":1879,"menu_order":0,"comment_status":"closed","ping_status":"closed","template":"","meta":{"_acf_changed":false,"footnotes":""},"class_list":["post-1858","page","type-page","status-publish","has-post-thumbnail","hentry"],"acf":[],"_links":{"self":[{"href":"https:\/\/beditom.pl\/cz\/wp-json\/wp\/v2\/pages\/1858","targetHints":{"allow":["GET"]}}],"collection":[{"href":"https:\/\/beditom.pl\/cz\/wp-json\/wp\/v2\/pages"}],"about":[{"href":"https:\/\/beditom.pl\/cz\/wp-json\/wp\/v2\/types\/page"}],"author":[{"embeddable":true,"href":"https:\/\/beditom.pl\/cz\/wp-json\/wp\/v2\/users\/1"}],"replies":[{"embeddable":true,"href":"https:\/\/beditom.pl\/cz\/wp-json\/wp\/v2\/comments?post=1858"}],"version-history":[{"count":37,"href":"https:\/\/beditom.pl\/cz\/wp-json\/wp\/v2\/pages\/1858\/revisions"}],"predecessor-version":[{"id":4560,"href":"https:\/\/beditom.pl\/cz\/wp-json\/wp\/v2\/pages\/1858\/revisions\/4560"}],"up":[{"embeddable":true,"href":"https:\/\/beditom.pl\/cz\/wp-json\/wp\/v2\/pages\/1879"}],"wp:featuredmedia":[{"embeddable":true,"href":"https:\/\/beditom.pl\/cz\/wp-json\/wp\/v2\/media\/602"}],"wp:attachment":[{"href":"https:\/\/beditom.pl\/cz\/wp-json\/wp\/v2\/media?parent=1858"}],"curies":[{"name":"wp","href":"https:\/\/api.w.org\/{rel}","templated":true}]}}