{"id":1015,"date":"2024-03-24T21:14:43","date_gmt":"2024-03-24T21:14:43","guid":{"rendered":"https:\/\/beditom.pl\/?page_id=1015"},"modified":"2024-04-15T17:56:12","modified_gmt":"2024-04-15T17:56:12","slug":"dexxo-optimo-rts","status":"publish","type":"page","link":"https:\/\/beditom.pl\/cz\/dla-domu\/automatyka-do-bram-garazowych\/somfy\/dexxo-optimo-rts\/","title":{"rendered":"Dexxo Optimo RTS"},"content":{"rendered":"<section class=\"l-section wpb_row height_medium width_custom color_primary\" style=\"--site-content-width:1320px;\"><div class=\"l-section-h i-cf\"><div class=\"g-cols vc_row via_grid cols_1-4-1 laptops-cols_inherit tablets-cols_inherit mobiles-cols_1 valign_top type_default stacking_default\"><div class=\"wpb_column vc_column_container\"><div class=\"vc_column-inner\"><\/div><\/div><div class=\"wpb_column vc_column_container\"><div class=\"vc_column-inner\"><div class=\"w-html us_custom_9dfb85bd has_text_color\"><p>PRO DOMOV<\/p><\/div><div class=\"w-html us_custom_b011e678 has_text_color\"><p>Somfy nap\u0119d do bram gara\u017cowych\n<\/p><\/div><\/div><\/div><div class=\"wpb_column vc_column_container\"><div class=\"vc_column-inner\"><\/div><\/div><\/div><\/div><\/section><section class=\"l-section wpb_row us_custom_e29345e3 height_medium width_custom\" style=\"--site-content-width:1320px;\"><div class=\"l-section-h i-cf\"><div class=\"g-cols vc_row via_grid cols_1 laptops-cols_inherit tablets-cols_inherit mobiles-cols_1 valign_top type_default stacking_default\"><div class=\"wpb_column vc_column_container\"><div class=\"vc_column-inner\"><nav class=\"g-breadcrumbs us_custom_fdcab3db separator_icon align_none hide_current\" itemscope itemtype=\"http:\/\/schema.org\/BreadcrumbList\"><div class=\"g-breadcrumbs-item\" itemscope itemprop=\"itemListElement\" itemtype=\"http:\/\/schema.org\/ListItem\"><a itemprop=\"item\" href=\"https:\/\/beditom.pl\/cz\/\"><span itemprop=\"name\">Dom\u016f<\/span><\/a><meta itemprop=\"position\" content=\"1\"\/><\/div><div class=\"g-breadcrumbs-separator\"><i class=\"far fa-angle-right\"><\/i><\/div><div class=\"g-breadcrumbs-item\">Str\u00e1nky<\/div><\/nav><\/div><\/div><\/div><\/div><\/section>\n<section class=\"l-section wpb_row height_medium width_custom\" style=\"--site-content-width:1320px;\"><div class=\"l-section-h i-cf\"><div class=\"g-cols vc_row via_grid cols_1 laptops-cols_inherit tablets-cols_inherit mobiles-cols_1 valign_bottom type_default stacking_default\"><div class=\"wpb_column vc_column_container\"><div class=\"vc_column-inner\"><div class=\"w-image align_none\"><div class=\"w-image-h\"><img decoding=\"async\" width=\"300\" height=\"98\" src=\"https:\/\/beditom.pl\/app\/uploads\/2024\/03\/logo_somfy-300x98.webp\" class=\"attachment-medium size-medium\" alt=\"Beditom bramy gara\u017cowe\" loading=\"lazy\" srcset=\"https:\/\/beditom.pl\/app\/uploads\/2024\/03\/logo_somfy-300x98.webp 300w, https:\/\/beditom.pl\/app\/uploads\/2024\/03\/logo_somfy.webp 399w\" sizes=\"auto, (max-width: 300px) 100vw, 300px\" title=\"Sek\u010dn\u00ed gar\u00e1\u017eov\u00e1 vrata Beditom\"><\/div><\/div><div class=\"w-html us_custom_9ebf969f\"><p>Nap\u0119d do bram gara\u017cowych Dexxo Optimo RTS\n<\/p><\/div><\/div><\/div><\/div><\/div><\/section><section class=\"l-section wpb_row height_medium width_custom\" style=\"--site-content-width:1320px;\"><div class=\"l-section-h i-cf\"><div class=\"g-cols vc_row via_grid cols_2 laptops-cols_inherit tablets-cols_inherit mobiles-cols_1 valign_top type_default stacking_default\"><div class=\"wpb_column vc_column_container\"><div class=\"vc_column-inner\"><div class=\"wpb_text_column us_custom_a574d586 has_text_color\"><div class=\"wpb_wrapper\"><p>Trwa\u0142y nap\u0119d do wykorzystania w wi\u0119kszo\u015bci instalacji<\/p>\n<\/div><\/div><div class=\"w-separator size_medium\"><\/div><div class=\"wpb_text_column\"><div class=\"wpb_wrapper\"><p><strong>Bardzo \u0142atwe programowanie<\/strong><\/p>\n<ul>\n<li>Nap\u0119d gotowy do pracy po mniej ni\u017c 90 sekundach<\/li>\n<li>Wszystkie parametry s\u0105 ju\u017c fabrycznie wst\u0119pnie zaprogramowane<\/li>\n<\/ul>\n<p><strong>Szeroki zakres dostosowania instalacji<\/strong><\/p>\n<ul>\n<li>Ustawiana czu\u0142o\u015b\u0107 wykrywania przeszkody<\/li>\n<li>Ustawiana pr\u0119dko\u015b\u0107 podczas domykania bramy<\/li>\n<li>Niezale\u017cnie sterowane wewn\u0119trzne \u017ar\u00f3d\u0142o \u015bwiat\u0142a<\/li>\n<li>Mo\u017cliwo\u015b\u0107 cz\u0119\u015bciowego otwierania bramy<\/li>\n<li>Mo\u017cliwo\u015b\u0107 do\u0142\u0105czenia wielu urz\u0105dze\u0144 zapewniaj\u0105cych bezpiecze\u0144stwo i wygod\u0119 pracy<\/li>\n<li>Mo\u017cliwo\u015b\u0107 zamontowania w nap\u0119dzie zasilania awaryjnego w postaci akumulatora<\/li>\n<\/ul>\n<p><strong>Elementy bezpiecze\u0144stwa do bramy gara\u017cowej<\/strong><\/p>\n<ul>\n<li>Zamek przeciww\u0142amaniowy<\/li>\n<\/ul>\n<p><strong>Solidno\u015b\u0107, kt\u00f3ra przetrwa up\u0142yw czasu<\/strong><\/p>\n<ul>\n<li>5 lat gwarancji<\/li>\n<li>Zdolno\u015b\u0107 do intensywnej pracy i wykonania do 36500 cykli<\/li>\n<\/ul>\n<p><strong>Kompatybilno\u015b\u0107 z uk\u0142adami zasilania energi\u0105 s\u0142oneczn\u0105, w przypadku instalacji w miejscach trudno dost\u0119pnych dla doprowadzenia przewod\u00f3w zasilaj\u0105cych<\/strong><\/p>\n<p><strong>Kompleksowy zakres dost\u0119pnych szyn nap\u0119dowych<\/strong><\/p>\n<ul>\n<li>\u0141a\u0144cuch i pasek<\/li>\n<\/ul>\n<\/div><\/div><\/div><\/div><div class=\"wpb_column vc_column_container\"><div class=\"vc_column-inner\"><div class=\"w-image align_none\"><div class=\"w-image-h\"><img decoding=\"async\" width=\"400\" height=\"243\" src=\"https:\/\/beditom.pl\/app\/uploads\/2024\/03\/DEXXO_OPTIMO_RTS.webp\" class=\"attachment-large size-large\" alt=\"Beditom bramy gara\u017cowe\" loading=\"lazy\" srcset=\"https:\/\/beditom.pl\/app\/uploads\/2024\/03\/DEXXO_OPTIMO_RTS.webp 400w, https:\/\/beditom.pl\/app\/uploads\/2024\/03\/DEXXO_OPTIMO_RTS-300x182.webp 300w\" sizes=\"auto, (max-width: 400px) 100vw, 400px\" title=\"Sek\u010dn\u00ed gar\u00e1\u017eov\u00e1 vrata Beditom\"><\/div><\/div><div class=\"wpb_text_column\"><div class=\"wpb_wrapper\"><table class=\"ipTableManagement table\">\n<tbody>\n<tr>\n<th>Specyfikacja techniczna<\/th>\n<th><\/th>\n<\/tr>\n<tr>\n<td>Zasilanie nap\u0119du<\/td>\n<td>230 V \u2013 50 Hz<\/td>\n<\/tr>\n<tr>\n<td>Zasilanie silnika<\/td>\n<td>\u00a024 V DC<\/td>\n<\/tr>\n<tr>\n<td>Maks. moc \u2013 praca<\/td>\n<td>120 W<\/td>\n<\/tr>\n<tr>\n<td>Maks. moc \u2013 tryb czuwania<\/td>\n<td>\u00a04 W<\/td>\n<\/tr>\n<tr>\n<td>Si\u0142a poci\u0105gowa \u2013 moc szczytowa<\/td>\n<td>\u00a0800 N<\/td>\n<\/tr>\n<tr>\n<td>Zintegrowane o\u015bwietlenie<\/td>\n<td>\u00a024 V \/ 21 W (\u017car\u00f3wka w zestawie) \u2013 BA15s socket<\/td>\n<\/tr>\n<tr>\n<td>Maks. pr\u0119dko\u015b\u0107<\/td>\n<td>14 cm\/s<\/td>\n<\/tr>\n<tr>\n<td>Temperatura pracy<\/td>\n<td>\u00a0od -20\u00b0C do +60\u00b0C<\/td>\n<\/tr>\n<tr>\n<td>Cz\u0119stotliwo\u015b\u0107 radiowa\u00a0Somfy<\/td>\n<td>RTS 433.42 MHz<\/td>\n<\/tr>\n<tr>\n<td>Ilo\u015b\u0107 kana\u0142\u00f3w jakie mog\u0105 by\u0107 zapami\u0119tane<\/td>\n<td>\u00a032<\/td>\n<\/tr>\n<tr>\n<td>Wielko\u015b\u0107 bramy<\/td>\n<td>do 10 m2<\/td>\n<\/tr>\n<\/tbody>\n<\/table>\n<\/div><\/div><\/div><\/div><\/div><\/div><\/section>","protected":false},"excerpt":{"rendered":"DLA DOMUSomfy nap\u0119d do bram gara\u017cowych Strona g\u0142\u00f3wnaStr\u00e1nky Nap\u0119d do bram gara\u017cowych Dexxo Optimo RTS Trwa\u0142y nap\u0119d do wykorzystania w wi\u0119kszo\u015bci instalacji Bardzo \u0142atwe programowanie Nap\u0119d gotowy do pracy po mniej ni\u017c 90 sekundach Wszystkie parametry s\u0105 ju\u017c fabrycznie wst\u0119pnie zaprogramowane Szeroki zakres dostosowania instalacji Ustawiana czu\u0142o\u015b\u0107 wykrywania przeszkody Ustawiana pr\u0119dko\u015b\u0107 podczas domykania bramy Niezale\u017cnie...","protected":false},"author":1,"featured_media":1013,"parent":914,"menu_order":0,"comment_status":"closed","ping_status":"closed","template":"","meta":{"_acf_changed":false,"footnotes":""},"class_list":["post-1015","page","type-page","status-publish","has-post-thumbnail","hentry"],"acf":[],"_links":{"self":[{"href":"https:\/\/beditom.pl\/cz\/wp-json\/wp\/v2\/pages\/1015","targetHints":{"allow":["GET"]}}],"collection":[{"href":"https:\/\/beditom.pl\/cz\/wp-json\/wp\/v2\/pages"}],"about":[{"href":"https:\/\/beditom.pl\/cz\/wp-json\/wp\/v2\/types\/page"}],"author":[{"embeddable":true,"href":"https:\/\/beditom.pl\/cz\/wp-json\/wp\/v2\/users\/1"}],"replies":[{"embeddable":true,"href":"https:\/\/beditom.pl\/cz\/wp-json\/wp\/v2\/comments?post=1015"}],"version-history":[{"count":5,"href":"https:\/\/beditom.pl\/cz\/wp-json\/wp\/v2\/pages\/1015\/revisions"}],"predecessor-version":[{"id":2149,"href":"https:\/\/beditom.pl\/cz\/wp-json\/wp\/v2\/pages\/1015\/revisions\/2149"}],"up":[{"embeddable":true,"href":"https:\/\/beditom.pl\/cz\/wp-json\/wp\/v2\/pages\/914"}],"wp:featuredmedia":[{"embeddable":true,"href":"https:\/\/beditom.pl\/cz\/wp-json\/wp\/v2\/media\/1013"}],"wp:attachment":[{"href":"https:\/\/beditom.pl\/cz\/wp-json\/wp\/v2\/media?parent=1015"}],"curies":[{"name":"wp","href":"https:\/\/api.w.org\/{rel}","templated":true}]}}